{"id":1467,"date":"2020-12-25T14:56:53","date_gmt":"2020-12-25T11:56:53","guid":{"rendered":"https:\/\/www.tratekyapi.com\/about-us\/"},"modified":"2023-08-02T16:11:30","modified_gmt":"2023-08-02T13:11:30","slug":"about-us","status":"publish","type":"page","link":"https:\/\/www.tratekyapi.com\/en\/about-us\/","title":{"rendered":"About Us"},"content":{"rendered":"<section class=\"wpb-content-wrapper\"><div class=\"vc_row wpb_row top-row porto-inner-container\"><div class=\"porto-wrap-container container\"><div class=\"row align-items-center\"><div class=\"pb-sm-4 pb-lg-0 mb-5 mb-lg-0 vc_column_container col-md-12 col-lg-6\"><div class=\"wpb_wrapper vc_column-inner\"><h2  data-appear-animation=\"fadeInUp\" class=\"vc_custom_heading mb-0 align-left\">About Us<\/h2><div class=\"porto-separator   custom-separator customLineProgressAnim my-3\"><hr class=\"separator-line  wpb_animate_when_almost_visible wpb_left-to-right left-to-right align_left solid\" style=\"background-color:#1c5fa8;height:4px;\"><\/div><p  data-appear-animation=\"fadeInUp\" data-appear-animation-delay=\"700\" class=\"vc_custom_heading pb-1 mb-4 align-left\">Tratek Yap\u0131 Tic.Ltd.\u015eti started its business life as Sika dealer in 2005. Since the day it was founded, it has been the leading company in the region in the Construction Chemical and Insulation sector with 16 years of experience and knowledge and has gained a significant place in the country. Our company, which is based in Trabzon, continues to serve in every region of Turkey.\n<p>Our company continues to serve with Sika Dealer status in Floor Coatings, Waterproofing, Polyurethane Injection Applications, Polyurethane Waterproofing and Parking Lot Coating Systems and Repair and Reinforcement. As Tratek Yap\u0131, it has worked solution-oriented in our projects and maintains its corporate structure in the insulation sector with the understanding of continuous innovative management system in order to provide quality reliable service in accordance with world standards in full and timely manner to meet the demands and expectations of our customers.<\/p><\/p><\/div><\/div><div class=\"pl-lg-5 pr-5 custom-auto-img vc_column_container col-md-9 col-lg-6 col-10\" data-appear-animation=\"fadeInLeft\" data-appear-animation-delay=\"1450\"><div class=\"wpb_wrapper vc_column-inner\">\n\t<div class=\"wpb_single_image wpb_content_element vc_align_left   mb-0\" data-plugin-float-element data-plugin-options=\"{&quot;startPos&quot;:&quot;top&quot;,&quot;speed&quot;:&quot;9.8&quot;,&quot;transition&quot;:true,&quot;horizontal&quot;:false,&quot;transitionDuration&quot;:1000}\">\n\t\t<div class=\"wpb_wrapper\">\n\t\t\t\n\t\t\t<div class=\"vc_single_image-wrapper   vc_box_border_grey\"><img loading=\"lazy\" decoding=\"async\" width=\"1140\" height=\"1575\" src=\"https:\/\/www.tratekyapi.com\/wp-content\/uploads\/2021\/07\/Tratek-Yapi-Uygulamalar-8-kopya.jpg\" class=\"vc_single_image-img attachment-full\" alt=\"\" title=\"PowerPoint Sunusu\" srcset=\"https:\/\/www.tratekyapi.com\/wp-content\/uploads\/2021\/07\/Tratek-Yapi-Uygulamalar-8-kopya.jpg 1140w, https:\/\/www.tratekyapi.com\/wp-content\/uploads\/2021\/07\/Tratek-Yapi-Uygulamalar-8-kopya-741x1024.jpg 741w, https:\/\/www.tratekyapi.com\/wp-content\/uploads\/2021\/07\/Tratek-Yapi-Uygulamalar-8-kopya-768x1061.jpg 768w, https:\/\/www.tratekyapi.com\/wp-content\/uploads\/2021\/07\/Tratek-Yapi-Uygulamalar-8-kopya-1112x1536.jpg 1112w, https:\/\/www.tratekyapi.com\/wp-content\/uploads\/2021\/07\/Tratek-Yapi-Uygulamalar-8-kopya-640x884.jpg 640w, https:\/\/www.tratekyapi.com\/wp-content\/uploads\/2021\/07\/Tratek-Yapi-Uygulamalar-8-kopya-400x553.jpg 400w, https:\/\/www.tratekyapi.com\/wp-content\/uploads\/2021\/07\/Tratek-Yapi-Uygulamalar-8-kopya-367x507.jpg 367w\" sizes=\"auto, (max-width: 1140px) 100vw, 1140px\" \/><\/div>\n\t\t<\/div>\n\t<\/div>\n<\/div><\/div><\/div><\/div><\/div><div class=\"vc_row wpb_row top-row mt-5 pt-4 m-b-lg porto-inner-container\"><div class=\"porto-wrap-container container\"><div class=\"row align-items-center\"><div class=\"pb-sm-4 pb-lg-0 mb-5 mb-lg-0 vc_column_container col-md-12 col-lg-6\"><div class=\"wpb_wrapper vc_column-inner\"><h2  data-appear-animation=\"fadeInUp\" class=\"vc_custom_heading mb-0 align-left\">Mission<\/h2><div class=\"porto-separator   custom-separator customLineProgressAnim my-3\"><hr class=\"separator-line  wpb_animate_when_almost_visible wpb_left-to-right left-to-right align_left solid\" style=\"background-color:#1c5fa8;height:4px;\"><\/div><p  data-appear-animation=\"fadeInUp\" data-appear-animation-delay=\"700\" class=\"vc_custom_heading pb-1 mb-4 align-left\">As a follower of the innovations in our sector, our biggest goal is to offer the newest products to our customers as soon as possible without compromising our quality and to create customer satisfaction.<\/p><\/div><\/div><div class=\"pl-lg-5 pr-5 custom-auto-img vc_column_container col-md-9 col-lg-6 col-10\" data-appear-animation=\"fadeInLeft\" data-appear-animation-delay=\"1450\"><div class=\"wpb_wrapper vc_column-inner\"><h2  data-appear-animation=\"fadeInUp\" class=\"vc_custom_heading mb-0 align-left\">Vision<\/h2><div class=\"porto-separator   custom-separator customLineProgressAnim my-3\"><hr class=\"separator-line  wpb_animate_when_almost_visible wpb_left-to-right left-to-right align_left solid\" style=\"background-color:#1c5fa8;height:4px;\"><\/div><p  data-appear-animation=\"fadeInUp\" data-appear-animation-delay=\"700\" class=\"vc_custom_heading pb-1 mb-4 align-left\">To remain a sought-after brand in our sector within the framework of our own truths, without giving up the principles of reliability and quality, based on customer satisfaction and needs, and to strengthen our place in the international market as a company that grows in stability with our innovative spirit and to ensure that it is permanent in the long term.<\/p><\/div><\/div><\/div><\/div><\/div><div class=\"vc_row wpb_row top-row custom-lightbox vc_custom_1640788298454 porto-inner-container\"><div class=\"porto-wrap-container container\"><div class=\"row vc_column-gap-20\"><div class=\"vc_column_container col-md-4\"><div class=\"wpb_wrapper vc_column-inner\">\n\t<div class=\"wpb_single_image wpb_content_element vc_align_left   mb-0\">\n\t\t<div class=\"wpb_wrapper\">\n\t\t\t\n\t\t\t<a class=\"porto-vc-zoom porto-vc-zoom-hover-icon\" data-gallery=\"true\" data-title=\"\" href=\"https:\/\/www.tratekyapi.com\/wp-content\/uploads\/2021\/07\/hakki1-1024x773.jpg\" target=\"_self\"><div class=\"vc_single_image-wrapper   vc_box_border_grey\"><img loading=\"lazy\" decoding=\"async\" width=\"1050\" height=\"793\" src=\"https:\/\/www.tratekyapi.com\/wp-content\/uploads\/2021\/07\/hakki1.jpg\" class=\"vc_single_image-img attachment-full\" alt=\"\" title=\"PowerPoint Sunusu\" srcset=\"https:\/\/www.tratekyapi.com\/wp-content\/uploads\/2021\/07\/hakki1.jpg 1050w, https:\/\/www.tratekyapi.com\/wp-content\/uploads\/2021\/07\/hakki1-1024x773.jpg 1024w, https:\/\/www.tratekyapi.com\/wp-content\/uploads\/2021\/07\/hakki1-768x580.jpg 768w, https:\/\/www.tratekyapi.com\/wp-content\/uploads\/2021\/07\/hakki1-640x483.jpg 640w, https:\/\/www.tratekyapi.com\/wp-content\/uploads\/2021\/07\/hakki1-400x302.jpg 400w, https:\/\/www.tratekyapi.com\/wp-content\/uploads\/2021\/07\/hakki1-367x277.jpg 367w\" sizes=\"auto, (max-width: 1050px) 100vw, 1050px\" \/><\/div><\/a>\n\t\t<\/div>\n\t<\/div>\n<\/div><\/div><div class=\"vc_column_container col-md-4\"><div class=\"wpb_wrapper vc_column-inner\">\n\t<div class=\"wpb_single_image wpb_content_element vc_align_left   mb-0\">\n\t\t<div class=\"wpb_wrapper\">\n\t\t\t\n\t\t\t<a class=\"porto-vc-zoom porto-vc-zoom-hover-icon\" data-gallery=\"true\" data-title=\"\" href=\"https:\/\/www.tratekyapi.com\/wp-content\/uploads\/2021\/07\/hakki3-1024x769.jpg\" target=\"_self\"><div class=\"vc_single_image-wrapper   vc_box_border_grey\"><img loading=\"lazy\" decoding=\"async\" width=\"1044\" height=\"784\" src=\"https:\/\/www.tratekyapi.com\/wp-content\/uploads\/2021\/07\/hakki3.jpg\" class=\"vc_single_image-img attachment-full\" alt=\"\" title=\"PowerPoint Sunusu\" srcset=\"https:\/\/www.tratekyapi.com\/wp-content\/uploads\/2021\/07\/hakki3.jpg 1044w, https:\/\/www.tratekyapi.com\/wp-content\/uploads\/2021\/07\/hakki3-1024x769.jpg 1024w, https:\/\/www.tratekyapi.com\/wp-content\/uploads\/2021\/07\/hakki3-768x577.jpg 768w, https:\/\/www.tratekyapi.com\/wp-content\/uploads\/2021\/07\/hakki3-463x348.jpg 463w, https:\/\/www.tratekyapi.com\/wp-content\/uploads\/2021\/07\/hakki3-640x480.jpg 640w, https:\/\/www.tratekyapi.com\/wp-content\/uploads\/2021\/07\/hakki3-400x300.jpg 400w, https:\/\/www.tratekyapi.com\/wp-content\/uploads\/2021\/07\/hakki3-367x276.jpg 367w\" sizes=\"auto, (max-width: 1044px) 100vw, 1044px\" \/><\/div><\/a>\n\t\t<\/div>\n\t<\/div>\n<\/div><\/div><div class=\"vc_column_container col-md-4\"><div class=\"wpb_wrapper vc_column-inner\">\n\t<div class=\"wpb_single_image wpb_content_element vc_align_left   mb-0\">\n\t\t<div class=\"wpb_wrapper\">\n\t\t\t\n\t\t\t<a class=\"porto-vc-zoom porto-vc-zoom-hover-icon\" data-gallery=\"true\" data-title=\"\" href=\"https:\/\/www.tratekyapi.com\/wp-content\/uploads\/2021\/07\/hakki2-1024x769.jpg\" target=\"_self\"><div class=\"vc_single_image-wrapper   vc_box_border_grey\"><img loading=\"lazy\" decoding=\"async\" width=\"1044\" height=\"784\" src=\"https:\/\/www.tratekyapi.com\/wp-content\/uploads\/2021\/07\/hakki2.jpg\" class=\"vc_single_image-img attachment-full\" alt=\"\" title=\"PowerPoint Sunusu\" srcset=\"https:\/\/www.tratekyapi.com\/wp-content\/uploads\/2021\/07\/hakki2.jpg 1044w, https:\/\/www.tratekyapi.com\/wp-content\/uploads\/2021\/07\/hakki2-1024x769.jpg 1024w, https:\/\/www.tratekyapi.com\/wp-content\/uploads\/2021\/07\/hakki2-768x577.jpg 768w, https:\/\/www.tratekyapi.com\/wp-content\/uploads\/2021\/07\/hakki2-463x348.jpg 463w, https:\/\/www.tratekyapi.com\/wp-content\/uploads\/2021\/07\/hakki2-640x480.jpg 640w, https:\/\/www.tratekyapi.com\/wp-content\/uploads\/2021\/07\/hakki2-400x300.jpg 400w, https:\/\/www.tratekyapi.com\/wp-content\/uploads\/2021\/07\/hakki2-367x276.jpg 367w\" sizes=\"auto, (max-width: 1044px) 100vw, 1044px\" \/><\/div><\/a>\n\t\t<\/div>\n\t<\/div>\n<\/div><\/div><\/div><\/div><\/div>\n<\/section>","protected":false},"excerpt":{"rendered":"About UsTratek Yap\u0131 Tic.Ltd.\u015eti started its business life as Sika dealer in 2005. Since the day it was founded, it has been the leading company in the region in the Construction Chemical and Insulation sector with 16 years of experience and knowledge and has gained a significant place in the country. Our company, which is [...]","protected":false},"author":1,"featured_media":0,"parent":0,"menu_order":0,"comment_status":"closed","ping_status":"closed","template":"","meta":{"footnotes":""},"class_list":["post-1467","page","type-page","status-publish","hentry"],"yoast_head":"<!-- This site is optimized with the Yoast SEO plugin v24.7 - https:\/\/yoast.com\/wordpress\/plugins\/seo\/ -->\n<title>About Us | Tratek Yap\u0131 M\u00fchendislik<\/title>\n<meta name=\"robots\" content=\"index, follow, max-snippet:-1, max-image-preview:large, max-video-preview:-1\" \/>\n<link rel=\"canonical\" href=\"https:\/\/www.tratekyapi.com\/hakkimizda\/\" \/>\n<meta property=\"og:locale\" content=\"en_US\" \/>\n<meta property=\"og:type\" content=\"article\" \/>\n<meta property=\"og:title\" content=\"About Us | Tratek Yap\u0131 M\u00fchendislik\" \/>\n<meta property=\"og:url\" content=\"https:\/\/www.tratekyapi.com\/hakkimizda\/\" \/>\n<meta property=\"og:site_name\" content=\"Tratek Yap\u0131 M\u00fchendislik\" \/>\n<meta property=\"article:modified_time\" content=\"2023-08-02T13:11:30+00:00\" \/>\n<meta name=\"twitter:card\" content=\"summary_large_image\" \/>\n<meta name=\"twitter:label1\" content=\"Est. reading time\" \/>\n\t<meta name=\"twitter:data1\" content=\"3 minutes\" \/>\n<script type=\"application\/ld+json\" class=\"yoast-schema-graph\">{\"@context\":\"https:\/\/schema.org\",\"@graph\":[{\"@type\":\"WebPage\",\"@id\":\"https:\/\/www.tratekyapi.com\/hakkimizda\/\",\"url\":\"https:\/\/www.tratekyapi.com\/hakkimizda\/\",\"name\":\"About Us | Tratek Yap\u0131 M\u00fchendislik\",\"isPartOf\":{\"@id\":\"https:\/\/www.tratekyapi.com\/#website\"},\"datePublished\":\"2020-12-25T11:56:53+00:00\",\"dateModified\":\"2023-08-02T13:11:30+00:00\",\"breadcrumb\":{\"@id\":\"https:\/\/www.tratekyapi.com\/hakkimizda\/#breadcrumb\"},\"inLanguage\":\"en-US\",\"potentialAction\":[{\"@type\":\"ReadAction\",\"target\":[\"https:\/\/www.tratekyapi.com\/hakkimizda\/\"]}]},{\"@type\":\"BreadcrumbList\",\"@id\":\"https:\/\/www.tratekyapi.com\/hakkimizda\/#breadcrumb\",\"itemListElement\":[{\"@type\":\"ListItem\",\"position\":1,\"name\":\"Anasayfa\",\"item\":\"https:\/\/www.tratekyapi.com\/\"},{\"@type\":\"ListItem\",\"position\":2,\"name\":\"About Us\"}]},{\"@type\":\"WebSite\",\"@id\":\"https:\/\/www.tratekyapi.com\/#website\",\"url\":\"https:\/\/www.tratekyapi.com\/\",\"name\":\"Tratek Yap\u0131 M\u00fchendislik\",\"description\":\"Trabzon Tratek Yap M\u00fchendislik\",\"publisher\":{\"@id\":\"https:\/\/www.tratekyapi.com\/#organization\"},\"potentialAction\":[{\"@type\":\"SearchAction\",\"target\":{\"@type\":\"EntryPoint\",\"urlTemplate\":\"https:\/\/www.tratekyapi.com\/?s={search_term_string}\"},\"query-input\":{\"@type\":\"PropertyValueSpecification\",\"valueRequired\":true,\"valueName\":\"search_term_string\"}}],\"inLanguage\":\"en-US\"},{\"@type\":\"Organization\",\"@id\":\"https:\/\/www.tratekyapi.com\/#organization\",\"name\":\"Tratek Yap\u0131\",\"url\":\"https:\/\/www.tratekyapi.com\/\",\"logo\":{\"@type\":\"ImageObject\",\"inLanguage\":\"en-US\",\"@id\":\"https:\/\/www.tratekyapi.com\/#\/schema\/logo\/image\/\",\"url\":\"https:\/\/www.tratekyapi.com\/wp-content\/uploads\/2021\/07\/tratek_logo.png\",\"contentUrl\":\"https:\/\/www.tratekyapi.com\/wp-content\/uploads\/2021\/07\/tratek_logo.png\",\"width\":500,\"height\":240,\"caption\":\"Tratek Yap\u0131\"},\"image\":{\"@id\":\"https:\/\/www.tratekyapi.com\/#\/schema\/logo\/image\/\"}}]}<\/script>\n<!-- \/ Yoast SEO plugin. -->","yoast_head_json":{"title":"About Us | Tratek Yap\u0131 M\u00fchendislik","robots":{"index":"index","follow":"follow","max-snippet":"max-snippet:-1","max-image-preview":"max-image-preview:large","max-video-preview":"max-video-preview:-1"},"canonical":"https:\/\/www.tratekyapi.com\/hakkimizda\/","og_locale":"en_US","og_type":"article","og_title":"About Us | Tratek Yap\u0131 M\u00fchendislik","og_url":"https:\/\/www.tratekyapi.com\/hakkimizda\/","og_site_name":"Tratek Yap\u0131 M\u00fchendislik","article_modified_time":"2023-08-02T13:11:30+00:00","twitter_card":"summary_large_image","twitter_misc":{"Est. reading time":"3 minutes"},"schema":{"@context":"https:\/\/schema.org","@graph":[{"@type":"WebPage","@id":"https:\/\/www.tratekyapi.com\/hakkimizda\/","url":"https:\/\/www.tratekyapi.com\/hakkimizda\/","name":"About Us | Tratek Yap\u0131 M\u00fchendislik","isPartOf":{"@id":"https:\/\/www.tratekyapi.com\/#website"},"datePublished":"2020-12-25T11:56:53+00:00","dateModified":"2023-08-02T13:11:30+00:00","breadcrumb":{"@id":"https:\/\/www.tratekyapi.com\/hakkimizda\/#breadcrumb"},"inLanguage":"en-US","potentialAction":[{"@type":"ReadAction","target":["https:\/\/www.tratekyapi.com\/hakkimizda\/"]}]},{"@type":"BreadcrumbList","@id":"https:\/\/www.tratekyapi.com\/hakkimizda\/#breadcrumb","itemListElement":[{"@type":"ListItem","position":1,"name":"Anasayfa","item":"https:\/\/www.tratekyapi.com\/"},{"@type":"ListItem","position":2,"name":"About Us"}]},{"@type":"WebSite","@id":"https:\/\/www.tratekyapi.com\/#website","url":"https:\/\/www.tratekyapi.com\/","name":"Tratek Yap\u0131 M\u00fchendislik","description":"Trabzon Tratek Yap M\u00fchendislik","publisher":{"@id":"https:\/\/www.tratekyapi.com\/#organization"},"potentialAction":[{"@type":"SearchAction","target":{"@type":"EntryPoint","urlTemplate":"https:\/\/www.tratekyapi.com\/?s={search_term_string}"},"query-input":{"@type":"PropertyValueSpecification","valueRequired":true,"valueName":"search_term_string"}}],"inLanguage":"en-US"},{"@type":"Organization","@id":"https:\/\/www.tratekyapi.com\/#organization","name":"Tratek Yap\u0131","url":"https:\/\/www.tratekyapi.com\/","logo":{"@type":"ImageObject","inLanguage":"en-US","@id":"https:\/\/www.tratekyapi.com\/#\/schema\/logo\/image\/","url":"https:\/\/www.tratekyapi.com\/wp-content\/uploads\/2021\/07\/tratek_logo.png","contentUrl":"https:\/\/www.tratekyapi.com\/wp-content\/uploads\/2021\/07\/tratek_logo.png","width":500,"height":240,"caption":"Tratek Yap\u0131"},"image":{"@id":"https:\/\/www.tratekyapi.com\/#\/schema\/logo\/image\/"}}]}},"_links":{"self":[{"href":"https:\/\/www.tratekyapi.com\/en\/wp-json\/wp\/v2\/pages\/1467","targetHints":{"allow":["GET"]}}],"collection":[{"href":"https:\/\/www.tratekyapi.com\/en\/wp-json\/wp\/v2\/pages"}],"about":[{"href":"https:\/\/www.tratekyapi.com\/en\/wp-json\/wp\/v2\/types\/page"}],"author":[{"embeddable":true,"href":"https:\/\/www.tratekyapi.com\/en\/wp-json\/wp\/v2\/users\/1"}],"replies":[{"embeddable":true,"href":"https:\/\/www.tratekyapi.com\/en\/wp-json\/wp\/v2\/comments?post=1467"}],"version-history":[{"count":2,"href":"https:\/\/www.tratekyapi.com\/en\/wp-json\/wp\/v2\/pages\/1467\/revisions"}],"predecessor-version":[{"id":1469,"href":"https:\/\/www.tratekyapi.com\/en\/wp-json\/wp\/v2\/pages\/1467\/revisions\/1469"}],"wp:attachment":[{"href":"https:\/\/www.tratekyapi.com\/en\/wp-json\/wp\/v2\/media?parent=1467"}],"curies":[{"name":"wp","href":"https:\/\/api.w.org\/{rel}","templated":true}]}}