{"id":1470,"date":"2020-12-25T15:00:25","date_gmt":"2020-12-25T12:00:25","guid":{"rendered":"https:\/\/www.tratekyapi.com\/contact\/"},"modified":"2023-08-02T22:32:49","modified_gmt":"2023-08-02T19:32:49","slug":"contact","status":"publish","type":"page","link":"https:\/\/www.tratekyapi.com\/en\/contact\/","title":{"rendered":"Contact"},"content":{"rendered":"<section class=\"wpb-content-wrapper\"><div class=\"vc_row wpb_row row top-row\"><div class=\"vc_column_container col-md-4\"><div class=\"wpb_wrapper vc_column-inner\"><\/div><\/div><div class=\"vc_column_container col-md-4\"><div class=\"wpb_wrapper vc_column-inner\"><div class=\"porto-u-heading custom-direction-padding  wpb_custom_95aa9a11c17ad45cfabaf210d84ee7cc\" data-hspacer=\"no_spacer\" data-halign=\"left\" style=\"text-align:left\"><div class=\"porto-u-sub-heading\" style=\"font-weight:700;font-size:15.4px;line-height:26px;\"><strong>ADRES:<\/strong><\/div><\/div><h2 style=\"font-size: 23.1px;line-height: 1.3;letter-spacing:-.05em\" class=\"vc_custom_heading mb-0 align-left\">Kar\u015f\u0131yaka Mah. Yavuz Selim Bulvar\u0131 No:515\/A Ortahisar\/ Trabzon<\/h2><a class=\"porto-sicon-box-link\" href=\"mailto:porto@domain.com\"><div class=\"porto-sicon-box custom-phone pt-3 mb-2  wpb_custom_1efe903570d178ff0a9b7bfa5febd3a4 style_1 default-icon\"><div class=\"porto-sicon-default\"><div class=\"porto-just-icon-wrapper porto-icon none\" style=\"color:#212529;font-size:16.8px;margin-right:8px;\"><i class=\"Simple-Line-Icons-envelope\"><\/i><\/div><\/div><div class=\"porto-sicon-header\"><p style=\"font-weight:700;font-size:16.8px;line-height:24px;color:#212529;\">Email: info@tratekyapi.com<\/p><\/div> <!-- header --><\/div><!-- porto-sicon-box --><\/a><a class=\"porto-sicon-box-link\" href=\"tel:1234567890\"><div class=\"porto-sicon-box  vc_custom_1627506977577 custom-phone  wpb_custom_1efe903570d178ff0a9b7bfa5febd3a4 style_1 default-icon\"><div class=\"porto-sicon-default\"><div class=\"porto-just-icon-wrapper porto-icon none\" style=\"color:#212529;font-size:16.8px;margin-right:8px;\"><i class=\"Simple-Line-Icons-phone\"><\/i><\/div><\/div><div class=\"porto-sicon-header\"><p style=\"font-weight:700;font-size:16.8px;line-height:24px;color:#212529;\">Telefon: +90 462 999 19 91<\/p><\/div> <!-- header --><\/div><!-- porto-sicon-box --><\/a><\/div><\/div><div class=\"vc_column_container col-md-4\"><div class=\"wpb_wrapper vc_column-inner\"><\/div><\/div><\/div><div data-vc-full-width=\"true\" data-vc-full-width-init=\"false\" data-vc-stretch-content=\"true\" class=\"vc_row wpb_row row top-row no-padding\"><div class=\"vc_column_container col-md-12\"><div class=\"wpb_wrapper vc_column-inner\">\n\t<div class=\"wpb_raw_code wpb_content_element wpb_raw_html\" >\n\t\t<div class=\"wpb_wrapper\">\n\t\t\t<iframe src=\"https:\/\/www.google.com\/maps\/embed?pb=!1m14!1m8!1m3!1d12045.249025864847!2d39.6801869!3d40.9965382!3m2!1i1024!2i768!4f13.1!3m3!1m2!1s0x0:0x3454504d7c081eea!2zVFJBVEVLIFlBUEkgTcOcSEVORMSwU0zEsEs!5e0!3m2!1str!2str!4v1627506788937!5m2!1str!2str\" width=\"1980\" height=\"700\" style=\"border:0;\" allowfullscreen=\"\" loading=\"lazy\"><\/iframe>\n\t\t<\/div>\n\t<\/div>\n<\/div><\/div><\/div><div class=\"vc_row-full-width vc_clearfix\"><\/div>\n<\/section>","protected":false},"excerpt":{"rendered":"ADRES:Kar\u015f\u0131yaka Mah. Yavuz Selim Bulvar\u0131 No:515\/A Ortahisar\/ TrabzonEmail: info@tratekyapi.com Telefon: +90 462 999 19 91","protected":false},"author":1,"featured_media":0,"parent":0,"menu_order":0,"comment_status":"closed","ping_status":"closed","template":"","meta":{"footnotes":""},"class_list":["post-1470","page","type-page","status-publish","hentry"],"yoast_head":"<!-- This site is optimized with the Yoast SEO plugin v24.7 - https:\/\/yoast.com\/wordpress\/plugins\/seo\/ -->\n<title>Contact | Tratek Yap\u0131 M\u00fchendislik<\/title>\n<meta name=\"robots\" content=\"index, follow, max-snippet:-1, max-image-preview:large, max-video-preview:-1\" \/>\n<link rel=\"canonical\" href=\"https:\/\/www.tratekyapi.com\/iletisim\/\" \/>\n<meta property=\"og:locale\" content=\"en_US\" \/>\n<meta property=\"og:type\" content=\"article\" \/>\n<meta property=\"og:title\" content=\"Contact | Tratek Yap\u0131 M\u00fchendislik\" \/>\n<meta property=\"og:url\" content=\"https:\/\/www.tratekyapi.com\/iletisim\/\" \/>\n<meta property=\"og:site_name\" content=\"Tratek Yap\u0131 M\u00fchendislik\" \/>\n<meta property=\"article:modified_time\" content=\"2023-08-02T19:32:49+00:00\" \/>\n<meta name=\"twitter:card\" content=\"summary_large_image\" \/>\n<meta name=\"twitter:label1\" content=\"Est. reading time\" \/>\n\t<meta name=\"twitter:data1\" content=\"1 minute\" \/>\n<script type=\"application\/ld+json\" class=\"yoast-schema-graph\">{\"@context\":\"https:\/\/schema.org\",\"@graph\":[{\"@type\":\"WebPage\",\"@id\":\"https:\/\/www.tratekyapi.com\/iletisim\/\",\"url\":\"https:\/\/www.tratekyapi.com\/iletisim\/\",\"name\":\"Contact | Tratek Yap\u0131 M\u00fchendislik\",\"isPartOf\":{\"@id\":\"https:\/\/www.tratekyapi.com\/#website\"},\"datePublished\":\"2020-12-25T12:00:25+00:00\",\"dateModified\":\"2023-08-02T19:32:49+00:00\",\"breadcrumb\":{\"@id\":\"https:\/\/www.tratekyapi.com\/iletisim\/#breadcrumb\"},\"inLanguage\":\"en-US\",\"potentialAction\":[{\"@type\":\"ReadAction\",\"target\":[\"https:\/\/www.tratekyapi.com\/iletisim\/\"]}]},{\"@type\":\"BreadcrumbList\",\"@id\":\"https:\/\/www.tratekyapi.com\/iletisim\/#breadcrumb\",\"itemListElement\":[{\"@type\":\"ListItem\",\"position\":1,\"name\":\"Anasayfa\",\"item\":\"https:\/\/www.tratekyapi.com\/\"},{\"@type\":\"ListItem\",\"position\":2,\"name\":\"Contact\"}]},{\"@type\":\"WebSite\",\"@id\":\"https:\/\/www.tratekyapi.com\/#website\",\"url\":\"https:\/\/www.tratekyapi.com\/\",\"name\":\"Tratek Yap\u0131 M\u00fchendislik\",\"description\":\"Trabzon Tratek Yap M\u00fchendislik\",\"publisher\":{\"@id\":\"https:\/\/www.tratekyapi.com\/#organization\"},\"potentialAction\":[{\"@type\":\"SearchAction\",\"target\":{\"@type\":\"EntryPoint\",\"urlTemplate\":\"https:\/\/www.tratekyapi.com\/?s={search_term_string}\"},\"query-input\":{\"@type\":\"PropertyValueSpecification\",\"valueRequired\":true,\"valueName\":\"search_term_string\"}}],\"inLanguage\":\"en-US\"},{\"@type\":\"Organization\",\"@id\":\"https:\/\/www.tratekyapi.com\/#organization\",\"name\":\"Tratek Yap\u0131\",\"url\":\"https:\/\/www.tratekyapi.com\/\",\"logo\":{\"@type\":\"ImageObject\",\"inLanguage\":\"en-US\",\"@id\":\"https:\/\/www.tratekyapi.com\/#\/schema\/logo\/image\/\",\"url\":\"https:\/\/www.tratekyapi.com\/wp-content\/uploads\/2021\/07\/tratek_logo.png\",\"contentUrl\":\"https:\/\/www.tratekyapi.com\/wp-content\/uploads\/2021\/07\/tratek_logo.png\",\"width\":500,\"height\":240,\"caption\":\"Tratek Yap\u0131\"},\"image\":{\"@id\":\"https:\/\/www.tratekyapi.com\/#\/schema\/logo\/image\/\"}}]}<\/script>\n<!-- \/ Yoast SEO plugin. -->","yoast_head_json":{"title":"Contact | Tratek Yap\u0131 M\u00fchendislik","robots":{"index":"index","follow":"follow","max-snippet":"max-snippet:-1","max-image-preview":"max-image-preview:large","max-video-preview":"max-video-preview:-1"},"canonical":"https:\/\/www.tratekyapi.com\/iletisim\/","og_locale":"en_US","og_type":"article","og_title":"Contact | Tratek Yap\u0131 M\u00fchendislik","og_url":"https:\/\/www.tratekyapi.com\/iletisim\/","og_site_name":"Tratek Yap\u0131 M\u00fchendislik","article_modified_time":"2023-08-02T19:32:49+00:00","twitter_card":"summary_large_image","twitter_misc":{"Est. reading time":"1 minute"},"schema":{"@context":"https:\/\/schema.org","@graph":[{"@type":"WebPage","@id":"https:\/\/www.tratekyapi.com\/iletisim\/","url":"https:\/\/www.tratekyapi.com\/iletisim\/","name":"Contact | Tratek Yap\u0131 M\u00fchendislik","isPartOf":{"@id":"https:\/\/www.tratekyapi.com\/#website"},"datePublished":"2020-12-25T12:00:25+00:00","dateModified":"2023-08-02T19:32:49+00:00","breadcrumb":{"@id":"https:\/\/www.tratekyapi.com\/iletisim\/#breadcrumb"},"inLanguage":"en-US","potentialAction":[{"@type":"ReadAction","target":["https:\/\/www.tratekyapi.com\/iletisim\/"]}]},{"@type":"BreadcrumbList","@id":"https:\/\/www.tratekyapi.com\/iletisim\/#breadcrumb","itemListElement":[{"@type":"ListItem","position":1,"name":"Anasayfa","item":"https:\/\/www.tratekyapi.com\/"},{"@type":"ListItem","position":2,"name":"Contact"}]},{"@type":"WebSite","@id":"https:\/\/www.tratekyapi.com\/#website","url":"https:\/\/www.tratekyapi.com\/","name":"Tratek Yap\u0131 M\u00fchendislik","description":"Trabzon Tratek Yap M\u00fchendislik","publisher":{"@id":"https:\/\/www.tratekyapi.com\/#organization"},"potentialAction":[{"@type":"SearchAction","target":{"@type":"EntryPoint","urlTemplate":"https:\/\/www.tratekyapi.com\/?s={search_term_string}"},"query-input":{"@type":"PropertyValueSpecification","valueRequired":true,"valueName":"search_term_string"}}],"inLanguage":"en-US"},{"@type":"Organization","@id":"https:\/\/www.tratekyapi.com\/#organization","name":"Tratek Yap\u0131","url":"https:\/\/www.tratekyapi.com\/","logo":{"@type":"ImageObject","inLanguage":"en-US","@id":"https:\/\/www.tratekyapi.com\/#\/schema\/logo\/image\/","url":"https:\/\/www.tratekyapi.com\/wp-content\/uploads\/2021\/07\/tratek_logo.png","contentUrl":"https:\/\/www.tratekyapi.com\/wp-content\/uploads\/2021\/07\/tratek_logo.png","width":500,"height":240,"caption":"Tratek Yap\u0131"},"image":{"@id":"https:\/\/www.tratekyapi.com\/#\/schema\/logo\/image\/"}}]}},"_links":{"self":[{"href":"https:\/\/www.tratekyapi.com\/en\/wp-json\/wp\/v2\/pages\/1470","targetHints":{"allow":["GET"]}}],"collection":[{"href":"https:\/\/www.tratekyapi.com\/en\/wp-json\/wp\/v2\/pages"}],"about":[{"href":"https:\/\/www.tratekyapi.com\/en\/wp-json\/wp\/v2\/types\/page"}],"author":[{"embeddable":true,"href":"https:\/\/www.tratekyapi.com\/en\/wp-json\/wp\/v2\/users\/1"}],"replies":[{"embeddable":true,"href":"https:\/\/www.tratekyapi.com\/en\/wp-json\/wp\/v2\/comments?post=1470"}],"version-history":[{"count":5,"href":"https:\/\/www.tratekyapi.com\/en\/wp-json\/wp\/v2\/pages\/1470\/revisions"}],"predecessor-version":[{"id":1496,"href":"https:\/\/www.tratekyapi.com\/en\/wp-json\/wp\/v2\/pages\/1470\/revisions\/1496"}],"wp:attachment":[{"href":"https:\/\/www.tratekyapi.com\/en\/wp-json\/wp\/v2\/media?parent=1470"}],"curies":[{"name":"wp","href":"https:\/\/api.w.org\/{rel}","templated":true}]}}