{"id":1509,"date":"2020-12-29T12:20:58","date_gmt":"2020-12-29T09:20:58","guid":{"rendered":"https:\/\/www.tratekyapi.com\/epoxy-injection-systems\/"},"modified":"2023-08-03T11:11:45","modified_gmt":"2023-08-03T08:11:45","slug":"epoxy-injection-systems","status":"publish","type":"page","link":"https:\/\/www.tratekyapi.com\/en\/epoxy-injection-systems\/","title":{"rendered":"Epoxy Injection Systems"},"content":{"rendered":"<section class=\"wpb-content-wrapper\"><div class=\"vc_row wpb_row top-row porto-inner-container\"><div class=\"porto-wrap-container container\"><div class=\"row\"><div class=\"order-lg-2 vc_column_container col-md-12 col-xl-8 col-lg-8\"><div class=\"wpb_wrapper vc_column-inner\">\n\t<div class=\"wpb_text_column wpb_content_element  vc_custom_1627682068148\" >\n\t\t<div class=\"wpb_wrapper\">\n\t\t\t<p class=\"text-3-4\">Grouting is the process of pumping cement-based, polyurethane-based, epoxy-based or acrylate-based materials into damaged or cracked structures to safely seal leaks, repair damaged structures and make them watertight again for a long time.<\/p>\n<p><strong>Industrial Floor Coverings<\/strong><\/p>\n<p><strong><i class=\"fas fa-check text-color-dark border-color-grey-1 top-7 text-3\"><\/i>Parking Lot Floor Coverings <\/strong><\/p>\n<p><strong><i class=\"fas fa-check text-color-dark border-color-grey-1 top-7 text-3\"><\/i>Decorative Floor Coverings <\/strong><\/p>\n<p><strong><i class=\"fas fa-check text-color-dark border-color-grey-1 top-7 text-3\"><\/i> Cement Based Floors <\/strong><\/p>\n<p><strong><i class=\"fas fa-check text-color-dark border-color-grey-1 top-7 text-3\"><\/i> Primer and Leveling Screeds <\/strong><\/p>\n<p><strong><i class=\"fas fa-check text-color-dark border-color-grey-1 top-7 text-3\"><\/i> Protective Coating Systems<br \/>\n<img loading=\"lazy\" decoding=\"async\" class=\"alignnone size-full wp-image-588\" src=\"https:\/\/www.tratekyapi.com\/wp-content\/uploads\/2021\/07\/epoksi.jpg\" alt=\"\" width=\"756\" height=\"504\" srcset=\"https:\/\/www.tratekyapi.com\/wp-content\/uploads\/2021\/07\/epoksi.jpg 756w, https:\/\/www.tratekyapi.com\/wp-content\/uploads\/2021\/07\/epoksi-640x427.jpg 640w, https:\/\/www.tratekyapi.com\/wp-content\/uploads\/2021\/07\/epoksi-400x267.jpg 400w, https:\/\/www.tratekyapi.com\/wp-content\/uploads\/2021\/07\/epoksi-367x245.jpg 367w\" sizes=\"auto, (max-width: 756px) 100vw, 756px\" \/><br \/>\n<\/strong><\/p>\n<div class=\"cmp-layout__head cmp-layout--center\">\n<h2 class=\"cmp-layout__title\">Injection Materials are Preferred Solutions Because..<\/h2>\n<\/div>\n<div class=\"cmp-layout__content grid-x grid-margin-x\">\n<div class=\"cell auto\">\n<div class=\"textimage image section\">\n<div class=\"cmp-textimage cmp-text cmp-text--two-columns\">\n<ul>\n<li>It helps avoid high costs of structural repairs and reduces operational downtime.<\/li>\n<li>It can be used for all types of leakage sealing applications in concrete, masonry, and natural stone structures.<\/li>\n<li>It can create a new and long-lasting waterproofing feature.<\/li>\n<\/ul>\n<div><\/div>\n<ul>\n<li>It can be used during the initial construction or any subsequent repair or renovation, depending on the specific requirements of the project, to extend the service life.<\/li>\n<\/ul>\n<\/div>\n<\/div>\n<\/div>\n<\/div>\n<p>&nbsp;<\/p>\n<ul>\n<li style=\"list-style-type: none;\">\n<ul>\n<li>\n<\/li>\n<\/ul>\n<\/li>\n<\/ul>\n\n\t\t<\/div>\n\t<\/div>\n<\/div><\/div><div class=\"card-section order-lg-1 vc_column_container col-md-12 col-xl-4 col-lg-4\"><div class=\"wpb_wrapper vc_column-inner\"><div class=\"porto-ultimate-content-box-container card py-5 mb-5 box-shadow-1 custom-border-radius-1\"><style>#porto_ucb_8985{will-change: box-shadow;box-shadow: none;}<\/style><div class=\"porto-ultimate-content-box vc_custom_1640813435198\" style=\"\" id=\"porto_ucb_8985\"><div  class=\"vc_wp_custommenu wpb_content_element mb-0\"><div class=\"widget widget_nav_menu\"><h2 class=\"widgettitle\">Services<\/h2><div class=\"menu-hizmetler-ingilizce-container\"><ul id=\"menu-hizmetler-ingilizce\" class=\"menu\"><li id=\"menu-item-1590\" class=\"menu-item menu-item-type-post_type menu-item-object-page menu-item-1590\"><a href=\"https:\/\/www.tratekyapi.com\/zeminkaplama\/\">Zemin Kaplama Sistemleri<\/a><\/li>\n<li id=\"menu-item-1591\" class=\"menu-item menu-item-type-post_type menu-item-object-page menu-item-1591\"><a href=\"https:\/\/www.tratekyapi.com\/home\/suyalitimsistemleri\/\">Su Yal\u0131t\u0131m Sistemleri<\/a><\/li>\n<li id=\"menu-item-1592\" class=\"menu-item menu-item-type-post_type menu-item-object-page menu-item-1592\"><a href=\"https:\/\/www.tratekyapi.com\/poliuretan-enjeksiyon-sistemleri\/\">Poli\u00fcretan Enjeksiyon Sistemleri<\/a><\/li>\n<li id=\"menu-item-1593\" class=\"menu-item menu-item-type-post_type menu-item-object-page menu-item-1593\"><a href=\"https:\/\/www.tratekyapi.com\/epoksi_enjeksiyon\/\">Epoksi Enjeksiyon Sistemleri<\/a><\/li>\n<li id=\"menu-item-1594\" class=\"menu-item menu-item-type-post_type menu-item-object-page menu-item-1594\"><a href=\"https:\/\/www.tratekyapi.com\/beton-katkilari\/\">Beton Katk\u0131lar\u0131<\/a><\/li>\n<li id=\"menu-item-1595\" class=\"menu-item menu-item-type-post_type menu-item-object-page menu-item-1595\"><a href=\"https:\/\/www.tratekyapi.com\/grout-ve-ankraj\/\">Grout ve Ankraj \u00dcr\u00fcnleri<\/a><\/li>\n<\/ul><\/div><\/div><\/div><\/div><\/div><div class=\"porto-ultimate-content-box-container bg-primary py-5 custom-border-radius-1\"><style>#porto_ucb_4956{will-change: box-shadow;box-shadow: none;}<\/style><div class=\"porto-ultimate-content-box vc_custom_1640813573101\" style=\"\" id=\"porto_ucb_4956\"><h3 style=\"font-size: 32.2px;color: #ffffff;line-height: 1.3;text-align: center;font-weight:700;letter-spacing:-1.61px\" class=\"vc_custom_heading mb-3 text-center\">Services for Professionals<\/h3><div class=\"porto-sicon-box custom-view-more mb-4 justify-content-center  wpb_custom_1efe903570d178ff0a9b7bfa5febd3a4 style_1 default-icon\"><div class=\"porto-sicon-default\"><div class=\"porto-just-icon-wrapper porto-icon none\" style=\"color:#ffffff;font-size:36.8px;margin-right:0px;\"><i class=\"Simple-Line-Icons-phone\"><\/i><\/div><\/div><div class=\"porto-sicon-header\"><h5 class=\"porto-sicon-title\" style=\"font-weight:500;font-size:16.8px;line-height:1.2;letter-spacing:0;color:#ffffff;margin-bottom:4px;\">Bize Ula\u015f\u0131n<\/h5><p style=\"font-weight:700;font-size:25.2px;line-height:1.2;color:#ffffff;\">+90 462 999 19 91<\/p><\/div> <!-- header --><\/div><!-- porto-sicon-box --><\/div><\/div><\/div><\/div><\/div><\/div><\/div>\n<\/section>","protected":false},"excerpt":{"rendered":"Grouting is the process of pumping cement-based, polyurethane-based, epoxy-based or acrylate-based materials into damaged or cracked structures to safely seal leaks, repair damaged structures and make them watertight again for a long time. Industrial Floor Coverings Parking Lot Floor Coverings Decorative Floor Coverings Cement Based Floors Primer and Leveling Screeds Protective Coating Systems Injection Materials [...]","protected":false},"author":1,"featured_media":0,"parent":0,"menu_order":0,"comment_status":"closed","ping_status":"closed","template":"","meta":{"footnotes":""},"class_list":["post-1509","page","type-page","status-publish","hentry"],"yoast_head":"<!-- This site is optimized with the Yoast SEO plugin v24.7 - https:\/\/yoast.com\/wordpress\/plugins\/seo\/ -->\n<title>Epoxy Injection Systems | Tratek Yap\u0131 M\u00fchendislik<\/title>\n<meta name=\"robots\" content=\"index, follow, max-snippet:-1, max-image-preview:large, max-video-preview:-1\" \/>\n<link rel=\"canonical\" href=\"https:\/\/www.tratekyapi.com\/epoksi_enjeksiyon\/\" \/>\n<meta property=\"og:locale\" content=\"en_US\" \/>\n<meta property=\"og:type\" content=\"article\" \/>\n<meta property=\"og:title\" content=\"Epoxy Injection Systems | Tratek Yap\u0131 M\u00fchendislik\" \/>\n<meta property=\"og:url\" content=\"https:\/\/www.tratekyapi.com\/epoksi_enjeksiyon\/\" \/>\n<meta property=\"og:site_name\" content=\"Tratek Yap\u0131 M\u00fchendislik\" \/>\n<meta property=\"article:modified_time\" content=\"2023-08-03T08:11:45+00:00\" \/>\n<meta property=\"og:image\" content=\"https:\/\/www.tratekyapi.com\/wp-content\/uploads\/2021\/07\/epoksi.jpg\" \/>\n<meta name=\"twitter:card\" content=\"summary_large_image\" \/>\n<meta name=\"twitter:label1\" content=\"Est. reading time\" \/>\n\t<meta name=\"twitter:data1\" content=\"2 minutes\" \/>\n<script type=\"application\/ld+json\" class=\"yoast-schema-graph\">{\"@context\":\"https:\/\/schema.org\",\"@graph\":[{\"@type\":\"WebPage\",\"@id\":\"https:\/\/www.tratekyapi.com\/epoksi_enjeksiyon\/\",\"url\":\"https:\/\/www.tratekyapi.com\/epoksi_enjeksiyon\/\",\"name\":\"Epoxy Injection Systems | Tratek Yap\u0131 M\u00fchendislik\",\"isPartOf\":{\"@id\":\"https:\/\/www.tratekyapi.com\/#website\"},\"primaryImageOfPage\":{\"@id\":\"https:\/\/www.tratekyapi.com\/epoksi_enjeksiyon\/#primaryimage\"},\"image\":{\"@id\":\"https:\/\/www.tratekyapi.com\/epoksi_enjeksiyon\/#primaryimage\"},\"thumbnailUrl\":\"https:\/\/www.tratekyapi.com\/wp-content\/uploads\/2021\/07\/epoksi.jpg\",\"datePublished\":\"2020-12-29T09:20:58+00:00\",\"dateModified\":\"2023-08-03T08:11:45+00:00\",\"breadcrumb\":{\"@id\":\"https:\/\/www.tratekyapi.com\/epoksi_enjeksiyon\/#breadcrumb\"},\"inLanguage\":\"en-US\",\"potentialAction\":[{\"@type\":\"ReadAction\",\"target\":[\"https:\/\/www.tratekyapi.com\/epoksi_enjeksiyon\/\"]}]},{\"@type\":\"ImageObject\",\"inLanguage\":\"en-US\",\"@id\":\"https:\/\/www.tratekyapi.com\/epoksi_enjeksiyon\/#primaryimage\",\"url\":\"https:\/\/www.tratekyapi.com\/wp-content\/uploads\/2021\/07\/epoksi.jpg\",\"contentUrl\":\"https:\/\/www.tratekyapi.com\/wp-content\/uploads\/2021\/07\/epoksi.jpg\"},{\"@type\":\"BreadcrumbList\",\"@id\":\"https:\/\/www.tratekyapi.com\/epoksi_enjeksiyon\/#breadcrumb\",\"itemListElement\":[{\"@type\":\"ListItem\",\"position\":1,\"name\":\"Anasayfa\",\"item\":\"https:\/\/www.tratekyapi.com\/\"},{\"@type\":\"ListItem\",\"position\":2,\"name\":\"Epoxy Injection Systems\"}]},{\"@type\":\"WebSite\",\"@id\":\"https:\/\/www.tratekyapi.com\/#website\",\"url\":\"https:\/\/www.tratekyapi.com\/\",\"name\":\"Tratek Yap\u0131 M\u00fchendislik\",\"description\":\"Trabzon Tratek Yap M\u00fchendislik\",\"publisher\":{\"@id\":\"https:\/\/www.tratekyapi.com\/#organization\"},\"potentialAction\":[{\"@type\":\"SearchAction\",\"target\":{\"@type\":\"EntryPoint\",\"urlTemplate\":\"https:\/\/www.tratekyapi.com\/?s={search_term_string}\"},\"query-input\":{\"@type\":\"PropertyValueSpecification\",\"valueRequired\":true,\"valueName\":\"search_term_string\"}}],\"inLanguage\":\"en-US\"},{\"@type\":\"Organization\",\"@id\":\"https:\/\/www.tratekyapi.com\/#organization\",\"name\":\"Tratek Yap\u0131\",\"url\":\"https:\/\/www.tratekyapi.com\/\",\"logo\":{\"@type\":\"ImageObject\",\"inLanguage\":\"en-US\",\"@id\":\"https:\/\/www.tratekyapi.com\/#\/schema\/logo\/image\/\",\"url\":\"https:\/\/www.tratekyapi.com\/wp-content\/uploads\/2021\/07\/tratek_logo.png\",\"contentUrl\":\"https:\/\/www.tratekyapi.com\/wp-content\/uploads\/2021\/07\/tratek_logo.png\",\"width\":500,\"height\":240,\"caption\":\"Tratek Yap\u0131\"},\"image\":{\"@id\":\"https:\/\/www.tratekyapi.com\/#\/schema\/logo\/image\/\"}}]}<\/script>\n<!-- \/ Yoast SEO plugin. -->","yoast_head_json":{"title":"Epoxy Injection Systems | Tratek Yap\u0131 M\u00fchendislik","robots":{"index":"index","follow":"follow","max-snippet":"max-snippet:-1","max-image-preview":"max-image-preview:large","max-video-preview":"max-video-preview:-1"},"canonical":"https:\/\/www.tratekyapi.com\/epoksi_enjeksiyon\/","og_locale":"en_US","og_type":"article","og_title":"Epoxy Injection Systems | Tratek Yap\u0131 M\u00fchendislik","og_url":"https:\/\/www.tratekyapi.com\/epoksi_enjeksiyon\/","og_site_name":"Tratek Yap\u0131 M\u00fchendislik","article_modified_time":"2023-08-03T08:11:45+00:00","og_image":[{"url":"https:\/\/www.tratekyapi.com\/wp-content\/uploads\/2021\/07\/epoksi.jpg","type":"","width":"","height":""}],"twitter_card":"summary_large_image","twitter_misc":{"Est. reading time":"2 minutes"},"schema":{"@context":"https:\/\/schema.org","@graph":[{"@type":"WebPage","@id":"https:\/\/www.tratekyapi.com\/epoksi_enjeksiyon\/","url":"https:\/\/www.tratekyapi.com\/epoksi_enjeksiyon\/","name":"Epoxy Injection Systems | Tratek Yap\u0131 M\u00fchendislik","isPartOf":{"@id":"https:\/\/www.tratekyapi.com\/#website"},"primaryImageOfPage":{"@id":"https:\/\/www.tratekyapi.com\/epoksi_enjeksiyon\/#primaryimage"},"image":{"@id":"https:\/\/www.tratekyapi.com\/epoksi_enjeksiyon\/#primaryimage"},"thumbnailUrl":"https:\/\/www.tratekyapi.com\/wp-content\/uploads\/2021\/07\/epoksi.jpg","datePublished":"2020-12-29T09:20:58+00:00","dateModified":"2023-08-03T08:11:45+00:00","breadcrumb":{"@id":"https:\/\/www.tratekyapi.com\/epoksi_enjeksiyon\/#breadcrumb"},"inLanguage":"en-US","potentialAction":[{"@type":"ReadAction","target":["https:\/\/www.tratekyapi.com\/epoksi_enjeksiyon\/"]}]},{"@type":"ImageObject","inLanguage":"en-US","@id":"https:\/\/www.tratekyapi.com\/epoksi_enjeksiyon\/#primaryimage","url":"https:\/\/www.tratekyapi.com\/wp-content\/uploads\/2021\/07\/epoksi.jpg","contentUrl":"https:\/\/www.tratekyapi.com\/wp-content\/uploads\/2021\/07\/epoksi.jpg"},{"@type":"BreadcrumbList","@id":"https:\/\/www.tratekyapi.com\/epoksi_enjeksiyon\/#breadcrumb","itemListElement":[{"@type":"ListItem","position":1,"name":"Anasayfa","item":"https:\/\/www.tratekyapi.com\/"},{"@type":"ListItem","position":2,"name":"Epoxy Injection Systems"}]},{"@type":"WebSite","@id":"https:\/\/www.tratekyapi.com\/#website","url":"https:\/\/www.tratekyapi.com\/","name":"Tratek Yap\u0131 M\u00fchendislik","description":"Trabzon Tratek Yap M\u00fchendislik","publisher":{"@id":"https:\/\/www.tratekyapi.com\/#organization"},"potentialAction":[{"@type":"SearchAction","target":{"@type":"EntryPoint","urlTemplate":"https:\/\/www.tratekyapi.com\/?s={search_term_string}"},"query-input":{"@type":"PropertyValueSpecification","valueRequired":true,"valueName":"search_term_string"}}],"inLanguage":"en-US"},{"@type":"Organization","@id":"https:\/\/www.tratekyapi.com\/#organization","name":"Tratek Yap\u0131","url":"https:\/\/www.tratekyapi.com\/","logo":{"@type":"ImageObject","inLanguage":"en-US","@id":"https:\/\/www.tratekyapi.com\/#\/schema\/logo\/image\/","url":"https:\/\/www.tratekyapi.com\/wp-content\/uploads\/2021\/07\/tratek_logo.png","contentUrl":"https:\/\/www.tratekyapi.com\/wp-content\/uploads\/2021\/07\/tratek_logo.png","width":500,"height":240,"caption":"Tratek Yap\u0131"},"image":{"@id":"https:\/\/www.tratekyapi.com\/#\/schema\/logo\/image\/"}}]}},"_links":{"self":[{"href":"https:\/\/www.tratekyapi.com\/en\/wp-json\/wp\/v2\/pages\/1509","targetHints":{"allow":["GET"]}}],"collection":[{"href":"https:\/\/www.tratekyapi.com\/en\/wp-json\/wp\/v2\/pages"}],"about":[{"href":"https:\/\/www.tratekyapi.com\/en\/wp-json\/wp\/v2\/types\/page"}],"author":[{"embeddable":true,"href":"https:\/\/www.tratekyapi.com\/en\/wp-json\/wp\/v2\/users\/1"}],"replies":[{"embeddable":true,"href":"https:\/\/www.tratekyapi.com\/en\/wp-json\/wp\/v2\/comments?post=1509"}],"version-history":[{"count":2,"href":"https:\/\/www.tratekyapi.com\/en\/wp-json\/wp\/v2\/pages\/1509\/revisions"}],"predecessor-version":[{"id":1511,"href":"https:\/\/www.tratekyapi.com\/en\/wp-json\/wp\/v2\/pages\/1509\/revisions\/1511"}],"wp:attachment":[{"href":"https:\/\/www.tratekyapi.com\/en\/wp-json\/wp\/v2\/media?parent=1509"}],"curies":[{"name":"wp","href":"https:\/\/api.w.org\/{rel}","templated":true}]}}