{"id":1552,"date":"2021-07-31T01:32:57","date_gmt":"2021-07-30T22:32:57","guid":{"rendered":"https:\/\/www.tratekyapi.com\/our-references\/"},"modified":"2023-08-06T19:51:14","modified_gmt":"2023-08-06T16:51:14","slug":"our-references","status":"publish","type":"page","link":"https:\/\/www.tratekyapi.com\/en\/our-references\/","title":{"rendered":"our references"},"content":{"rendered":"<section class=\"wpb-content-wrapper\"><div class=\"vc_row wpb_row top-row porto-inner-container\"><div class=\"porto-wrap-container container\"><div class=\"row\"><div class=\"order-lg-2 vc_column_container col-md-12 col-xl-8 col-lg-8\"><div class=\"wpb_wrapper vc_column-inner\">\n\t<div class=\"wpb_text_column wpb_content_element  vc_custom_1671302196095\" >\n\t\t<div class=\"wpb_wrapper\">\n\t\t\t<ul>\n<li>RHG ENERT\u00dcRK ENERJ\u0130 ERENK\u00d6Y REG\u00dcLAT\u00d6R\u00dc VE HES (MURGUL\/ARTV\u0130N)<br \/>\nPoli\u00fcretan Enjeksiyon Uygulamas\u0131, Beton Tamiratlar\u0131 Ve Su Yal\u0131t\u0131m Uygulamas\u0131<\/li>\n<li>CENG\u0130Z \u0130N\u015eAAT Z\u0130GANA \u015eANT\u0130YES\u0130 (TRABZON)<br \/>\nYap\u0131sal Tamir Harc\u0131 Uygulamalar\u0131<\/li>\n<li>TAY ENERJ\u0130 \u00d6ZG\u00dcVEN REG\u00dcLAT\u00d6R\u00dc VE HES (YUSUFEL\u0130\/ARTV\u0130N)<br \/>\nPoli\u00fcretan Enjeksiyon Uygulamas\u0131<\/li>\n<li>AGE ENERJ\u0130 SARMA\u015eIK 1-2 REG\u00dcLAT\u00d6R\u00dc VE HES (HAYRAT\/TRABZON)<br \/>\nPoli\u00fcretan Enjeksiyon Uygulamas\u0131 ve Beton Tamiratlar\u0131<\/li>\n<li>AKFEM ENERJ\u0130 ALTINYAYLA REG\u00dcLAT\u00d6R\u00dc VE HES (TORUL\/G\u00dcM\u00dc\u015eHANE)<br \/>\nBeton Katk\u0131lar\u0131 ve Grout Uygulamalar\u0131<\/li>\n<li>ARAKLI ELEKTR\u0130K \u00dcRET\u0130M A.\u015e. AYVADERE REG\u00dcLAT\u00d6R\u00dc VE HES (ARAKLI\/TRABZON)<br \/>\nBeton Katk\u0131lar\u0131, Poli\u00fcretan Enjeksiyon Uygulamalar\u0131, Kimyasal Ankraj Har\u00e7lar\u0131<\/li>\n<li>KIZILEV AYDINDERE ELEKTR\u0130K KIZILEV REG\u00dcLAT\u00d6R\u00dc VE HES (BULANCAK\/G\u0130RESUN)<br \/>\nPoli\u00fcretan Enjeksiyon Uygulamas\u0131 ve Grout Uygulamas\u0131<\/li>\n<li>TRABZON S\u0130LAH A.\u015e. (T\u0130SA\u015e) ARS\u0130N FABR\u0130KA (TRABZON)<br \/>\nSaha Betonlar\u0131, \u015eap Uygulamalar\u0131, Su Yal\u0131t\u0131m\u0131 Ve Seramik Uygulamalar\u0131<\/li>\n<li>MANAHOZ YAPI (KKC METRO \u0130N\u015eAATI) (\u0130STANBUL)<br \/>\nKimyasal Ankraj Malzemeleri , Epoksi Ve Tamir Har\u00e7lar\u0131, Kal\u0131p Ya\u011flar\u0131, Pvc Membran Yal\u0131t\u0131m \u0130\u015fleri<\/li>\n<li>BERG\u0130Z \u0130N\u015eAAT (BURSA) ORHANEL\u0130 \u2013 DO\u011eANCI BARAJ VARYANTI K\u00d6PR\u00dc, T\u00dcNEL VE SANAT YAPI \u0130\u015eLER\u0130<br \/>\n\u00c7elik Kal\u0131p Ay\u0131r\u0131c\u0131 (Kal\u0131p Ya\u011f\u0131) Temini<\/li>\n<li>HM ASYA PROJE 10 ADET \u00d6ZEL V\u0130LLA (ANTALYA)<br \/>\nIslak Hacim ve Havuz Su Yal\u0131t\u0131m\u0131 Uygulamalar\u0131, Seramik Ve Derz Dolgu Uygulamalar\u0131<\/li>\n<li>HAPPY MOONS KAFE (TRABZON)<br \/>\nIslak Hacimlerin Su Yal\u0131t\u0131m Uygulamalar\u0131<\/li>\n<li>MBC GROUP(BASF) ARS\u0130N ORGAN\u0130ZE SANAY\u0130 FABR\u0130KA (TRABZON)<br \/>\n\u0130n\u015faat ve Tadilat \u0130\u015fleri<\/li>\n<li>CLAR\u0130ANT FATSA FABR\u0130KA TES\u0130S\u0130 (FATSA\/ORDU)<br \/>\nKaba ve \u0130nce \u0130n\u015faat \u0130\u015fleri<\/li>\n<li>JDE OF\u00c7AY ARS\u0130N ORGAN\u0130ZE SANAY\u0130 FABR\u0130KA (TRABZON)<br \/>\n\u0130dari Bina Ofis Tadilatlar\u0131, Saha Betonlar\u0131, Betonarme ve Ta\u015f Duvar \u0130malatlar\u0131<\/li>\n<li>FERRERO FINDIK ARS\u0130N ORGAN\u0130ZE SANAY\u0130 FABR\u0130KA (TRABZON)<br \/>\nTrafo Binas\u0131 Kaba ve \u0130nce \u0130n\u015faat \u0130\u015fleri<\/li>\n<li>FERRERO FINDIK ARS\u0130N ORGAN\u0130ZE SANAY\u0130 (TRABZON)<br \/>\n\u00c7elik Konstr\u00fcksiyon Yang\u0131n Merdiveni \u0130malat\u0131<\/li>\n<li>ADV ELEKTR\u0130K D\u00dcZK\u00d6Y REG\u00dcLAT\u00d6R\u00dc VE HES PROJES\u0130 (D\u00dcZK\u00d6Y\/TRABZON)<br \/>\nPoli\u00fcretan Enjeksiyon \u0130\u015fleri ve Su Yal\u0131t\u0131m Uygulamalar\u0131<\/li>\n<li>ESP\u0130YE BELED\u0130YES\u0130 SU DEPOLARI<br \/>\nPoli\u00fcretan Enjeksiyon ve Su Yal\u0131t\u0131m Uygulamalar\u0131<\/li>\n<li>USYOL \u0130N\u015eAAT DERYA REG\u00dcLAT\u00d6R\u00dc VE HES (G\u00dcM\u00dc\u015eHANE)<br \/>\nP\u00fcsk\u00fcrtme Beton Katk\u0131lar\u0131 ve Su Yal\u0131t\u0131m Uygulamalar\u0131<\/li>\n<li>KALYON \u0130N\u015eAAT KUTLUG\u00dcN TRABZON \u0130\u00c7MESUYU PROJES\u0130 KUTLUG\u00dcN T\u00dcNELLER\u0130 (TRABZON)<br \/>\nShotcrete Admixtures<\/li>\n<li>BURSA \u00d6ZD\u0130LEK (BURSA) \u00d6ZD\u0130LEK FABR\u0130KA<br \/>\nZemin Silim Uygulamalar\u0131<\/li>\n<li>YAPI MERKEZ\u0130 TOGG FABR\u0130KA<br \/>\nOtopark Yol \u00c7izgi Boya Uygulamalar\u0131<\/li>\n<li>NOSAP ARITMA TES\u0130SLER\u0130 (BURSA)<br \/>\nMasterSeal 7000 CR Su Yal\u0131t\u0131m\u0131 ve Beton Koruma Sistemi Uygulamas\u0131<\/li>\n<li>SANKO HOLD\u0130NG (\u0130NEG\u00d6L\/BURSA) \u0130NEG\u00d6L TES\u0130SLER\u0130<br \/>\nEpoksi Kaplama ve Klima Havuzlar\u0131 Su Yal\u0131t\u0131mlar\u0131<\/li>\n<li>KIRPAT OTOMOT\u0130V (ORHANGAZ\u0130\/BURSA) ORHANGAZ\u0130 TES\u0130S\u0130<br \/>\n\u00c7at\u0131 Oluklar\u0131 ve Ar\u0131tma Tesisi Yal\u0131t\u0131mlar\u0131<\/li>\n<li>BORUSAN HOLD\u0130NG (GEML\u0130K\/BURSA) GEML\u0130K FABR\u0130KA<br \/>\nYol \u00c7izgi Boyalar\u0131, Havuzlar\u0131n Su Yal\u0131t\u0131m\u0131 ve Ya\u011f Kanallar\u0131n\u0131n Epoksi Kaplamas\u0131<\/li>\n<li>CARG\u0130LL FABR\u0130KASI (BURSA)<br \/>\nEpoksi Zemin Kaplama \u0130\u015fleri ve Tank Havuzlar\u0131n\u0131n Yal\u0131t\u0131mlar\u0131<\/li>\n<li>\u00c7ANAKKALE RES (\u00c7ANAKKALE)<br \/>\nAntistatik Kaplama Uygulamalar\u0131<\/li>\n<li>NAMLI ZEYT\u0130N (GEML\u0130K BURSA) GEML\u0130K FABR\u0130KA<br \/>\nPoli\u00fcretan Beton Zemin Kaplamalar\u0131<\/li>\n<li>DO\u011eAN HOLD\u0130NG BEKTA\u015e \u0130N\u015eAAT RES<br \/>\nEpoksi Zemin Kaplamalar\u0131<\/li>\n<li>NAMLI ZEYT\u0130N (GEML\u0130K\/BURSA) GEML\u0130K FABR\u0130KA<br \/>\nPoli\u00fcretan beton zemin Kaplamalar\u0131<\/li>\n<li>ANC ET\u0130KET (BURSA)<br \/>\nEpoksi Zemin Kaplamalar\u0131<\/li>\n<li>CARG\u0130LL FABR\u0130KASI (D\u0130LOVASI\/KOCAEL\u0130)<br \/>\nTemel ve Perde Yal\u0131t\u0131mlar\u0131<\/li>\n<li>BOLACALAR ZEYT\u0130NYA\u011eI FABR\u0130KASI (MUDANYA\/BURSA) YA\u011e FABR\u0130KASI<br \/>\nEpoksi Zemin Kaplamalar\u0131 ve Silolar\u0131n Su Yal\u0131t\u0131mlar\u0131<\/li>\n<li>SKY TOWER KURTK\u00d6Y<br \/>\nTemel, Perde ve Teras Su Yal\u0131t\u0131m Uygulamas\u0131<\/li>\n<li>ENG\u0130N \u00c7EL\u0130K \u0130N\u015eAAT (BURSA)<br \/>\n\u00c7ar\u015famba Otopark Zemin Kaplamalar\u0131<\/li>\n<\/ul>\n\n\t\t<\/div>\n\t<\/div>\n<\/div><\/div><div class=\"card-section order-lg-1 vc_column_container col-md-12 col-xl-4 col-lg-4\"><div class=\"wpb_wrapper vc_column-inner\"><div class=\"porto-ultimate-content-box-container bg-primary py-5 custom-border-radius-1\"><style>#porto_ucb_4394{will-change: box-shadow;box-shadow: none;}<\/style><div class=\"porto-ultimate-content-box vc_custom_1640813573101\" style=\"\" id=\"porto_ucb_4394\"><h3 style=\"font-size: 32.2px;color: #ffffff;line-height: 1.3;text-align: center;font-weight:700;letter-spacing:-1.61px\" class=\"vc_custom_heading mb-3 text-center\">Services for Professionals<\/h3><div class=\"porto-sicon-box custom-view-more mb-4 justify-content-center  wpb_custom_1efe903570d178ff0a9b7bfa5febd3a4 style_1 default-icon\"><div class=\"porto-sicon-default\"><div class=\"porto-just-icon-wrapper porto-icon none\" style=\"color:#ffffff;font-size:36.8px;margin-right:0px;\"><i class=\"Simple-Line-Icons-phone\"><\/i><\/div><\/div><div class=\"porto-sicon-header\"><h5 class=\"porto-sicon-title\" style=\"font-weight:500;font-size:16.8px;line-height:1.2;letter-spacing:0;color:#ffffff;margin-bottom:4px;\">Bize Ula\u015f\u0131n<\/h5><p style=\"font-weight:700;font-size:25.2px;line-height:1.2;color:#ffffff;\">+90 462 999 19 91<\/p><\/div> <!-- header --><\/div><!-- porto-sicon-box --><\/div><\/div><\/div><\/div><\/div><\/div><\/div>\n<\/section>","protected":false},"excerpt":{"rendered":"RHG ENERT\u00dcRK ENERJ\u0130 ERENK\u00d6Y REG\u00dcLAT\u00d6R\u00dc VE HES (MURGUL\/ARTV\u0130N) Poli\u00fcretan Enjeksiyon Uygulamas\u0131, Beton Tamiratlar\u0131 Ve Su Yal\u0131t\u0131m Uygulamas\u0131 CENG\u0130Z \u0130N\u015eAAT Z\u0130GANA \u015eANT\u0130YES\u0130 (TRABZON) Yap\u0131sal Tamir Harc\u0131 Uygulamalar\u0131 TAY ENERJ\u0130 \u00d6ZG\u00dcVEN REG\u00dcLAT\u00d6R\u00dc VE HES (YUSUFEL\u0130\/ARTV\u0130N) Poli\u00fcretan Enjeksiyon Uygulamas\u0131 AGE ENERJ\u0130 SARMA\u015eIK 1-2 REG\u00dcLAT\u00d6R\u00dc VE HES (HAYRAT\/TRABZON) Poli\u00fcretan Enjeksiyon Uygulamas\u0131 ve Beton Tamiratlar\u0131 AKFEM ENERJ\u0130 ALTINYAYLA REG\u00dcLAT\u00d6R\u00dc VE [...]","protected":false},"author":1,"featured_media":0,"parent":0,"menu_order":0,"comment_status":"closed","ping_status":"closed","template":"","meta":{"footnotes":""},"class_list":["post-1552","page","type-page","status-publish","hentry"],"yoast_head":"<!-- This site is optimized with the Yoast SEO plugin v24.7 - https:\/\/yoast.com\/wordpress\/plugins\/seo\/ -->\n<title>our references | Tratek Yap\u0131 M\u00fchendislik<\/title>\n<meta name=\"robots\" content=\"index, follow, max-snippet:-1, max-image-preview:large, max-video-preview:-1\" \/>\n<link rel=\"canonical\" href=\"https:\/\/www.tratekyapi.com\/referasnslar\/\" \/>\n<meta property=\"og:locale\" content=\"en_US\" \/>\n<meta property=\"og:type\" content=\"article\" \/>\n<meta property=\"og:title\" content=\"our references | Tratek Yap\u0131 M\u00fchendislik\" \/>\n<meta property=\"og:url\" content=\"https:\/\/www.tratekyapi.com\/referasnslar\/\" \/>\n<meta property=\"og:site_name\" content=\"Tratek Yap\u0131 M\u00fchendislik\" \/>\n<meta property=\"article:modified_time\" content=\"2023-08-06T16:51:14+00:00\" \/>\n<meta name=\"twitter:card\" content=\"summary_large_image\" \/>\n<meta name=\"twitter:label1\" content=\"Est. reading time\" \/>\n\t<meta name=\"twitter:data1\" content=\"4 minutes\" \/>\n<script type=\"application\/ld+json\" class=\"yoast-schema-graph\">{\"@context\":\"https:\/\/schema.org\",\"@graph\":[{\"@type\":\"WebPage\",\"@id\":\"https:\/\/www.tratekyapi.com\/referasnslar\/\",\"url\":\"https:\/\/www.tratekyapi.com\/referasnslar\/\",\"name\":\"our references | Tratek Yap\u0131 M\u00fchendislik\",\"isPartOf\":{\"@id\":\"https:\/\/www.tratekyapi.com\/#website\"},\"datePublished\":\"2021-07-30T22:32:57+00:00\",\"dateModified\":\"2023-08-06T16:51:14+00:00\",\"breadcrumb\":{\"@id\":\"https:\/\/www.tratekyapi.com\/referasnslar\/#breadcrumb\"},\"inLanguage\":\"en-US\",\"potentialAction\":[{\"@type\":\"ReadAction\",\"target\":[\"https:\/\/www.tratekyapi.com\/referasnslar\/\"]}]},{\"@type\":\"BreadcrumbList\",\"@id\":\"https:\/\/www.tratekyapi.com\/referasnslar\/#breadcrumb\",\"itemListElement\":[{\"@type\":\"ListItem\",\"position\":1,\"name\":\"Anasayfa\",\"item\":\"https:\/\/www.tratekyapi.com\/\"},{\"@type\":\"ListItem\",\"position\":2,\"name\":\"our references\"}]},{\"@type\":\"WebSite\",\"@id\":\"https:\/\/www.tratekyapi.com\/#website\",\"url\":\"https:\/\/www.tratekyapi.com\/\",\"name\":\"Tratek Yap\u0131 M\u00fchendislik\",\"description\":\"Trabzon Tratek Yap M\u00fchendislik\",\"publisher\":{\"@id\":\"https:\/\/www.tratekyapi.com\/#organization\"},\"potentialAction\":[{\"@type\":\"SearchAction\",\"target\":{\"@type\":\"EntryPoint\",\"urlTemplate\":\"https:\/\/www.tratekyapi.com\/?s={search_term_string}\"},\"query-input\":{\"@type\":\"PropertyValueSpecification\",\"valueRequired\":true,\"valueName\":\"search_term_string\"}}],\"inLanguage\":\"en-US\"},{\"@type\":\"Organization\",\"@id\":\"https:\/\/www.tratekyapi.com\/#organization\",\"name\":\"Tratek Yap\u0131\",\"url\":\"https:\/\/www.tratekyapi.com\/\",\"logo\":{\"@type\":\"ImageObject\",\"inLanguage\":\"en-US\",\"@id\":\"https:\/\/www.tratekyapi.com\/#\/schema\/logo\/image\/\",\"url\":\"https:\/\/www.tratekyapi.com\/wp-content\/uploads\/2021\/07\/tratek_logo.png\",\"contentUrl\":\"https:\/\/www.tratekyapi.com\/wp-content\/uploads\/2021\/07\/tratek_logo.png\",\"width\":500,\"height\":240,\"caption\":\"Tratek Yap\u0131\"},\"image\":{\"@id\":\"https:\/\/www.tratekyapi.com\/#\/schema\/logo\/image\/\"}}]}<\/script>\n<!-- \/ Yoast SEO plugin. -->","yoast_head_json":{"title":"our references | Tratek Yap\u0131 M\u00fchendislik","robots":{"index":"index","follow":"follow","max-snippet":"max-snippet:-1","max-image-preview":"max-image-preview:large","max-video-preview":"max-video-preview:-1"},"canonical":"https:\/\/www.tratekyapi.com\/referasnslar\/","og_locale":"en_US","og_type":"article","og_title":"our references | Tratek Yap\u0131 M\u00fchendislik","og_url":"https:\/\/www.tratekyapi.com\/referasnslar\/","og_site_name":"Tratek Yap\u0131 M\u00fchendislik","article_modified_time":"2023-08-06T16:51:14+00:00","twitter_card":"summary_large_image","twitter_misc":{"Est. reading time":"4 minutes"},"schema":{"@context":"https:\/\/schema.org","@graph":[{"@type":"WebPage","@id":"https:\/\/www.tratekyapi.com\/referasnslar\/","url":"https:\/\/www.tratekyapi.com\/referasnslar\/","name":"our references | Tratek Yap\u0131 M\u00fchendislik","isPartOf":{"@id":"https:\/\/www.tratekyapi.com\/#website"},"datePublished":"2021-07-30T22:32:57+00:00","dateModified":"2023-08-06T16:51:14+00:00","breadcrumb":{"@id":"https:\/\/www.tratekyapi.com\/referasnslar\/#breadcrumb"},"inLanguage":"en-US","potentialAction":[{"@type":"ReadAction","target":["https:\/\/www.tratekyapi.com\/referasnslar\/"]}]},{"@type":"BreadcrumbList","@id":"https:\/\/www.tratekyapi.com\/referasnslar\/#breadcrumb","itemListElement":[{"@type":"ListItem","position":1,"name":"Anasayfa","item":"https:\/\/www.tratekyapi.com\/"},{"@type":"ListItem","position":2,"name":"our references"}]},{"@type":"WebSite","@id":"https:\/\/www.tratekyapi.com\/#website","url":"https:\/\/www.tratekyapi.com\/","name":"Tratek Yap\u0131 M\u00fchendislik","description":"Trabzon Tratek Yap M\u00fchendislik","publisher":{"@id":"https:\/\/www.tratekyapi.com\/#organization"},"potentialAction":[{"@type":"SearchAction","target":{"@type":"EntryPoint","urlTemplate":"https:\/\/www.tratekyapi.com\/?s={search_term_string}"},"query-input":{"@type":"PropertyValueSpecification","valueRequired":true,"valueName":"search_term_string"}}],"inLanguage":"en-US"},{"@type":"Organization","@id":"https:\/\/www.tratekyapi.com\/#organization","name":"Tratek Yap\u0131","url":"https:\/\/www.tratekyapi.com\/","logo":{"@type":"ImageObject","inLanguage":"en-US","@id":"https:\/\/www.tratekyapi.com\/#\/schema\/logo\/image\/","url":"https:\/\/www.tratekyapi.com\/wp-content\/uploads\/2021\/07\/tratek_logo.png","contentUrl":"https:\/\/www.tratekyapi.com\/wp-content\/uploads\/2021\/07\/tratek_logo.png","width":500,"height":240,"caption":"Tratek Yap\u0131"},"image":{"@id":"https:\/\/www.tratekyapi.com\/#\/schema\/logo\/image\/"}}]}},"_links":{"self":[{"href":"https:\/\/www.tratekyapi.com\/en\/wp-json\/wp\/v2\/pages\/1552","targetHints":{"allow":["GET"]}}],"collection":[{"href":"https:\/\/www.tratekyapi.com\/en\/wp-json\/wp\/v2\/pages"}],"about":[{"href":"https:\/\/www.tratekyapi.com\/en\/wp-json\/wp\/v2\/types\/page"}],"author":[{"embeddable":true,"href":"https:\/\/www.tratekyapi.com\/en\/wp-json\/wp\/v2\/users\/1"}],"replies":[{"embeddable":true,"href":"https:\/\/www.tratekyapi.com\/en\/wp-json\/wp\/v2\/comments?post=1552"}],"version-history":[{"count":2,"href":"https:\/\/www.tratekyapi.com\/en\/wp-json\/wp\/v2\/pages\/1552\/revisions"}],"predecessor-version":[{"id":1554,"href":"https:\/\/www.tratekyapi.com\/en\/wp-json\/wp\/v2\/pages\/1552\/revisions\/1554"}],"wp:attachment":[{"href":"https:\/\/www.tratekyapi.com\/en\/wp-json\/wp\/v2\/media?parent=1552"}],"curies":[{"name":"wp","href":"https:\/\/api.w.org\/{rel}","templated":true}]}}