{"id":1519,"date":"2020-12-25T14:56:53","date_gmt":"2020-12-25T11:56:53","guid":{"rendered":"https:\/\/www.tratekyapi.com\/%e1%83%a9%e1%83%95%e1%83%94%e1%83%9c-%e1%83%a8%e1%83%94%e1%83%a1%e1%83%90%e1%83%ae%e1%83%94%e1%83%91\/"},"modified":"2023-08-03T21:15:55","modified_gmt":"2023-08-03T18:15:55","slug":"%e1%83%a9%e1%83%95%e1%83%94%e1%83%9c-%e1%83%a8%e1%83%94%e1%83%a1%e1%83%90%e1%83%ae%e1%83%94%e1%83%91","status":"publish","type":"page","link":"https:\/\/www.tratekyapi.com\/ge\/%e1%83%a9%e1%83%95%e1%83%94%e1%83%9c-%e1%83%a8%e1%83%94%e1%83%a1%e1%83%90%e1%83%ae%e1%83%94%e1%83%91\/","title":{"rendered":"\u10e9\u10d5\u10d4\u10dc \u10e8\u10d4\u10e1\u10d0\u10ee\u10d4\u10d1"},"content":{"rendered":"<section class=\"wpb-content-wrapper\"><div class=\"vc_row wpb_row top-row porto-inner-container\"><div class=\"porto-wrap-container container\"><div class=\"row align-items-center\"><div class=\"pb-sm-4 pb-lg-0 mb-5 mb-lg-0 vc_column_container col-md-12 col-lg-6\"><div class=\"wpb_wrapper vc_column-inner\"><h2  data-appear-animation=\"fadeInUp\" class=\"vc_custom_heading mb-0 align-left\">\u10e9\u10d5\u10d4\u10dc \u10e8\u10d4\u10e1\u10d0\u10ee\u10d4\u10d1<\/h2><div class=\"porto-separator   custom-separator customLineProgressAnim my-3\"><hr class=\"separator-line  wpb_animate_when_almost_visible wpb_left-to-right left-to-right align_left solid\" style=\"background-color:#1c5fa8;height:4px;\"><\/div><p  data-appear-animation=\"fadeInUp\" data-appear-animation-delay=\"700\" class=\"vc_custom_heading pb-1 mb-4 align-left\">2005 \u10ec\u10d4\u10da\u10e1 \u10e8\u10de\u10e1 Tratek Yap\u0131-\u10db \u10d3\u10d0\u10d8\u10ec\u10e7\u10dd \u10db\u10e3\u10e8\u10d0\u10dd\u10d1\u10d0 Sika-\u10e1 \u10d3\u10d8\u10da\u10d4\u10e0\u10d0\u10d3. 16 \u10ec\u10da\u10d8\u10d0\u10dc\u10d8 \u10d2\u10d0\u10db\u10dd\u10ea\u10d3\u10d8\u10da\u10d4\u10d1\u10d8\u10e1\u10d0 \u10d3\u10d0 \u10d2\u10d0\u10db\u10dd\u10ea\u10d3\u10d8\u10da\u10d4\u10d1\u10d8\u10e1 \u10d3\u10d0\u10d2\u10e0\u10dd\u10d5\u10d4\u10d1\u10d8\u10d7, \u10d9\u10dd\u10db\u10de\u10d0\u10dc\u10d8\u10d0 \u10d3\u10d0\u10d0\u10e0\u10e1\u10d4\u10d1\u10d8\u10e1 \u10d3\u10e6\u10d8\u10d3\u10d0\u10dc \u10d2\u10d0\u10dc\u10d5\u10d8\u10d7\u10d0\u10e0\u10d3\u10d0 \u10d3\u10d0 \u10e9\u10d0\u10db\u10dd\u10e7\u10d0\u10da\u10d8\u10d1\u10d3\u10d0, \u10e0\u10dd\u10d2\u10dd\u10e0\u10ea \u10ec\u10d0\u10db\u10e7\u10d5\u10d0\u10dc\u10d8 \u10e1\u10d0\u10db\u10e8\u10d4\u10dc\u10d4\u10d1\u10da\u10dd \u10e5\u10d8\u10db\u10d8\u10d9\u10d0\u10e2\u10d4\u10d1\u10d8\u10e1 \u10d3\u10d0 \u10e1\u10d0\u10d8\u10d6\u10dd\u10da\u10d0\u10ea\u10d8\u10dd \u10d9\u10dd\u10db\u10de\u10d0\u10dc\u10d8\u10d0 \u10e0\u10d4\u10d2\u10d8\u10dd\u10dc\u10e8\u10d8. \u10d2\u10d0\u10e0\u10d3\u10d0 \u10d0\u10db\u10d8\u10e1\u10d0, \u10db\u10d0\u10dc \u10ec\u10d0\u10e0\u10db\u10d0\u10e2\u10d4\u10d1\u10d8\u10d7 \u10d2\u10d0\u10d0\u10e4\u10d0\u10e0\u10d7\u10dd\u10d5\u10d0 \u10d7\u10d0\u10d5\u10d8\u10e1\u10d8 \u10e7\u10dd\u10e4\u10dc\u10d0 \u10db\u10d7\u10d4\u10da \u10e5\u10d5\u10d4\u10e7\u10d0\u10dc\u10d0\u10e8\u10d8. \u10e9\u10d5\u10d4\u10dc\u10d8 \u10d1\u10d8\u10d6\u10dc\u10d4\u10e1\u10d8, \u10e0\u10dd\u10db\u10d4\u10da\u10e1\u10d0\u10ea\n<p>\u10e9\u10d5\u10d4\u10dc\u10d8 \u10d9\u10dd\u10db\u10de\u10d0\u10dc\u10d8\u10d0 \u10e0\u10e9\u10d4\u10d1\u10d0 Sika-\u10e1 \u10d3\u10d8\u10da\u10d4\u10e0\u10d0\u10d3 \u10d8\u10d0\u10e2\u10d0\u10d9\u10d8\u10e1 \u10e1\u10d0\u10e4\u10d0\u10e0\u10d8\u10e1, \u10f0\u10d8\u10d3\u10e0\u10dd\u10d8\u10d6\u10dd\u10da\u10d0\u10ea\u10d8\u10d8\u10e1, \u10de\u10dd\u10da\u10d8\u10e3\u10e0\u10d4\u10d7\u10d0\u10dc\u10d8\u10e1 \u10e1\u10d0\u10d8\u10dc\u10d4\u10e5\u10ea\u10d8\u10dd \u10d0\u10de\u10da\u10d8\u10d9\u10d0\u10ea\u10d8\u10d4\u10d1\u10d8\u10e1, \u10de\u10dd\u10da\u10d8\u10e3\u10e0\u10d4\u10d7\u10d0\u10dc\u10d8\u10e1 \u10f0\u10d8\u10d3\u10e0\u10dd\u10d8\u10d6\u10dd\u10da\u10d0\u10ea\u10d8\u10d8\u10e1, \u10d0\u10d5\u10e2\u10dd\u10e1\u10d0\u10d3\u10d2\u10dd\u10db\u10d8\u10e1 \u10e1\u10d0\u10e4\u10d0\u10e0\u10d8\u10e1 \u10e1\u10d8\u10e1\u10e2\u10d4\u10db\u10d4\u10d1\u10d8\u10e1\u10d0 \u10d3\u10d0 \u10e8\u10d4\u10d9\u10d4\u10d7\u10d4\u10d1\u10d8\u10e1\u10d0 \u10d3\u10d0 \u10d2\u10d0\u10db\u10d0\u10d2\u10e0\u10d4\u10d1\u10d8\u10e1 \u10e1\u10e4\u10d4\u10e0\u10dd\u10e8\u10d8. \u10e0\u10dd\u10d2\u10dd\u10e0\u10ea Tratek Yap\u0131, \u10e9\u10d5\u10d4\u10dc \u10d2\u10d5\u10d0\u10e5\u10d5\u10e1 \u10db\u10d4\u10d7\u10dd\u10d3\u10e3\u10e0\u10d8 \u10db\u10d8\u10d3\u10d2\u10dd\u10db\u10d0 \u10e9\u10d5\u10d4\u10dc\u10d8 \u10de\u10e0\u10dd\u10d4\u10e5\u10e2\u10d4\u10d1\u10d8\u10e1 \u10db\u10d8\u10db\u10d0\u10e0\u10d7, \u10e0\u10d0\u10ea \u10e3\u10d6\u10e0\u10e3\u10dc\u10d5\u10d4\u10da\u10d5\u10e7\u10dd\u10e4\u10d7 \u10d3\u10d0 \u10db\u10d0\u10e6\u10d0\u10da\u10d8 \u10ee\u10d0\u10e0\u10d8\u10e1\u10ee\u10d8\u10e1 \u10d3\u10d0 \u10e1\u10d0\u10dc\u10d3\u10dd \u10e1\u10d4\u10e0\u10d5\u10d8\u10e1\u10d4\u10d1\u10d8, \u10e0\u10dd\u10db\u10da\u10d4\u10d1\u10d8\u10ea \u10d2\u10da\u10dd\u10d1\u10d0\u10da\u10e3\u10e0 \u10e1\u10e2\u10d0\u10dc\u10d3\u10d0\u10e0\u10e2\u10d4\u10d1\u10e1 \u10d3\u10d0 \u10dd\u10de\u10d4\u10e0\u10d0\u10e2\u10d8\u10e3\u10da\u10d0\u10d3 \u10d0\u10e1\u10e0\u10e3\u10da\u10d4\u10d1\u10d4\u10dc \u10e9\u10d5\u10d4\u10dc\u10d8 \u10db\u10dd\u10db\u10ee\u10db\u10d0\u10e0\u10d4\u10d1\u10da\u10d4\u10d1\u10d8\u10e1 \u10e1\u10d0\u10ed\u10d8\u10e0\u10dd\u10d4\u10d1\u10d4\u10d1\u10e1\u10d0 \u10d3\u10d0 \u10db\u10dd\u10da\u10dd\u10d3\u10d8\u10dc\u10d4\u10d1\u10e1. \u10d2\u10d0\u10e0\u10d3\u10d0 \u10d0\u10db\u10d8\u10e1\u10d0, \u10d5\u10d0\u10d2\u10e0\u10eb\u10d4\u10da\u10d4\u10d1\u10d7, \u10d9\u10dd\u10e0\u10de\u10dd\u10e0\u10d0\u10e2\u10d8\u10e3\u10da\u10d8 \u10e1\u10e2\u10e0\u10e3\u10e5\u10e2\u10e3\u10e0\u10d0 \u10e1\u10d0\u10d8\u10d6\u10dd\u10da\u10d0\u10ea\u10d8\u10dd \u10d8\u10dc\u10d3\u10e3\u10e1\u10e2\u10e0\u10d8\u10d0\u10e8\u10d8, \u10e0\u10dd\u10db\u10d4\u10da\u10d8\u10ea \u10de\u10e0\u10d8\u10dd\u10e0\u10d8\u10e2\u10d4\u10e2\u10e1 \u10d0\u10dc\u10d8\u10ed\u10d4\u10d1\u10e1 \u10db\u10e3\u10d3\u10db\u10d8\u10d5 \u10d8\u10dc\u10dd\u10d5\u10d0\u10ea\u10d8\u10d4\u10d1\u10e1 \u10e9\u10d5\u10d4\u10dc\u10e1 \u10db\u10d4\u10dc\u10d4\u10ef\u10db\u10d4\u10dc\u10e2\u10d8\u10e1 \u10e1\u10d8\u10e1\u10e2\u10d4\u10db\u10d0\u10e8\u10d8, \u10e0\u10d0\u10ea \u10d2\u10d0\u10e0\u10d0\u10dc\u10e2\u10d8\u10d0\u10e1 \u10d8\u10eb\u10da\u10d4\u10d5\u10d0 \u10ee\u10d0\u10e0\u10d8\u10e1\u10ee\u10d8\u10d0\u10dc\u10d8 \u10d3\u10d0 \u10e1\u10d0\u10d8\u10db\u10d4\u10d3\u10dd \u10db\u10dd\u10db\u10e1\u10d0\u10ee\u10e3\u10e0\u10d4\u10d1\u10d8\u10e1 \u10db\u10d8\u10ec\u10dd\u10d3\u10d4\u10d1\u10d0\u10e1 \u10e1\u10d0\u10d4\u10e0\u10d7\u10d0\u10e8\u10dd\u10e0\u10d8\u10e1\u10dd \u10e1\u10e2\u10d0\u10dc\u10d3\u10d0\u10e0\u10e2\u10d4\u10d1\u10d7\u10d0\u10dc \u10e8\u10d4\u10e1\u10d0\u10d1\u10d0\u10db\u10d8\u10e1\u10dd\u10d1\u10d0\u10e8\u10d8.<\/p><\/p><\/div><\/div><div class=\"pl-lg-5 pr-5 custom-auto-img vc_column_container col-md-9 col-lg-6 col-10\" data-appear-animation=\"fadeInLeft\" data-appear-animation-delay=\"1450\"><div class=\"wpb_wrapper vc_column-inner\">\n\t<div class=\"wpb_single_image wpb_content_element vc_align_left   mb-0\" data-plugin-float-element data-plugin-options=\"{&quot;startPos&quot;:&quot;top&quot;,&quot;speed&quot;:&quot;9.8&quot;,&quot;transition&quot;:true,&quot;horizontal&quot;:false,&quot;transitionDuration&quot;:1000}\">\n\t\t<div class=\"wpb_wrapper\">\n\t\t\t\n\t\t\t<div class=\"vc_single_image-wrapper   vc_box_border_grey\"><img loading=\"lazy\" decoding=\"async\" width=\"1140\" height=\"1575\" src=\"https:\/\/www.tratekyapi.com\/wp-content\/uploads\/2021\/07\/Tratek-Yapi-Uygulamalar-8-kopya.jpg\" class=\"vc_single_image-img attachment-full\" alt=\"\" title=\"PowerPoint Sunusu\" srcset=\"https:\/\/www.tratekyapi.com\/wp-content\/uploads\/2021\/07\/Tratek-Yapi-Uygulamalar-8-kopya.jpg 1140w, https:\/\/www.tratekyapi.com\/wp-content\/uploads\/2021\/07\/Tratek-Yapi-Uygulamalar-8-kopya-741x1024.jpg 741w, https:\/\/www.tratekyapi.com\/wp-content\/uploads\/2021\/07\/Tratek-Yapi-Uygulamalar-8-kopya-768x1061.jpg 768w, https:\/\/www.tratekyapi.com\/wp-content\/uploads\/2021\/07\/Tratek-Yapi-Uygulamalar-8-kopya-1112x1536.jpg 1112w, https:\/\/www.tratekyapi.com\/wp-content\/uploads\/2021\/07\/Tratek-Yapi-Uygulamalar-8-kopya-640x884.jpg 640w, https:\/\/www.tratekyapi.com\/wp-content\/uploads\/2021\/07\/Tratek-Yapi-Uygulamalar-8-kopya-400x553.jpg 400w, https:\/\/www.tratekyapi.com\/wp-content\/uploads\/2021\/07\/Tratek-Yapi-Uygulamalar-8-kopya-367x507.jpg 367w\" sizes=\"auto, (max-width: 1140px) 100vw, 1140px\" \/><\/div>\n\t\t<\/div>\n\t<\/div>\n<\/div><\/div><\/div><\/div><\/div><div class=\"vc_row wpb_row top-row mt-5 pt-4 m-b-lg porto-inner-container\"><div class=\"porto-wrap-container container\"><div class=\"row align-items-center\"><div class=\"pb-sm-4 pb-lg-0 mb-5 mb-lg-0 vc_column_container col-md-12 col-lg-6\"><div class=\"wpb_wrapper vc_column-inner\"><h2  data-appear-animation=\"fadeInUp\" class=\"vc_custom_heading mb-0 align-left\">\u10e9\u10d5\u10d4\u10dc\u10d8 \u10db\u10d8\u10e1\u10d8\u10d0<\/h2><div class=\"porto-separator   custom-separator customLineProgressAnim my-3\"><hr class=\"separator-line  wpb_animate_when_almost_visible wpb_left-to-right left-to-right align_left solid\" style=\"background-color:#1c5fa8;height:4px;\"><\/div><p  data-appear-animation=\"fadeInUp\" data-appear-animation-delay=\"700\" class=\"vc_custom_heading pb-1 mb-4 align-left\">\u10e0\u10dd\u10d2\u10dd\u10e0\u10ea \u10d8\u10dc\u10d3\u10e3\u10e1\u10e2\u10e0\u10d8\u10d8\u10e1 \u10db\u10d8\u10e6\u10ec\u10d4\u10d5\u10d4\u10d1\u10d8\u10e1 \u10db\u10d8\u10db\u10d3\u10d4\u10d5\u10d0\u10e0\u10d8, \u10e9\u10d5\u10d4\u10dc\u10d8 \u10db\u10d7\u10d0\u10d5\u10d0\u10e0\u10d8 \u10db\u10d8\u10d6\u10d0\u10dc\u10d8\u10d0 \u10d3\u10d0\u10d5\u10d0\u10d9\u10db\u10d0\u10e7\u10dd\u10e4\u10d8\u10da\u10dd\u10d7 \u10d9\u10da\u10d8\u10d4\u10dc\u10e2\u10d4\u10d1\u10d8 \u10e3\u10d0\u10ee\u10da\u10d4\u10e1\u10d8 \u10dc\u10d8\u10d5\u10d7\u10d4\u10d1\u10d8\u10e1 \u10ec\u10d0\u10e0\u10d3\u10d2\u10d4\u10dc\u10d8\u10d7 \u10db\u10d0\u10d7 \u10e0\u10d0\u10ea \u10e8\u10d4\u10d8\u10eb\u10da\u10d4\u10d1\u10d0 \u10e1\u10ec\u10e0\u10d0\u10e4\u10d0\u10d3, \u10ee\u10d0\u10e0\u10d8\u10e1\u10ee\u10d8\u10e1 \u10e8\u10d4\u10ec\u10d8\u10e0\u10d5\u10d8\u10e1 \u10d2\u10d0\u10e0\u10d4\u10e8\u10d4.<\/p><\/div><\/div><div class=\"pl-lg-5 pr-5 custom-auto-img vc_column_container col-md-9 col-lg-6 col-10\" data-appear-animation=\"fadeInLeft\" data-appear-animation-delay=\"1450\"><div class=\"wpb_wrapper vc_column-inner\"><h2  data-appear-animation=\"fadeInUp\" class=\"vc_custom_heading mb-0 align-left\">\u10ee\u10d4\u10d3\u10d5\u10d0<\/h2><div class=\"porto-separator   custom-separator customLineProgressAnim my-3\"><hr class=\"separator-line  wpb_animate_when_almost_visible wpb_left-to-right left-to-right align_left solid\" style=\"background-color:#1c5fa8;height:4px;\"><\/div><p  data-appear-animation=\"fadeInUp\" data-appear-animation-delay=\"700\" class=\"vc_custom_heading pb-1 mb-4 align-left\">\u10d2\u10d0\u10d5\u10d0\u10d2\u10e0\u10eb\u10d4\u10da\u10dd\u10d7 \u10dc\u10d0\u10dc\u10d0\u10e2\u10e0\u10d8 \u10d1\u10e0\u10d4\u10dc\u10d3\u10d8 \u10e9\u10d5\u10d4\u10dc\u10e1 \u10d8\u10dc\u10d3\u10e3\u10e1\u10e2\u10e0\u10d8\u10d0\u10e8\u10d8 \u10e1\u10d0\u10d9\u10e3\u10d7\u10d0\u10e0\u10d8 \u10ed\u10d4\u10e8\u10db\u10d0\u10e0\u10d8\u10e2\u10d4\u10d1\u10d8\u10e1 \u10e4\u10d0\u10e0\u10d2\u10da\u10d4\u10d1\u10e8\u10d8, \u10e1\u10d0\u10d8\u10db\u10d4\u10d3\u10dd\u10dd\u10d1\u10d8\u10e1\u10d0 \u10d3\u10d0 \u10ee\u10d0\u10e0\u10d8\u10e1\u10ee\u10d8\u10e1 \u10e6\u10d8\u10e0\u10d4\u10d1\u10e3\u10da\u10d4\u10d1\u10d4\u10d1\u10d8\u10e1 \u10d9\u10dd\u10db\u10de\u10e0\u10dd\u10db\u10d8\u10e1\u10d8\u10e1 \u10d2\u10d0\u10e0\u10d4\u10e8\u10d4, \u10d9\u10da\u10d8\u10d4\u10dc\u10e2\u10d8\u10e1 \u10e1\u10d0\u10ed\u10d8\u10e0\u10dd\u10d4\u10d1\u10d4\u10d1\u10d8\u10e1\u10d0 \u10d3\u10d0 \u10d9\u10db\u10d0\u10e7\u10dd\u10e4\u10d8\u10da\u10d4\u10d1\u10d8\u10e1 \u10e1\u10d0\u10e4\u10e3\u10eb\u10d5\u10d4\u10da\u10d6\u10d4 \u10d3\u10d0 \u10d2\u10d0\u10dc\u10d5\u10d0\u10db\u10e2\u10d9\u10d8\u10ea\u10dd\u10d7 \u10e9\u10d5\u10d4\u10dc\u10d8 \u10de\u10dd\u10d6\u10d8\u10ea\u10d8\u10d0 \u10d2\u10da\u10dd\u10d1\u10d0\u10da\u10e3\u10e0 \u10d1\u10d0\u10d6\u10d0\u10e0\u10e1, \u10e0\u10dd\u10d2\u10dd\u10e0\u10ea \u10e1\u10e2\u10d0\u10d1\u10d8\u10da\u10e3\u10e0\u10d0\u10d3 \u10d2\u10d0\u10e4\u10d0\u10e0\u10d7\u10dd\u10d4\u10d1\u10e3\u10da\u10d8 \u10d1\u10d8\u10d6\u10dc\u10d4\u10e1\u10d8 \u10d8\u10dc\u10dd\u10d5\u10d0\u10ea\u10d8\u10d8\u10e1 \u10e1\u10e3\u10da\u10d8\u10e1\u10d9\u10d5\u10d4\u10d7\u10d4\u10d1\u10d8\u10d7.<\/p><\/div><\/div><\/div><\/div><\/div><div class=\"vc_row wpb_row top-row custom-lightbox vc_custom_1640788298454 porto-inner-container\"><div class=\"porto-wrap-container container\"><div class=\"row vc_column-gap-20\"><div class=\"vc_column_container col-md-4\"><div class=\"wpb_wrapper vc_column-inner\">\n\t<div class=\"wpb_single_image wpb_content_element vc_align_left   mb-0\">\n\t\t<div class=\"wpb_wrapper\">\n\t\t\t\n\t\t\t<a class=\"porto-vc-zoom porto-vc-zoom-hover-icon\" data-gallery=\"true\" data-title=\"\" href=\"https:\/\/www.tratekyapi.com\/wp-content\/uploads\/2021\/07\/hakki1-1024x773.jpg\" target=\"_self\"><div class=\"vc_single_image-wrapper   vc_box_border_grey\"><img loading=\"lazy\" decoding=\"async\" width=\"1050\" height=\"793\" src=\"https:\/\/www.tratekyapi.com\/wp-content\/uploads\/2021\/07\/hakki1.jpg\" class=\"vc_single_image-img attachment-full\" alt=\"\" title=\"PowerPoint Sunusu\" srcset=\"https:\/\/www.tratekyapi.com\/wp-content\/uploads\/2021\/07\/hakki1.jpg 1050w, https:\/\/www.tratekyapi.com\/wp-content\/uploads\/2021\/07\/hakki1-1024x773.jpg 1024w, https:\/\/www.tratekyapi.com\/wp-content\/uploads\/2021\/07\/hakki1-768x580.jpg 768w, https:\/\/www.tratekyapi.com\/wp-content\/uploads\/2021\/07\/hakki1-640x483.jpg 640w, https:\/\/www.tratekyapi.com\/wp-content\/uploads\/2021\/07\/hakki1-400x302.jpg 400w, https:\/\/www.tratekyapi.com\/wp-content\/uploads\/2021\/07\/hakki1-367x277.jpg 367w\" sizes=\"auto, (max-width: 1050px) 100vw, 1050px\" \/><\/div><\/a>\n\t\t<\/div>\n\t<\/div>\n<\/div><\/div><div class=\"vc_column_container col-md-4\"><div class=\"wpb_wrapper vc_column-inner\">\n\t<div class=\"wpb_single_image wpb_content_element vc_align_left   mb-0\">\n\t\t<div class=\"wpb_wrapper\">\n\t\t\t\n\t\t\t<a class=\"porto-vc-zoom porto-vc-zoom-hover-icon\" data-gallery=\"true\" data-title=\"\" href=\"https:\/\/www.tratekyapi.com\/wp-content\/uploads\/2021\/07\/hakki3-1024x769.jpg\" target=\"_self\"><div class=\"vc_single_image-wrapper   vc_box_border_grey\"><img loading=\"lazy\" decoding=\"async\" width=\"1044\" height=\"784\" src=\"https:\/\/www.tratekyapi.com\/wp-content\/uploads\/2021\/07\/hakki3.jpg\" class=\"vc_single_image-img attachment-full\" alt=\"\" title=\"PowerPoint Sunusu\" srcset=\"https:\/\/www.tratekyapi.com\/wp-content\/uploads\/2021\/07\/hakki3.jpg 1044w, https:\/\/www.tratekyapi.com\/wp-content\/uploads\/2021\/07\/hakki3-1024x769.jpg 1024w, https:\/\/www.tratekyapi.com\/wp-content\/uploads\/2021\/07\/hakki3-768x577.jpg 768w, https:\/\/www.tratekyapi.com\/wp-content\/uploads\/2021\/07\/hakki3-463x348.jpg 463w, https:\/\/www.tratekyapi.com\/wp-content\/uploads\/2021\/07\/hakki3-640x480.jpg 640w, https:\/\/www.tratekyapi.com\/wp-content\/uploads\/2021\/07\/hakki3-400x300.jpg 400w, https:\/\/www.tratekyapi.com\/wp-content\/uploads\/2021\/07\/hakki3-367x276.jpg 367w\" sizes=\"auto, (max-width: 1044px) 100vw, 1044px\" \/><\/div><\/a>\n\t\t<\/div>\n\t<\/div>\n<\/div><\/div><div class=\"vc_column_container col-md-4\"><div class=\"wpb_wrapper vc_column-inner\">\n\t<div class=\"wpb_single_image wpb_content_element vc_align_left   mb-0\">\n\t\t<div class=\"wpb_wrapper\">\n\t\t\t\n\t\t\t<a class=\"porto-vc-zoom porto-vc-zoom-hover-icon\" data-gallery=\"true\" data-title=\"\" href=\"https:\/\/www.tratekyapi.com\/wp-content\/uploads\/2021\/07\/hakki2-1024x769.jpg\" target=\"_self\"><div class=\"vc_single_image-wrapper   vc_box_border_grey\"><img loading=\"lazy\" decoding=\"async\" width=\"1044\" height=\"784\" src=\"https:\/\/www.tratekyapi.com\/wp-content\/uploads\/2021\/07\/hakki2.jpg\" class=\"vc_single_image-img attachment-full\" alt=\"\" title=\"PowerPoint Sunusu\" srcset=\"https:\/\/www.tratekyapi.com\/wp-content\/uploads\/2021\/07\/hakki2.jpg 1044w, https:\/\/www.tratekyapi.com\/wp-content\/uploads\/2021\/07\/hakki2-1024x769.jpg 1024w, https:\/\/www.tratekyapi.com\/wp-content\/uploads\/2021\/07\/hakki2-768x577.jpg 768w, https:\/\/www.tratekyapi.com\/wp-content\/uploads\/2021\/07\/hakki2-463x348.jpg 463w, https:\/\/www.tratekyapi.com\/wp-content\/uploads\/2021\/07\/hakki2-640x480.jpg 640w, https:\/\/www.tratekyapi.com\/wp-content\/uploads\/2021\/07\/hakki2-400x300.jpg 400w, https:\/\/www.tratekyapi.com\/wp-content\/uploads\/2021\/07\/hakki2-367x276.jpg 367w\" sizes=\"auto, (max-width: 1044px) 100vw, 1044px\" \/><\/div><\/a>\n\t\t<\/div>\n\t<\/div>\n<\/div><\/div><\/div><\/div><\/div>\n<\/section>","protected":false},"excerpt":{"rendered":"\u10e9\u10d5\u10d4\u10dc \u10e8\u10d4\u10e1\u10d0\u10ee\u10d4\u10d12005 \u10ec\u10d4\u10da\u10e1 \u10e8\u10de\u10e1 Tratek Yap\u0131-\u10db \u10d3\u10d0\u10d8\u10ec\u10e7\u10dd \u10db\u10e3\u10e8\u10d0\u10dd\u10d1\u10d0 Sika-\u10e1 \u10d3\u10d8\u10da\u10d4\u10e0\u10d0\u10d3. 16 \u10ec\u10da\u10d8\u10d0\u10dc\u10d8 \u10d2\u10d0\u10db\u10dd\u10ea\u10d3\u10d8\u10da\u10d4\u10d1\u10d8\u10e1\u10d0 \u10d3\u10d0 \u10d2\u10d0\u10db\u10dd\u10ea\u10d3\u10d8\u10da\u10d4\u10d1\u10d8\u10e1 \u10d3\u10d0\u10d2\u10e0\u10dd\u10d5\u10d4\u10d1\u10d8\u10d7, \u10d9\u10dd\u10db\u10de\u10d0\u10dc\u10d8\u10d0 \u10d3\u10d0\u10d0\u10e0\u10e1\u10d4\u10d1\u10d8\u10e1 \u10d3\u10e6\u10d8\u10d3\u10d0\u10dc \u10d2\u10d0\u10dc\u10d5\u10d8\u10d7\u10d0\u10e0\u10d3\u10d0 \u10d3\u10d0 \u10e9\u10d0\u10db\u10dd\u10e7\u10d0\u10da\u10d8\u10d1\u10d3\u10d0, \u10e0\u10dd\u10d2\u10dd\u10e0\u10ea \u10ec\u10d0\u10db\u10e7\u10d5\u10d0\u10dc\u10d8 \u10e1\u10d0\u10db\u10e8\u10d4\u10dc\u10d4\u10d1\u10da\u10dd \u10e5\u10d8\u10db\u10d8\u10d9\u10d0\u10e2\u10d4\u10d1\u10d8\u10e1 \u10d3\u10d0 \u10e1\u10d0\u10d8\u10d6\u10dd\u10da\u10d0\u10ea\u10d8\u10dd \u10d9\u10dd\u10db\u10de\u10d0\u10dc\u10d8\u10d0 \u10e0\u10d4\u10d2\u10d8\u10dd\u10dc\u10e8\u10d8. \u10d2\u10d0\u10e0\u10d3\u10d0 \u10d0\u10db\u10d8\u10e1\u10d0, \u10db\u10d0\u10dc \u10ec\u10d0\u10e0\u10db\u10d0\u10e2\u10d4\u10d1\u10d8\u10d7 \u10d2\u10d0\u10d0\u10e4\u10d0\u10e0\u10d7\u10dd\u10d5\u10d0 \u10d7\u10d0\u10d5\u10d8\u10e1\u10d8 \u10e7\u10dd\u10e4\u10dc\u10d0 \u10db\u10d7\u10d4\u10da \u10e5\u10d5\u10d4\u10e7\u10d0\u10dc\u10d0\u10e8\u10d8. \u10e9\u10d5\u10d4\u10dc\u10d8 \u10d1\u10d8\u10d6\u10dc\u10d4\u10e1\u10d8, \u10e0\u10dd\u10db\u10d4\u10da\u10e1\u10d0\u10ea \u10e9\u10d5\u10d4\u10dc\u10d8 \u10d9\u10dd\u10db\u10de\u10d0\u10dc\u10d8\u10d0 \u10e0\u10e9\u10d4\u10d1\u10d0 Sika-\u10e1 \u10d3\u10d8\u10da\u10d4\u10e0\u10d0\u10d3 \u10d8\u10d0\u10e2\u10d0\u10d9\u10d8\u10e1 \u10e1\u10d0\u10e4\u10d0\u10e0\u10d8\u10e1, \u10f0\u10d8\u10d3\u10e0\u10dd\u10d8\u10d6\u10dd\u10da\u10d0\u10ea\u10d8\u10d8\u10e1, \u10de\u10dd\u10da\u10d8\u10e3\u10e0\u10d4\u10d7\u10d0\u10dc\u10d8\u10e1 \u10e1\u10d0\u10d8\u10dc\u10d4\u10e5\u10ea\u10d8\u10dd \u10d0\u10de\u10da\u10d8\u10d9\u10d0\u10ea\u10d8\u10d4\u10d1\u10d8\u10e1, \u10de\u10dd\u10da\u10d8\u10e3\u10e0\u10d4\u10d7\u10d0\u10dc\u10d8\u10e1 \u10f0\u10d8\u10d3\u10e0\u10dd\u10d8\u10d6\u10dd\u10da\u10d0\u10ea\u10d8\u10d8\u10e1, [...]","protected":false},"author":1,"featured_media":0,"parent":0,"menu_order":0,"comment_status":"closed","ping_status":"closed","template":"","meta":{"footnotes":""},"class_list":["post-1519","page","type-page","status-publish","hentry"],"yoast_head":"<!-- This site is optimized with the Yoast SEO plugin v24.7 - https:\/\/yoast.com\/wordpress\/plugins\/seo\/ -->\n<title>\u10e9\u10d5\u10d4\u10dc \u10e8\u10d4\u10e1\u10d0\u10ee\u10d4\u10d1 | Tratek Yap\u0131 M\u00fchendislik<\/title>\n<meta name=\"robots\" content=\"index, follow, max-snippet:-1, max-image-preview:large, max-video-preview:-1\" \/>\n<link rel=\"canonical\" href=\"https:\/\/www.tratekyapi.com\/hakkimizda\/\" \/>\n<meta property=\"og:locale\" content=\"en_US\" \/>\n<meta property=\"og:type\" content=\"article\" \/>\n<meta property=\"og:title\" content=\"\u10e9\u10d5\u10d4\u10dc \u10e8\u10d4\u10e1\u10d0\u10ee\u10d4\u10d1 | Tratek Yap\u0131 M\u00fchendislik\" \/>\n<meta property=\"og:url\" content=\"https:\/\/www.tratekyapi.com\/hakkimizda\/\" \/>\n<meta property=\"og:site_name\" content=\"Tratek Yap\u0131 M\u00fchendislik\" \/>\n<meta property=\"article:modified_time\" content=\"2023-08-03T18:15:55+00:00\" \/>\n<meta name=\"twitter:card\" content=\"summary_large_image\" \/>\n<meta name=\"twitter:label1\" content=\"Est. reading time\" \/>\n\t<meta name=\"twitter:data1\" content=\"2 minutes\" \/>\n<script type=\"application\/ld+json\" class=\"yoast-schema-graph\">{\"@context\":\"https:\/\/schema.org\",\"@graph\":[{\"@type\":\"WebPage\",\"@id\":\"https:\/\/www.tratekyapi.com\/hakkimizda\/\",\"url\":\"https:\/\/www.tratekyapi.com\/hakkimizda\/\",\"name\":\"\u10e9\u10d5\u10d4\u10dc \u10e8\u10d4\u10e1\u10d0\u10ee\u10d4\u10d1 | Tratek Yap\u0131 M\u00fchendislik\",\"isPartOf\":{\"@id\":\"https:\/\/www.tratekyapi.com\/#website\"},\"datePublished\":\"2020-12-25T11:56:53+00:00\",\"dateModified\":\"2023-08-03T18:15:55+00:00\",\"breadcrumb\":{\"@id\":\"https:\/\/www.tratekyapi.com\/hakkimizda\/#breadcrumb\"},\"inLanguage\":\"ge-GE\",\"potentialAction\":[{\"@type\":\"ReadAction\",\"target\":[\"https:\/\/www.tratekyapi.com\/hakkimizda\/\"]}]},{\"@type\":\"BreadcrumbList\",\"@id\":\"https:\/\/www.tratekyapi.com\/hakkimizda\/#breadcrumb\",\"itemListElement\":[{\"@type\":\"ListItem\",\"position\":1,\"name\":\"Anasayfa\",\"item\":\"https:\/\/www.tratekyapi.com\/\"},{\"@type\":\"ListItem\",\"position\":2,\"name\":\"\u10e9\u10d5\u10d4\u10dc \u10e8\u10d4\u10e1\u10d0\u10ee\u10d4\u10d1\"}]},{\"@type\":\"WebSite\",\"@id\":\"https:\/\/www.tratekyapi.com\/#website\",\"url\":\"https:\/\/www.tratekyapi.com\/\",\"name\":\"Tratek Yap\u0131 M\u00fchendislik\",\"description\":\"Trabzon Tratek Yap M\u00fchendislik\",\"publisher\":{\"@id\":\"https:\/\/www.tratekyapi.com\/#organization\"},\"potentialAction\":[{\"@type\":\"SearchAction\",\"target\":{\"@type\":\"EntryPoint\",\"urlTemplate\":\"https:\/\/www.tratekyapi.com\/?s={search_term_string}\"},\"query-input\":{\"@type\":\"PropertyValueSpecification\",\"valueRequired\":true,\"valueName\":\"search_term_string\"}}],\"inLanguage\":\"ge-GE\"},{\"@type\":\"Organization\",\"@id\":\"https:\/\/www.tratekyapi.com\/#organization\",\"name\":\"Tratek Yap\u0131\",\"url\":\"https:\/\/www.tratekyapi.com\/\",\"logo\":{\"@type\":\"ImageObject\",\"inLanguage\":\"ge-GE\",\"@id\":\"https:\/\/www.tratekyapi.com\/#\/schema\/logo\/image\/\",\"url\":\"https:\/\/www.tratekyapi.com\/wp-content\/uploads\/2021\/07\/tratek_logo.png\",\"contentUrl\":\"https:\/\/www.tratekyapi.com\/wp-content\/uploads\/2021\/07\/tratek_logo.png\",\"width\":500,\"height\":240,\"caption\":\"Tratek Yap\u0131\"},\"image\":{\"@id\":\"https:\/\/www.tratekyapi.com\/#\/schema\/logo\/image\/\"}}]}<\/script>\n<!-- \/ Yoast SEO plugin. -->","yoast_head_json":{"title":"\u10e9\u10d5\u10d4\u10dc \u10e8\u10d4\u10e1\u10d0\u10ee\u10d4\u10d1 | Tratek Yap\u0131 M\u00fchendislik","robots":{"index":"index","follow":"follow","max-snippet":"max-snippet:-1","max-image-preview":"max-image-preview:large","max-video-preview":"max-video-preview:-1"},"canonical":"https:\/\/www.tratekyapi.com\/hakkimizda\/","og_locale":"en_US","og_type":"article","og_title":"\u10e9\u10d5\u10d4\u10dc \u10e8\u10d4\u10e1\u10d0\u10ee\u10d4\u10d1 | Tratek Yap\u0131 M\u00fchendislik","og_url":"https:\/\/www.tratekyapi.com\/hakkimizda\/","og_site_name":"Tratek Yap\u0131 M\u00fchendislik","article_modified_time":"2023-08-03T18:15:55+00:00","twitter_card":"summary_large_image","twitter_misc":{"Est. reading time":"2 minutes"},"schema":{"@context":"https:\/\/schema.org","@graph":[{"@type":"WebPage","@id":"https:\/\/www.tratekyapi.com\/hakkimizda\/","url":"https:\/\/www.tratekyapi.com\/hakkimizda\/","name":"\u10e9\u10d5\u10d4\u10dc \u10e8\u10d4\u10e1\u10d0\u10ee\u10d4\u10d1 | Tratek Yap\u0131 M\u00fchendislik","isPartOf":{"@id":"https:\/\/www.tratekyapi.com\/#website"},"datePublished":"2020-12-25T11:56:53+00:00","dateModified":"2023-08-03T18:15:55+00:00","breadcrumb":{"@id":"https:\/\/www.tratekyapi.com\/hakkimizda\/#breadcrumb"},"inLanguage":"ge-GE","potentialAction":[{"@type":"ReadAction","target":["https:\/\/www.tratekyapi.com\/hakkimizda\/"]}]},{"@type":"BreadcrumbList","@id":"https:\/\/www.tratekyapi.com\/hakkimizda\/#breadcrumb","itemListElement":[{"@type":"ListItem","position":1,"name":"Anasayfa","item":"https:\/\/www.tratekyapi.com\/"},{"@type":"ListItem","position":2,"name":"\u10e9\u10d5\u10d4\u10dc \u10e8\u10d4\u10e1\u10d0\u10ee\u10d4\u10d1"}]},{"@type":"WebSite","@id":"https:\/\/www.tratekyapi.com\/#website","url":"https:\/\/www.tratekyapi.com\/","name":"Tratek Yap\u0131 M\u00fchendislik","description":"Trabzon Tratek Yap M\u00fchendislik","publisher":{"@id":"https:\/\/www.tratekyapi.com\/#organization"},"potentialAction":[{"@type":"SearchAction","target":{"@type":"EntryPoint","urlTemplate":"https:\/\/www.tratekyapi.com\/?s={search_term_string}"},"query-input":{"@type":"PropertyValueSpecification","valueRequired":true,"valueName":"search_term_string"}}],"inLanguage":"ge-GE"},{"@type":"Organization","@id":"https:\/\/www.tratekyapi.com\/#organization","name":"Tratek Yap\u0131","url":"https:\/\/www.tratekyapi.com\/","logo":{"@type":"ImageObject","inLanguage":"ge-GE","@id":"https:\/\/www.tratekyapi.com\/#\/schema\/logo\/image\/","url":"https:\/\/www.tratekyapi.com\/wp-content\/uploads\/2021\/07\/tratek_logo.png","contentUrl":"https:\/\/www.tratekyapi.com\/wp-content\/uploads\/2021\/07\/tratek_logo.png","width":500,"height":240,"caption":"Tratek Yap\u0131"},"image":{"@id":"https:\/\/www.tratekyapi.com\/#\/schema\/logo\/image\/"}}]}},"_links":{"self":[{"href":"https:\/\/www.tratekyapi.com\/ge\/wp-json\/wp\/v2\/pages\/1519","targetHints":{"allow":["GET"]}}],"collection":[{"href":"https:\/\/www.tratekyapi.com\/ge\/wp-json\/wp\/v2\/pages"}],"about":[{"href":"https:\/\/www.tratekyapi.com\/ge\/wp-json\/wp\/v2\/types\/page"}],"author":[{"embeddable":true,"href":"https:\/\/www.tratekyapi.com\/ge\/wp-json\/wp\/v2\/users\/1"}],"replies":[{"embeddable":true,"href":"https:\/\/www.tratekyapi.com\/ge\/wp-json\/wp\/v2\/comments?post=1519"}],"version-history":[{"count":2,"href":"https:\/\/www.tratekyapi.com\/ge\/wp-json\/wp\/v2\/pages\/1519\/revisions"}],"predecessor-version":[{"id":1521,"href":"https:\/\/www.tratekyapi.com\/ge\/wp-json\/wp\/v2\/pages\/1519\/revisions\/1521"}],"wp:attachment":[{"href":"https:\/\/www.tratekyapi.com\/ge\/wp-json\/wp\/v2\/media?parent=1519"}],"curies":[{"name":"wp","href":"https:\/\/api.w.org\/{rel}","templated":true}]}}