{"id":1528,"date":"2020-12-29T12:22:30","date_gmt":"2020-12-29T09:22:30","guid":{"rendered":"https:\/\/www.tratekyapi.com\/%e1%83%a1%e1%83%a2%e1%83%a0%e1%83%a3%e1%83%a5%e1%83%a2%e1%83%a3%e1%83%a0%e1%83%a3%e1%83%9a%e1%83%98-%e1%83%92%e1%83%90%e1%83%ab%e1%83%9a%e1%83%98%e1%83%94%e1%83%a0%e1%83%94%e1%83%91%e1%83%98%e1%83%a1\/"},"modified":"2023-08-06T19:45:34","modified_gmt":"2023-08-06T16:45:34","slug":"%e1%83%a1%e1%83%a2%e1%83%a0%e1%83%a3%e1%83%a5%e1%83%a2%e1%83%a3%e1%83%a0%e1%83%a3%e1%83%9a%e1%83%98-%e1%83%92%e1%83%90%e1%83%ab%e1%83%9a%e1%83%98%e1%83%94%e1%83%a0%e1%83%94%e1%83%91%e1%83%98%e1%83%a1","status":"publish","type":"page","link":"https:\/\/www.tratekyapi.com\/ge\/%e1%83%a1%e1%83%a2%e1%83%a0%e1%83%a3%e1%83%a5%e1%83%a2%e1%83%a3%e1%83%a0%e1%83%a3%e1%83%9a%e1%83%98-%e1%83%92%e1%83%90%e1%83%ab%e1%83%9a%e1%83%98%e1%83%94%e1%83%a0%e1%83%94%e1%83%91%e1%83%98%e1%83%a1\/","title":{"rendered":"\u10e1\u10e2\u10e0\u10e3\u10e5\u10e2\u10e3\u10e0\u10e3\u10da\u10d8 \u10d2\u10d0\u10eb\u10da\u10d8\u10d4\u10e0\u10d4\u10d1\u10d8\u10e1 \u10e1\u10d8\u10e1\u10e2\u10d4\u10db\u10d4\u10d1\u10d8"},"content":{"rendered":"<section class=\"wpb-content-wrapper\"><div class=\"vc_row wpb_row top-row porto-inner-container\"><div class=\"porto-wrap-container container\"><div class=\"row\"><div class=\"order-lg-2 vc_column_container col-md-12 col-xl-8 col-lg-8\"><div class=\"wpb_wrapper vc_column-inner\">\n\t<div class=\"wpb_text_column wpb_content_element  vc_custom_1627674784072\" >\n\t\t<div class=\"wpb_wrapper\">\n\t\t\t<p>\u10e8\u10d4\u10dc\u10dd\u10d1\u10d8\u10e1 \u10d0\u10dc \u10e1\u10d0\u10db\u10dd\u10e5\u10d0\u10da\u10d0\u10e5\u10dd \u10d8\u10dc\u10df\u10d8\u10dc\u10d4\u10e0\u10d8\u10d8\u10e1 \u10db\u10e8\u10d4\u10dc\u10d4\u10d1\u10da\u10dd\u10d1\u10d8\u10e1 \u10db\u10d7\u10d4\u10da\u10d8 \u10ea\u10ee\u10dd\u10d5\u10e0\u10d4\u10d1\u10d8\u10e1 \u10d2\u10d0\u10dc\u10db\u10d0\u10d5\u10da\u10dd\u10d1\u10d0\u10e8\u10d8, \u10db\u10d8\u10e1\u10d8 \u10d2\u10d0\u10db\u10dd\u10e7\u10d4\u10dc\u10d4\u10d1\u10d0 \u10e8\u10d4\u10d8\u10eb\u10da\u10d4\u10d1\u10d0 \u10e8\u10d4\u10d8\u10ea\u10d5\u10d0\u10da\u10dd\u10e1. \u10db\u10d0\u10d2\u10d0\u10da\u10d8\u10d7\u10d0\u10d3, \u10db\u10d8\u10e1\u10d8 \u10e0\u10dd\u10da\u10d8 \u10e8\u10d4\u10d8\u10eb\u10da\u10d4\u10d1\u10d0 \u10e8\u10d4\u10d8\u10ea\u10d5\u10d0\u10da\u10dd\u10e1, \u10db\u10d8\u10e1\u10d8 \u10d3\u10d0\u10e2\u10d5\u10d8\u10e0\u10d7\u10d5\u10d4\u10d1\u10d8 \u10d2\u10d0\u10d8\u10d6\u10d0\u10e0\u10d3\u10dd\u10e1 \u10d0\u10dc \u10e3\u10e4\u10e0\u10dd \u10db\u10d0\u10e6\u10d0\u10da\u10d8 \u10e1\u10d0\u10db\u10e8\u10d4\u10dc\u10d4\u10d1\u10da\u10dd \u10db\u10dd\u10d7\u10ee\u10dd\u10d5\u10dc\u10d4\u10d1\u10d8 \u10e8\u10d4\u10d8\u10eb\u10da\u10d4\u10d1\u10d0 \u10d2\u10d0\u10ee\u10d3\u10d4\u10e1 \u10d0\u10e3\u10ea\u10d8\u10da\u10d4\u10d1\u10d4\u10da\u10d8, \u10e0\u10d0\u10ea \u10e1\u10d0\u10ed\u10d8\u10e0\u10dd\u10d4\u10d1\u10e1 \u10e1\u10e2\u10e0\u10e3\u10e5\u10e2\u10e3\u10e0\u10d8\u10e1 \u10db\u10dd\u10d3\u10d8\u10e4\u10d8\u10d9\u10d0\u10ea\u10d8\u10d0\u10e1. \u10d8\u10e1\u10e2\u10dd\u10e0\u10d8\u10e3\u10da\u10d8 \u10d0\u10dc \u10e1\u10d8\u10db\u10d1\u10dd\u10da\u10e3\u10e0\u10d8 \u10e1\u10e2\u10e0\u10e3\u10e5\u10e2\u10e3\u10e0\u10d4\u10d1\u10d8 \u10e8\u10d4\u10d8\u10eb\u10da\u10d4\u10d1\u10d0 \u10db\u10dd\u10d8\u10d7\u10ee\u10dd\u10d5\u10d3\u10d4\u10e1 \u10d2\u10d0\u10dc\u10e1\u10ee\u10d5\u10d0\u10d5\u10d4\u10d1\u10e3\u10da \u10d2\u10d0\u10eb\u10da\u10d8\u10d4\u10e0\u10d4\u10d1\u10d0\u10e1 \u10dd\u10e0\u10d8\u10d2\u10d8\u10dc\u10d0\u10da\u10e3\u10e0\u10d8 \u10d3\u10d8\u10d6\u10d0\u10d8\u10dc\u10d8\u10e1 \u10d0\u10dc \u10e4\u10dd\u10e0\u10db\u10d4\u10d1\u10d8\u10e1 \u10e8\u10d4\u10ea\u10d5\u10da\u10d8\u10e1 \u10d2\u10d0\u10e0\u10d4\u10e8\u10d4.  <\/p>\n<p>\u10e8\u10d4\u10dc\u10dd\u10d1\u10d8\u10e1 \u10d0\u10dc \u10e1\u10d0\u10db\u10dd\u10e5\u10d0\u10da\u10d0\u10e5\u10dd \u10d8\u10dc\u10df\u10d8\u10dc\u10d4\u10e0\u10d8\u10d8\u10e1 \u10db\u10e8\u10d4\u10dc\u10d4\u10d1\u10da\u10dd\u10d1\u10d8\u10e1 \u10db\u10d7\u10d4\u10da\u10d8 \u10ea\u10ee\u10dd\u10d5\u10e0\u10d4\u10d1\u10d8\u10e1 \u10d2\u10d0\u10dc\u10db\u10d0\u10d5\u10da\u10dd\u10d1\u10d0\u10e8\u10d8, \u10db\u10d8\u10e1\u10d8 \u10d2\u10d0\u10db\u10dd\u10e7\u10d4\u10dc\u10d4\u10d1\u10d0 \u10e8\u10d4\u10d8\u10eb\u10da\u10d4\u10d1\u10d0 \u10e8\u10d4\u10d8\u10ea\u10d5\u10d0\u10da\u10dd\u10e1. \u10db\u10d0\u10d2\u10d0\u10da\u10d8\u10d7\u10d0\u10d3, \u10db\u10d8\u10e1\u10d8 \u10e0\u10dd\u10da\u10d8 \u10e8\u10d4\u10d8\u10eb\u10da\u10d4\u10d1\u10d0 \u10e8\u10d4\u10d8\u10ea\u10d5\u10d0\u10da\u10dd\u10e1, \u10db\u10d8\u10e1\u10d8 \u10d3\u10d0\u10e2\u10d5\u10d8\u10e0\u10d7\u10d5\u10d4\u10d1\u10d8 \u10d2\u10d0\u10d8\u10d6\u10d0\u10e0\u10d3\u10dd\u10e1 \u10d0\u10dc \u10e3\u10e4\u10e0\u10dd \u10db\u10d0\u10e6\u10d0\u10da\u10d8 \u10e1\u10d0\u10db\u10e8\u10d4\u10dc\u10d4\u10d1\u10da\u10dd \u10db\u10dd\u10d7\u10ee\u10dd\u10d5\u10dc\u10d4\u10d1\u10d8 \u10e8\u10d4\u10d8\u10eb\u10da\u10d4\u10d1\u10d0 \u10d2\u10d0\u10ee\u10d3\u10d4\u10e1 \u10d0\u10e3\u10ea\u10d8\u10da\u10d4\u10d1\u10d4\u10da\u10d8, \u10e0\u10d0\u10ea \u10e1\u10d0\u10ed\u10d8\u10e0\u10dd\u10d4\u10d1\u10e1 \u10e1\u10e2\u10e0\u10e3\u10e5\u10e2\u10e3\u10e0\u10d8\u10e1 \u10db\u10dd\u10d3\u10d8\u10e4\u10d8\u10d9\u10d0\u10ea\u10d8\u10d0\u10e1. \u10d8\u10e1\u10e2\u10dd\u10e0\u10d8\u10e3\u10da\u10d8 \u10d0\u10dc \u10e1\u10d8\u10db\u10d1\u10dd\u10da\u10e3\u10e0\u10d8 \u10e1\u10e2\u10e0\u10e3\u10e5\u10e2\u10e3\u10e0\u10d4\u10d1\u10d8 \u10e8\u10d4\u10d8\u10eb\u10da\u10d4\u10d1\u10d0 \u10db\u10dd\u10d8\u10d7\u10ee\u10dd\u10d5\u10d3\u10d4\u10e1 \u10d2\u10d0\u10dc\u10e1\u10ee\u10d5\u10d0\u10d5\u10d4\u10d1\u10e3\u10da \u10d2\u10d0\u10eb\u10da\u10d8\u10d4\u10e0\u10d4\u10d1\u10d0\u10e1 \u10dd\u10e0\u10d8\u10d2\u10d8\u10dc\u10d0\u10da\u10e3\u10e0\u10d8 \u10d3\u10d8\u10d6\u10d0\u10d8\u10dc\u10d8\u10e1 \u10d0\u10dc \u10e4\u10dd\u10e0\u10db\u10d4\u10d1\u10d8\u10e1 \u10e8\u10d4\u10ea\u10d5\u10da\u10d8\u10e1 \u10d2\u10d0\u10e0\u10d4\u10e8\u10d4.  <\/p>\n<p><strong>\u10d2\u10d0\u10eb\u10da\u10d8\u10d4\u10e0\u10d4\u10d1\u10e3\u10da\u10d8 \u10d9\u10dd\u10e0\u10dd\u10d6\u10d8\u10d8\u10e1 \u10d3\u10d0\u10ea\u10d5\u10d0 \u10d3\u10d0 \u10ec\u10d4\u10d1\u10dd\u10d5\u10d0\u10dc\u10d8 \u10de\u10e0\u10d0\u10d8\u10db\u10d4\u10e0\u10d8<\/strong><\/p>\n<p><strong>\u10e0\u10d4\u10d9\u10dd\u10dc\u10e1\u10e2\u10e0\u10e3\u10e5\u10ea\u10d8\u10d8\u10e1 \u10ea\u10d4\u10db\u10d4\u10dc\u10e2\u10d8\u10e1 \u10d3\u10e3\u10e6\u10d0\u10d1\u10d8<\/strong><\/p>\n<p><strong>\u10e4\u10dd\u10e0\u10d4\u10d1\u10d8\u10e1 \u10e8\u10d4\u10d5\u10e1\u10d4\u10d1\u10d0 \u10d3\u10d0 \u10d6\u10d4\u10d3\u10d0\u10de\u10d8\u10e0\u10d8\u10e1 \u10d2\u10d0\u10db\u10d0\u10d7\u10d0\u10dc\u10d0\u10d1\u10e0\u10d4\u10d1\u10d4\u10da\u10d8 \u10d3\u10d0\u10e3\u10e6\u10d0\u10d1\u10d8<\/strong><\/p>\n<p><strong>\u10d1\u10d4\u10e2\u10dd\u10dc\u10d8\u10e1 \u10d3\u10d0\u10ea\u10d5\u10d0<\/strong><\/p>\n<p><strong>\u10dc\u10d0\u10ee\u10e8\u10d8\u10e0\u10d1\u10d0\u10d3\u10d8\u10e1 \u10d1\u10dd\u10ed\u10d9\u10dd\u10d5\u10d0\u10dc\u10d8 \u10de\u10dd\u10da\u10d8\u10db\u10d4\u10e0\u10e3\u10da\u10d8 \u10e5\u10e1\u10dd\u10d5\u10d8\u10da\u10d4\u10d1\u10d8<\/strong><\/p>\n<p><strong>\u10dc\u10d0\u10ee\u10e8\u10d8\u10e0\u10d1\u10d0\u10d3\u10d8\u10e1 \u10d1\u10dd\u10ed\u10d9\u10dd\u10d5\u10d0\u10dc\u10d8 \u10de\u10dd\u10da\u10d8\u10db\u10d4\u10e0\u10e3\u10da\u10d8 \u10de\u10da\u10d0\u10d9\u10d4\u10e2\u10d4\u10d1\u10d8<br \/>\n<\/strong><\/p>\n<p><img loading=\"lazy\" decoding=\"async\" class=\"wp-image-573 size-large\" src=\"https:\/\/www.tratekyapi.com\/wp-content\/uploads\/2021\/07\/tr-yapi-guclendirme-uygulamasi-1024x724.jpg\" alt=\"\" width=\"1024\" height=\"724\" srcset=\"https:\/\/www.tratekyapi.com\/wp-content\/uploads\/2021\/07\/tr-yapi-guclendirme-uygulamasi-1024x724.jpg 1024w, https:\/\/www.tratekyapi.com\/wp-content\/uploads\/2021\/07\/tr-yapi-guclendirme-uygulamasi-768x543.jpg 768w, https:\/\/www.tratekyapi.com\/wp-content\/uploads\/2021\/07\/tr-yapi-guclendirme-uygulamasi-640x453.jpg 640w, https:\/\/www.tratekyapi.com\/wp-content\/uploads\/2021\/07\/tr-yapi-guclendirme-uygulamasi-400x283.jpg 400w, https:\/\/www.tratekyapi.com\/wp-content\/uploads\/2021\/07\/tr-yapi-guclendirme-uygulamasi-367x259.jpg 367w\" sizes=\"auto, (max-width: 1024px) 100vw, 1024px\" \/><\/p>\n\n\t\t<\/div>\n\t<\/div>\n<\/div><\/div><div class=\"card-section order-lg-1 vc_column_container col-md-12 col-xl-4 col-lg-4\"><div class=\"wpb_wrapper vc_column-inner\"><div class=\"porto-ultimate-content-box-container card py-5 mb-5 box-shadow-1 custom-border-radius-1\"><style>#porto_ucb_3223{will-change: box-shadow;box-shadow: none;}<\/style><div class=\"porto-ultimate-content-box vc_custom_1640813435198\" style=\"\" id=\"porto_ucb_3223\"><div  class=\"vc_wp_custommenu wpb_content_element mb-0\"><div class=\"widget widget_nav_menu\"><h2 class=\"widgettitle\">\u10e9\u10d5\u10d4\u10dc\u10d8 \u10db\u10dd\u10db\u10e1\u10d0\u10ee\u10e3\u10e0\u10d4\u10d1\u10d0<\/h2><div class=\"menu-%e1%83%a9%e1%83%95%e1%83%94%e1%83%9c%e1%83%98-%e1%83%9b%e1%83%9d%e1%83%9b%e1%83%a1%e1%83%90%e1%83%ae%e1%83%a3%e1%83%a0%e1%83%94%e1%83%91%e1%83%90-container\"><ul id=\"menu-%e1%83%a9%e1%83%95%e1%83%94%e1%83%9c%e1%83%98-%e1%83%9b%e1%83%9d%e1%83%9b%e1%83%a1%e1%83%90%e1%83%ae%e1%83%a3%e1%83%a0%e1%83%94%e1%83%91%e1%83%90\" class=\"menu\"><li id=\"menu-item-1596\" class=\"menu-item menu-item-type-post_type menu-item-object-page menu-item-1596\"><a href=\"https:\/\/www.tratekyapi.com\/zeminkaplama\/\">Zemin Kaplama Sistemleri<\/a><\/li>\n<li id=\"menu-item-1597\" class=\"menu-item menu-item-type-post_type menu-item-object-page menu-item-1597\"><a href=\"https:\/\/www.tratekyapi.com\/home\/suyalitimsistemleri\/\">Su Yal\u0131t\u0131m Sistemleri<\/a><\/li>\n<li id=\"menu-item-1598\" class=\"menu-item menu-item-type-post_type menu-item-object-page menu-item-1598\"><a href=\"https:\/\/www.tratekyapi.com\/epoksi_enjeksiyon\/\">Epoksi Enjeksiyon Sistemleri<\/a><\/li>\n<li id=\"menu-item-1599\" class=\"menu-item menu-item-type-post_type menu-item-object-page menu-item-1599\"><a href=\"https:\/\/www.tratekyapi.com\/yapisal-guclendirme-sistemleri\/\">Yap\u0131sal G\u00fc\u00e7lendirme Sistemleri<\/a><\/li>\n<li id=\"menu-item-1600\" class=\"menu-item menu-item-type-post_type menu-item-object-page menu-item-1600\"><a href=\"https:\/\/www.tratekyapi.com\/beton-katkilari\/\">Beton Katk\u0131lar\u0131<\/a><\/li>\n<\/ul><\/div><\/div><\/div><\/div><\/div><div class=\"porto-ultimate-content-box-container bg-primary py-5 custom-border-radius-1\"><style>#porto_ucb_4672{will-change: box-shadow;box-shadow: none;}<\/style><div class=\"porto-ultimate-content-box vc_custom_1640813573101\" style=\"\" id=\"porto_ucb_4672\"><h3 style=\"font-size: 32.2px;color: #ffffff;line-height: 1.3;text-align: center;font-weight:700;letter-spacing:-1.61px\" class=\"vc_custom_heading mb-3 text-center\">\u10db\u10dd\u10db\u10e1\u10d0\u10ee\u10e3\u10e0\u10d4\u10d1\u10d0 \u10de\u10e0\u10dd\u10e4\u10d4\u10e1\u10d8\u10dd\u10dc\u10d0\u10da\u10d4\u10d1\u10d8\u10e1\u10d7\u10d5\u10d8\u10e1<\/h3><div class=\"porto-sicon-box custom-view-more mb-4 justify-content-center  wpb_custom_1efe903570d178ff0a9b7bfa5febd3a4 style_1 default-icon\"><div class=\"porto-sicon-default\"><div class=\"porto-just-icon-wrapper porto-icon none\" style=\"color:#ffffff;font-size:36.8px;margin-right:0px;\"><i class=\"Simple-Line-Icons-phone\"><\/i><\/div><\/div><div class=\"porto-sicon-header\"><h5 class=\"porto-sicon-title\" style=\"font-weight:500;font-size:16.8px;line-height:1.2;letter-spacing:0;color:#ffffff;margin-bottom:4px;\">Bize Ula\u015f\u0131n<\/h5><p style=\"font-weight:700;font-size:25.2px;line-height:1.2;color:#ffffff;\">+90 462 999 19 91<\/p><\/div> <!-- header --><\/div><!-- porto-sicon-box --><\/div><\/div><\/div><\/div><\/div><\/div><\/div>\n<\/section>","protected":false},"excerpt":{"rendered":"\u10e8\u10d4\u10dc\u10dd\u10d1\u10d8\u10e1 \u10d0\u10dc \u10e1\u10d0\u10db\u10dd\u10e5\u10d0\u10da\u10d0\u10e5\u10dd \u10d8\u10dc\u10df\u10d8\u10dc\u10d4\u10e0\u10d8\u10d8\u10e1 \u10db\u10e8\u10d4\u10dc\u10d4\u10d1\u10da\u10dd\u10d1\u10d8\u10e1 \u10db\u10d7\u10d4\u10da\u10d8 \u10ea\u10ee\u10dd\u10d5\u10e0\u10d4\u10d1\u10d8\u10e1 \u10d2\u10d0\u10dc\u10db\u10d0\u10d5\u10da\u10dd\u10d1\u10d0\u10e8\u10d8, \u10db\u10d8\u10e1\u10d8 \u10d2\u10d0\u10db\u10dd\u10e7\u10d4\u10dc\u10d4\u10d1\u10d0 \u10e8\u10d4\u10d8\u10eb\u10da\u10d4\u10d1\u10d0 \u10e8\u10d4\u10d8\u10ea\u10d5\u10d0\u10da\u10dd\u10e1. \u10db\u10d0\u10d2\u10d0\u10da\u10d8\u10d7\u10d0\u10d3, \u10db\u10d8\u10e1\u10d8 \u10e0\u10dd\u10da\u10d8 \u10e8\u10d4\u10d8\u10eb\u10da\u10d4\u10d1\u10d0 \u10e8\u10d4\u10d8\u10ea\u10d5\u10d0\u10da\u10dd\u10e1, \u10db\u10d8\u10e1\u10d8 \u10d3\u10d0\u10e2\u10d5\u10d8\u10e0\u10d7\u10d5\u10d4\u10d1\u10d8 \u10d2\u10d0\u10d8\u10d6\u10d0\u10e0\u10d3\u10dd\u10e1 \u10d0\u10dc \u10e3\u10e4\u10e0\u10dd \u10db\u10d0\u10e6\u10d0\u10da\u10d8 \u10e1\u10d0\u10db\u10e8\u10d4\u10dc\u10d4\u10d1\u10da\u10dd \u10db\u10dd\u10d7\u10ee\u10dd\u10d5\u10dc\u10d4\u10d1\u10d8 \u10e8\u10d4\u10d8\u10eb\u10da\u10d4\u10d1\u10d0 \u10d2\u10d0\u10ee\u10d3\u10d4\u10e1 \u10d0\u10e3\u10ea\u10d8\u10da\u10d4\u10d1\u10d4\u10da\u10d8, \u10e0\u10d0\u10ea \u10e1\u10d0\u10ed\u10d8\u10e0\u10dd\u10d4\u10d1\u10e1 \u10e1\u10e2\u10e0\u10e3\u10e5\u10e2\u10e3\u10e0\u10d8\u10e1 \u10db\u10dd\u10d3\u10d8\u10e4\u10d8\u10d9\u10d0\u10ea\u10d8\u10d0\u10e1. \u10d8\u10e1\u10e2\u10dd\u10e0\u10d8\u10e3\u10da\u10d8 \u10d0\u10dc \u10e1\u10d8\u10db\u10d1\u10dd\u10da\u10e3\u10e0\u10d8 \u10e1\u10e2\u10e0\u10e3\u10e5\u10e2\u10e3\u10e0\u10d4\u10d1\u10d8 \u10e8\u10d4\u10d8\u10eb\u10da\u10d4\u10d1\u10d0 \u10db\u10dd\u10d8\u10d7\u10ee\u10dd\u10d5\u10d3\u10d4\u10e1 \u10d2\u10d0\u10dc\u10e1\u10ee\u10d5\u10d0\u10d5\u10d4\u10d1\u10e3\u10da \u10d2\u10d0\u10eb\u10da\u10d8\u10d4\u10e0\u10d4\u10d1\u10d0\u10e1 \u10dd\u10e0\u10d8\u10d2\u10d8\u10dc\u10d0\u10da\u10e3\u10e0\u10d8 \u10d3\u10d8\u10d6\u10d0\u10d8\u10dc\u10d8\u10e1 \u10d0\u10dc \u10e4\u10dd\u10e0\u10db\u10d4\u10d1\u10d8\u10e1 \u10e8\u10d4\u10ea\u10d5\u10da\u10d8\u10e1 \u10d2\u10d0\u10e0\u10d4\u10e8\u10d4. \u10e8\u10d4\u10dc\u10dd\u10d1\u10d8\u10e1 \u10d0\u10dc \u10e1\u10d0\u10db\u10dd\u10e5\u10d0\u10da\u10d0\u10e5\u10dd \u10d8\u10dc\u10df\u10d8\u10dc\u10d4\u10e0\u10d8\u10d8\u10e1 \u10db\u10e8\u10d4\u10dc\u10d4\u10d1\u10da\u10dd\u10d1\u10d8\u10e1 \u10db\u10d7\u10d4\u10da\u10d8 \u10ea\u10ee\u10dd\u10d5\u10e0\u10d4\u10d1\u10d8\u10e1 \u10d2\u10d0\u10dc\u10db\u10d0\u10d5\u10da\u10dd\u10d1\u10d0\u10e8\u10d8, \u10db\u10d8\u10e1\u10d8 [...]","protected":false},"author":1,"featured_media":0,"parent":0,"menu_order":0,"comment_status":"closed","ping_status":"closed","template":"","meta":{"footnotes":""},"class_list":["post-1528","page","type-page","status-publish","hentry"],"yoast_head":"<!-- This site is optimized with the Yoast SEO plugin v24.7 - https:\/\/yoast.com\/wordpress\/plugins\/seo\/ -->\n<title>\u10e1\u10e2\u10e0\u10e3\u10e5\u10e2\u10e3\u10e0\u10e3\u10da\u10d8 \u10d2\u10d0\u10eb\u10da\u10d8\u10d4\u10e0\u10d4\u10d1\u10d8\u10e1 \u10e1\u10d8\u10e1\u10e2\u10d4\u10db\u10d4\u10d1\u10d8 | Tratek Yap\u0131 M\u00fchendislik<\/title>\n<meta name=\"robots\" content=\"index, follow, max-snippet:-1, max-image-preview:large, max-video-preview:-1\" \/>\n<link rel=\"canonical\" href=\"https:\/\/www.tratekyapi.com\/yapisal-guclendirme-sistemleri\/\" \/>\n<meta property=\"og:locale\" content=\"en_US\" \/>\n<meta property=\"og:type\" content=\"article\" \/>\n<meta property=\"og:title\" content=\"\u10e1\u10e2\u10e0\u10e3\u10e5\u10e2\u10e3\u10e0\u10e3\u10da\u10d8 \u10d2\u10d0\u10eb\u10da\u10d8\u10d4\u10e0\u10d4\u10d1\u10d8\u10e1 \u10e1\u10d8\u10e1\u10e2\u10d4\u10db\u10d4\u10d1\u10d8 | Tratek Yap\u0131 M\u00fchendislik\" \/>\n<meta property=\"og:url\" content=\"https:\/\/www.tratekyapi.com\/yapisal-guclendirme-sistemleri\/\" \/>\n<meta property=\"og:site_name\" content=\"Tratek Yap\u0131 M\u00fchendislik\" \/>\n<meta property=\"article:modified_time\" content=\"2023-08-06T16:45:34+00:00\" \/>\n<meta property=\"og:image\" content=\"https:\/\/www.tratekyapi.com\/wp-content\/uploads\/2021\/07\/tr-yapi-guclendirme-uygulamasi-1024x724.jpg\" \/>\n<meta name=\"twitter:card\" content=\"summary_large_image\" \/>\n<meta name=\"twitter:label1\" content=\"Est. reading time\" \/>\n\t<meta name=\"twitter:data1\" content=\"1 minute\" \/>\n<script type=\"application\/ld+json\" class=\"yoast-schema-graph\">{\"@context\":\"https:\/\/schema.org\",\"@graph\":[{\"@type\":\"WebPage\",\"@id\":\"https:\/\/www.tratekyapi.com\/yapisal-guclendirme-sistemleri\/\",\"url\":\"https:\/\/www.tratekyapi.com\/yapisal-guclendirme-sistemleri\/\",\"name\":\"\u10e1\u10e2\u10e0\u10e3\u10e5\u10e2\u10e3\u10e0\u10e3\u10da\u10d8 \u10d2\u10d0\u10eb\u10da\u10d8\u10d4\u10e0\u10d4\u10d1\u10d8\u10e1 \u10e1\u10d8\u10e1\u10e2\u10d4\u10db\u10d4\u10d1\u10d8 | Tratek Yap\u0131 M\u00fchendislik\",\"isPartOf\":{\"@id\":\"https:\/\/www.tratekyapi.com\/#website\"},\"primaryImageOfPage\":{\"@id\":\"https:\/\/www.tratekyapi.com\/yapisal-guclendirme-sistemleri\/#primaryimage\"},\"image\":{\"@id\":\"https:\/\/www.tratekyapi.com\/yapisal-guclendirme-sistemleri\/#primaryimage\"},\"thumbnailUrl\":\"https:\/\/www.tratekyapi.com\/wp-content\/uploads\/2021\/07\/tr-yapi-guclendirme-uygulamasi-1024x724.jpg\",\"datePublished\":\"2020-12-29T09:22:30+00:00\",\"dateModified\":\"2023-08-06T16:45:34+00:00\",\"breadcrumb\":{\"@id\":\"https:\/\/www.tratekyapi.com\/yapisal-guclendirme-sistemleri\/#breadcrumb\"},\"inLanguage\":\"ge-GE\",\"potentialAction\":[{\"@type\":\"ReadAction\",\"target\":[\"https:\/\/www.tratekyapi.com\/yapisal-guclendirme-sistemleri\/\"]}]},{\"@type\":\"ImageObject\",\"inLanguage\":\"ge-GE\",\"@id\":\"https:\/\/www.tratekyapi.com\/yapisal-guclendirme-sistemleri\/#primaryimage\",\"url\":\"https:\/\/www.tratekyapi.com\/wp-content\/uploads\/2021\/07\/tr-yapi-guclendirme-uygulamasi-1024x724.jpg\",\"contentUrl\":\"https:\/\/www.tratekyapi.com\/wp-content\/uploads\/2021\/07\/tr-yapi-guclendirme-uygulamasi-1024x724.jpg\"},{\"@type\":\"BreadcrumbList\",\"@id\":\"https:\/\/www.tratekyapi.com\/yapisal-guclendirme-sistemleri\/#breadcrumb\",\"itemListElement\":[{\"@type\":\"ListItem\",\"position\":1,\"name\":\"Anasayfa\",\"item\":\"https:\/\/www.tratekyapi.com\/\"},{\"@type\":\"ListItem\",\"position\":2,\"name\":\"\u10e1\u10e2\u10e0\u10e3\u10e5\u10e2\u10e3\u10e0\u10e3\u10da\u10d8 \u10d2\u10d0\u10eb\u10da\u10d8\u10d4\u10e0\u10d4\u10d1\u10d8\u10e1 \u10e1\u10d8\u10e1\u10e2\u10d4\u10db\u10d4\u10d1\u10d8\"}]},{\"@type\":\"WebSite\",\"@id\":\"https:\/\/www.tratekyapi.com\/#website\",\"url\":\"https:\/\/www.tratekyapi.com\/\",\"name\":\"Tratek Yap\u0131 M\u00fchendislik\",\"description\":\"Trabzon Tratek Yap M\u00fchendislik\",\"publisher\":{\"@id\":\"https:\/\/www.tratekyapi.com\/#organization\"},\"potentialAction\":[{\"@type\":\"SearchAction\",\"target\":{\"@type\":\"EntryPoint\",\"urlTemplate\":\"https:\/\/www.tratekyapi.com\/?s={search_term_string}\"},\"query-input\":{\"@type\":\"PropertyValueSpecification\",\"valueRequired\":true,\"valueName\":\"search_term_string\"}}],\"inLanguage\":\"ge-GE\"},{\"@type\":\"Organization\",\"@id\":\"https:\/\/www.tratekyapi.com\/#organization\",\"name\":\"Tratek Yap\u0131\",\"url\":\"https:\/\/www.tratekyapi.com\/\",\"logo\":{\"@type\":\"ImageObject\",\"inLanguage\":\"ge-GE\",\"@id\":\"https:\/\/www.tratekyapi.com\/#\/schema\/logo\/image\/\",\"url\":\"https:\/\/www.tratekyapi.com\/wp-content\/uploads\/2021\/07\/tratek_logo.png\",\"contentUrl\":\"https:\/\/www.tratekyapi.com\/wp-content\/uploads\/2021\/07\/tratek_logo.png\",\"width\":500,\"height\":240,\"caption\":\"Tratek Yap\u0131\"},\"image\":{\"@id\":\"https:\/\/www.tratekyapi.com\/#\/schema\/logo\/image\/\"}}]}<\/script>\n<!-- \/ Yoast SEO plugin. -->","yoast_head_json":{"title":"\u10e1\u10e2\u10e0\u10e3\u10e5\u10e2\u10e3\u10e0\u10e3\u10da\u10d8 \u10d2\u10d0\u10eb\u10da\u10d8\u10d4\u10e0\u10d4\u10d1\u10d8\u10e1 \u10e1\u10d8\u10e1\u10e2\u10d4\u10db\u10d4\u10d1\u10d8 | Tratek Yap\u0131 M\u00fchendislik","robots":{"index":"index","follow":"follow","max-snippet":"max-snippet:-1","max-image-preview":"max-image-preview:large","max-video-preview":"max-video-preview:-1"},"canonical":"https:\/\/www.tratekyapi.com\/yapisal-guclendirme-sistemleri\/","og_locale":"en_US","og_type":"article","og_title":"\u10e1\u10e2\u10e0\u10e3\u10e5\u10e2\u10e3\u10e0\u10e3\u10da\u10d8 \u10d2\u10d0\u10eb\u10da\u10d8\u10d4\u10e0\u10d4\u10d1\u10d8\u10e1 \u10e1\u10d8\u10e1\u10e2\u10d4\u10db\u10d4\u10d1\u10d8 | Tratek Yap\u0131 M\u00fchendislik","og_url":"https:\/\/www.tratekyapi.com\/yapisal-guclendirme-sistemleri\/","og_site_name":"Tratek Yap\u0131 M\u00fchendislik","article_modified_time":"2023-08-06T16:45:34+00:00","og_image":[{"url":"https:\/\/www.tratekyapi.com\/wp-content\/uploads\/2021\/07\/tr-yapi-guclendirme-uygulamasi-1024x724.jpg","type":"","width":"","height":""}],"twitter_card":"summary_large_image","twitter_misc":{"Est. reading time":"1 minute"},"schema":{"@context":"https:\/\/schema.org","@graph":[{"@type":"WebPage","@id":"https:\/\/www.tratekyapi.com\/yapisal-guclendirme-sistemleri\/","url":"https:\/\/www.tratekyapi.com\/yapisal-guclendirme-sistemleri\/","name":"\u10e1\u10e2\u10e0\u10e3\u10e5\u10e2\u10e3\u10e0\u10e3\u10da\u10d8 \u10d2\u10d0\u10eb\u10da\u10d8\u10d4\u10e0\u10d4\u10d1\u10d8\u10e1 \u10e1\u10d8\u10e1\u10e2\u10d4\u10db\u10d4\u10d1\u10d8 | Tratek Yap\u0131 M\u00fchendislik","isPartOf":{"@id":"https:\/\/www.tratekyapi.com\/#website"},"primaryImageOfPage":{"@id":"https:\/\/www.tratekyapi.com\/yapisal-guclendirme-sistemleri\/#primaryimage"},"image":{"@id":"https:\/\/www.tratekyapi.com\/yapisal-guclendirme-sistemleri\/#primaryimage"},"thumbnailUrl":"https:\/\/www.tratekyapi.com\/wp-content\/uploads\/2021\/07\/tr-yapi-guclendirme-uygulamasi-1024x724.jpg","datePublished":"2020-12-29T09:22:30+00:00","dateModified":"2023-08-06T16:45:34+00:00","breadcrumb":{"@id":"https:\/\/www.tratekyapi.com\/yapisal-guclendirme-sistemleri\/#breadcrumb"},"inLanguage":"ge-GE","potentialAction":[{"@type":"ReadAction","target":["https:\/\/www.tratekyapi.com\/yapisal-guclendirme-sistemleri\/"]}]},{"@type":"ImageObject","inLanguage":"ge-GE","@id":"https:\/\/www.tratekyapi.com\/yapisal-guclendirme-sistemleri\/#primaryimage","url":"https:\/\/www.tratekyapi.com\/wp-content\/uploads\/2021\/07\/tr-yapi-guclendirme-uygulamasi-1024x724.jpg","contentUrl":"https:\/\/www.tratekyapi.com\/wp-content\/uploads\/2021\/07\/tr-yapi-guclendirme-uygulamasi-1024x724.jpg"},{"@type":"BreadcrumbList","@id":"https:\/\/www.tratekyapi.com\/yapisal-guclendirme-sistemleri\/#breadcrumb","itemListElement":[{"@type":"ListItem","position":1,"name":"Anasayfa","item":"https:\/\/www.tratekyapi.com\/"},{"@type":"ListItem","position":2,"name":"\u10e1\u10e2\u10e0\u10e3\u10e5\u10e2\u10e3\u10e0\u10e3\u10da\u10d8 \u10d2\u10d0\u10eb\u10da\u10d8\u10d4\u10e0\u10d4\u10d1\u10d8\u10e1 \u10e1\u10d8\u10e1\u10e2\u10d4\u10db\u10d4\u10d1\u10d8"}]},{"@type":"WebSite","@id":"https:\/\/www.tratekyapi.com\/#website","url":"https:\/\/www.tratekyapi.com\/","name":"Tratek Yap\u0131 M\u00fchendislik","description":"Trabzon Tratek Yap M\u00fchendislik","publisher":{"@id":"https:\/\/www.tratekyapi.com\/#organization"},"potentialAction":[{"@type":"SearchAction","target":{"@type":"EntryPoint","urlTemplate":"https:\/\/www.tratekyapi.com\/?s={search_term_string}"},"query-input":{"@type":"PropertyValueSpecification","valueRequired":true,"valueName":"search_term_string"}}],"inLanguage":"ge-GE"},{"@type":"Organization","@id":"https:\/\/www.tratekyapi.com\/#organization","name":"Tratek Yap\u0131","url":"https:\/\/www.tratekyapi.com\/","logo":{"@type":"ImageObject","inLanguage":"ge-GE","@id":"https:\/\/www.tratekyapi.com\/#\/schema\/logo\/image\/","url":"https:\/\/www.tratekyapi.com\/wp-content\/uploads\/2021\/07\/tratek_logo.png","contentUrl":"https:\/\/www.tratekyapi.com\/wp-content\/uploads\/2021\/07\/tratek_logo.png","width":500,"height":240,"caption":"Tratek Yap\u0131"},"image":{"@id":"https:\/\/www.tratekyapi.com\/#\/schema\/logo\/image\/"}}]}},"_links":{"self":[{"href":"https:\/\/www.tratekyapi.com\/ge\/wp-json\/wp\/v2\/pages\/1528","targetHints":{"allow":["GET"]}}],"collection":[{"href":"https:\/\/www.tratekyapi.com\/ge\/wp-json\/wp\/v2\/pages"}],"about":[{"href":"https:\/\/www.tratekyapi.com\/ge\/wp-json\/wp\/v2\/types\/page"}],"author":[{"embeddable":true,"href":"https:\/\/www.tratekyapi.com\/ge\/wp-json\/wp\/v2\/users\/1"}],"replies":[{"embeddable":true,"href":"https:\/\/www.tratekyapi.com\/ge\/wp-json\/wp\/v2\/comments?post=1528"}],"version-history":[{"count":5,"href":"https:\/\/www.tratekyapi.com\/ge\/wp-json\/wp\/v2\/pages\/1528\/revisions"}],"predecessor-version":[{"id":1542,"href":"https:\/\/www.tratekyapi.com\/ge\/wp-json\/wp\/v2\/pages\/1528\/revisions\/1542"}],"wp:attachment":[{"href":"https:\/\/www.tratekyapi.com\/ge\/wp-json\/wp\/v2\/media?parent=1528"}],"curies":[{"name":"wp","href":"https:\/\/api.w.org\/{rel}","templated":true}]}}