{"id":1537,"date":"2020-12-29T12:20:58","date_gmt":"2020-12-29T09:20:58","guid":{"rendered":"https:\/\/www.tratekyapi.com\/%e1%83%94%e1%83%9e%e1%83%9d%e1%83%a5%e1%83%a1%e1%83%98%e1%83%93%e1%83%98%e1%83%a1-%e1%83%a1%e1%83%90%e1%83%9c%e1%83%94%e1%83%a5%e1%83%aa%e1%83%98%e1%83%9d-%e1%83%a1%e1%83%98%e1%83%a1\/"},"modified":"2023-08-06T19:45:22","modified_gmt":"2023-08-06T16:45:22","slug":"%e1%83%94%e1%83%9e%e1%83%9d%e1%83%a5%e1%83%a1%e1%83%98%e1%83%93%e1%83%98%e1%83%a1-%e1%83%a1%e1%83%90%e1%83%9c%e1%83%94%e1%83%a5%e1%83%aa%e1%83%98%e1%83%9d-%e1%83%a1%e1%83%98%e1%83%a1","status":"publish","type":"page","link":"https:\/\/www.tratekyapi.com\/ge\/%e1%83%94%e1%83%9e%e1%83%9d%e1%83%a5%e1%83%a1%e1%83%98%e1%83%93%e1%83%98%e1%83%a1-%e1%83%a1%e1%83%90%e1%83%9c%e1%83%94%e1%83%a5%e1%83%aa%e1%83%98%e1%83%9d-%e1%83%a1%e1%83%98%e1%83%a1\/","title":{"rendered":"\u2022 \u10d4\u10de\u10dd\u10e5\u10e1\u10d8\u10d3\u10d8\u10e1 \u10e1\u10d0\u10dc\u10d4\u10e5\u10ea\u10d8\u10dd \u10e1\u10d8\u10e1\u10e2\u10d4\u10db\u10d4\u10d1\u10d8"},"content":{"rendered":"<section class=\"wpb-content-wrapper\"><div class=\"vc_row wpb_row top-row porto-inner-container\"><div class=\"porto-wrap-container container\"><div class=\"row\"><div class=\"order-lg-2 vc_column_container col-md-12 col-xl-8 col-lg-8\"><div class=\"wpb_wrapper vc_column-inner\">\n\t<div class=\"wpb_text_column wpb_content_element  vc_custom_1627682068148\" >\n\t\t<div class=\"wpb_wrapper\">\n\t\t\t<p class=\"text-3-4\">\u10ea\u10d4\u10db\u10d4\u10dc\u10e2\u10d6\u10d4 \u10d3\u10d0\u10e4\u10e3\u10eb\u10dc\u10d4\u10d1\u10e3\u10da\u10d8, \u10de\u10dd\u10da\u10d8\u10e3\u10e0\u10d4\u10d7\u10d0\u10dc\u10d8\u10e1 \u10d3\u10d0\u10e4\u10e3\u10eb\u10dc\u10d4\u10d1\u10e3\u10da\u10d8, \u10d4\u10de\u10dd\u10e5\u10e1\u10d8\u10d3\u10e3\u10e0\u10d8 \u10d0\u10dc \u10d0\u10d9\u10e0\u10d8\u10da\u10d0\u10e2\u10d6\u10d4 \u10d3\u10d0\u10e4\u10e3\u10eb\u10dc\u10d4\u10d1\u10e3\u10da\u10d8 \u10db\u10d0\u10e1\u10d0\u10da\u10d4\u10d1\u10d8\u10e1 \u10d3\u10d0\u10d6\u10d8\u10d0\u10dc\u10d4\u10d1\u10e3\u10da \u10d0\u10dc \u10d3\u10d0\u10d1\u10d6\u10d0\u10e0\u10e3\u10da \u10e1\u10e2\u10e0\u10e3\u10e5\u10e2\u10e3\u10e0\u10d4\u10d1\u10e8\u10d8 \u10e8\u10d4\u10e7\u10d5\u10d0\u10dc\u10d8\u10e1 \u10de\u10e0\u10dd\u10ea\u10d4\u10e1\u10d8, \u10e0\u10d0\u10d7\u10d0 \u10e3\u10e1\u10d0\u10e4\u10e0\u10d7\u10ee\u10dd\u10d3 \u10e8\u10d4\u10d0\u10d4\u10e0\u10d7\u10dd\u10e1 \u10d2\u10d0\u10df\u10dd\u10dc\u10d5\u10d0, \u10e8\u10d4\u10d0\u10d9\u10d4\u10d7\u10dd\u10e1 \u10d3\u10d0\u10d6\u10d8\u10d0\u10dc\u10d4\u10d1\u10e3\u10da\u10d8 \u10e1\u10e2\u10e0\u10e3\u10e5\u10e2\u10e3\u10e0\u10d4\u10d1\u10d8 \u10d3\u10d0 \u10e8\u10d4\u10d8\u10dc\u10d0\u10e0\u10e9\u10e3\u10dc\u10dd\u10e1 \u10d8\u10e1\u10d8\u10dc\u10d8 \u10ec\u10e7\u10d0\u10da\u10d2\u10d0\u10e3\u10db\u10e2\u10d0\u10e0\u10d8 \u10ee\u10d0\u10dc\u10d2\u10e0\u10eb\u10da\u10d8\u10d5\u10d8 \u10de\u10d4\u10e0\u10d8\u10dd\u10d3\u10d8\u10e1 \u10d2\u10d0\u10dc\u10db\u10d0\u10d5\u10da\u10dd\u10d1\u10d0\u10e8\u10d8, \u10ea\u10dc\u10dd\u10d1\u10d8\u10da\u10d8\u10d0 \u10e0\u10dd\u10d2\u10dd\u10e0\u10ea \u10d8\u10dc\u10d4\u10e5\u10ea\u10d8\u10d0.<\/p>\n<p><strong>\u10e1\u10d0\u10db\u10e0\u10d4\u10ec\u10d5\u10d4\u10da\u10dd \u10d8\u10d0\u10e2\u10d0\u10d9\u10d8\u10e1 \u10e1\u10d0\u10e4\u10d0\u10e0\u10d4\u10d1\u10d8<\/strong><\/p>\n<p><strong><i class=\"fas fa-check text-color-dark border-color-grey-1 top-7 text-3\"><\/i>\u10d0\u10d5\u10e2\u10dd\u10de\u10d0\u10e0\u10d9\u10d8 \u10d8\u10d0\u10e2\u10d0\u10d9\u10d8\u10e1 \u10e1\u10d0\u10e4\u10d0\u10e0\u10d4\u10d1\u10d8 <\/strong><\/p>\n<p><strong><i class=\"fas fa-check text-color-dark border-color-grey-1 top-7 text-3\"><\/i>\u10d3\u10d4\u10d9\u10dd\u10e0\u10d0\u10e2\u10d8\u10e3\u10da\u10d8 \u10d8\u10d0\u10e2\u10d0\u10d9\u10d8\u10e1 \u10e1\u10d0\u10e4\u10d4\u10e0\u10d4\u10d1\u10d8 <\/strong><\/p>\n<p><strong><i class=\"fas fa-check text-color-dark border-color-grey-1 top-7 text-3\"><\/i> \u10ea\u10d4\u10db\u10d4\u10dc\u10e2\u10d6\u10d4 \u10d3\u10d0\u10e4\u10e3\u10eb\u10dc\u10d4\u10d1\u10e3\u10da\u10d8 \u10d8\u10d0\u10e2\u10d0\u10d9\u10d4\u10d1\u10d8 <\/strong><\/p>\n<p><strong><i class=\"fas fa-check text-color-dark border-color-grey-1 top-7 text-3\"><\/i> \u10de\u10e0\u10d0\u10d8\u10db\u10d4\u10e0\u10d8 \u10d3\u10d0 \u10e1\u10d0\u10ec\u10e0\u10e4\u10d4\u10d5\u10d4\u10d1\u10d4\u10da\u10d8 \u10db\u10d0\u10dc\u10e5\u10d0\u10dc\u10d8\u10e1 \u10d0\u10da\u10db\u10d4\u10d1\u10d8 (leveller) <\/strong><\/p>\n<p><strong><i class=\"fas fa-check text-color-dark border-color-grey-1 top-7 text-3\"><\/i> \u10d3\u10d0\u10db\u10ea\u10d0\u10d5\u10d8 \u10e1\u10d0\u10e4\u10d0\u10e0\u10d8\u10e1 \u10e1\u10d8\u10e1\u10e2\u10d4\u10db\u10d4\u10d1\u10d8<br \/>\n<img loading=\"lazy\" decoding=\"async\" class=\"alignnone size-full wp-image-588\" src=\"https:\/\/www.tratekyapi.com\/wp-content\/uploads\/2021\/07\/epoksi.jpg\" alt=\"\" width=\"756\" height=\"504\" srcset=\"https:\/\/www.tratekyapi.com\/wp-content\/uploads\/2021\/07\/epoksi.jpg 756w, https:\/\/www.tratekyapi.com\/wp-content\/uploads\/2021\/07\/epoksi-640x427.jpg 640w, https:\/\/www.tratekyapi.com\/wp-content\/uploads\/2021\/07\/epoksi-400x267.jpg 400w, https:\/\/www.tratekyapi.com\/wp-content\/uploads\/2021\/07\/epoksi-367x245.jpg 367w\" sizes=\"auto, (max-width: 756px) 100vw, 756px\" \/><br \/>\n<\/strong><\/p>\n<div class=\"cmp-layout__head cmp-layout--center\">\n<h2 class=\"cmp-layout__title\">Enjeksiyon Malzemeleri Tercih Edilen \u00c7\u00f6z\u00fcmlerdir \u00c7\u00fcnk\u00fc&#8230;<\/h2>\n<\/div>\n<div class=\"cmp-layout__content grid-x grid-margin-x\">\n<div class=\"cell auto\">\n<div class=\"textimage image section\">\n<div class=\"cmp-textimage cmp-text cmp-text--two-columns\">\n<ul>\n<li>Yap\u0131sal onar\u0131mlar\u0131n y\u00fcksek maliyetlerinden ka\u00e7\u0131nmak ve operasyonel bekleme s\u00fcresini k\u0131saltmaya yard\u0131mc\u0131 olur<\/li>\n<li>Beton, ta\u015f ve do\u011fal ta\u015f yap\u0131larda her t\u00fcrl\u00fc s\u0131z\u0131nt\u0131 kapatma uygulamalar\u0131nda kullan\u0131labilir<\/li>\n<li>Yeni ve kal\u0131c\u0131 bir su Yal\u0131t\u0131m\u0131 \u00f6zelli\u011fi olu\u015fturabilir<\/li>\n<\/ul>\n<div><\/div>\n<ul>\n<li>Kullan\u0131m \u00f6mr\u00fcn\u00fc art\u0131rmak i\u00e7in ilk in\u015faat s\u0131ras\u0131nda ya da sonradan yap\u0131lan her t\u00fcrl\u00fc onar\u0131m ya da tadilat s\u0131ras\u0131nda, projenin belirli gerekliliklerine ba\u011fl\u0131 olarak istendi\u011fi zaman kullan\u0131labilir<\/li>\n<\/ul>\n<\/div>\n<\/div>\n<\/div>\n<\/div>\n<p>&nbsp;<\/p>\n<ul>\n<li style=\"list-style-type: none;\">\n<ul>\n<li>\n<\/li>\n<\/ul>\n<\/li>\n<\/ul>\n\n\t\t<\/div>\n\t<\/div>\n<\/div><\/div><div class=\"card-section order-lg-1 vc_column_container col-md-12 col-xl-4 col-lg-4\"><div class=\"wpb_wrapper vc_column-inner\"><div class=\"porto-ultimate-content-box-container card py-5 mb-5 box-shadow-1 custom-border-radius-1\"><style>#porto_ucb_8373{will-change: box-shadow;box-shadow: none;}<\/style><div class=\"porto-ultimate-content-box vc_custom_1640813435198\" style=\"\" id=\"porto_ucb_8373\"><div  class=\"vc_wp_custommenu wpb_content_element mb-0\"><div class=\"widget widget_nav_menu\"><h2 class=\"widgettitle\">\u10e9\u10d5\u10d4\u10dc\u10d8 \u10db\u10dd\u10db\u10e1\u10d0\u10ee\u10e3\u10e0\u10d4\u10d1\u10d0<\/h2><div class=\"menu-%e1%83%a9%e1%83%95%e1%83%94%e1%83%9c%e1%83%98-%e1%83%9b%e1%83%9d%e1%83%9b%e1%83%a1%e1%83%90%e1%83%ae%e1%83%a3%e1%83%a0%e1%83%94%e1%83%91%e1%83%90-container\"><ul id=\"menu-%e1%83%a9%e1%83%95%e1%83%94%e1%83%9c%e1%83%98-%e1%83%9b%e1%83%9d%e1%83%9b%e1%83%a1%e1%83%90%e1%83%ae%e1%83%a3%e1%83%a0%e1%83%94%e1%83%91%e1%83%90\" class=\"menu\"><li id=\"menu-item-1596\" class=\"menu-item menu-item-type-post_type menu-item-object-page menu-item-1596\"><a href=\"https:\/\/www.tratekyapi.com\/zeminkaplama\/\">Zemin Kaplama Sistemleri<\/a><\/li>\n<li id=\"menu-item-1597\" class=\"menu-item menu-item-type-post_type menu-item-object-page menu-item-1597\"><a href=\"https:\/\/www.tratekyapi.com\/home\/suyalitimsistemleri\/\">Su Yal\u0131t\u0131m Sistemleri<\/a><\/li>\n<li id=\"menu-item-1598\" class=\"menu-item menu-item-type-post_type menu-item-object-page menu-item-1598\"><a href=\"https:\/\/www.tratekyapi.com\/epoksi_enjeksiyon\/\">Epoksi Enjeksiyon Sistemleri<\/a><\/li>\n<li id=\"menu-item-1599\" class=\"menu-item menu-item-type-post_type menu-item-object-page menu-item-1599\"><a href=\"https:\/\/www.tratekyapi.com\/yapisal-guclendirme-sistemleri\/\">Yap\u0131sal G\u00fc\u00e7lendirme Sistemleri<\/a><\/li>\n<li id=\"menu-item-1600\" class=\"menu-item menu-item-type-post_type menu-item-object-page menu-item-1600\"><a href=\"https:\/\/www.tratekyapi.com\/beton-katkilari\/\">Beton Katk\u0131lar\u0131<\/a><\/li>\n<\/ul><\/div><\/div><\/div><\/div><\/div><div class=\"porto-ultimate-content-box-container bg-primary py-5 custom-border-radius-1\"><style>#porto_ucb_3891{will-change: box-shadow;box-shadow: none;}<\/style><div class=\"porto-ultimate-content-box vc_custom_1640813573101\" style=\"\" id=\"porto_ucb_3891\"><h3 style=\"font-size: 32.2px;color: #ffffff;line-height: 1.3;text-align: center;font-weight:700;letter-spacing:-1.61px\" class=\"vc_custom_heading mb-3 text-center\">\u10db\u10dd\u10db\u10e1\u10d0\u10ee\u10e3\u10e0\u10d4\u10d1\u10d0 \u10de\u10e0\u10dd\u10e4\u10d4\u10e1\u10d8\u10dd\u10dc\u10d0\u10da\u10d4\u10d1\u10d8\u10e1\u10d7\u10d5\u10d8\u10e1<\/h3><div class=\"porto-sicon-box custom-view-more mb-4 justify-content-center  wpb_custom_1efe903570d178ff0a9b7bfa5febd3a4 style_1 default-icon\"><div class=\"porto-sicon-default\"><div class=\"porto-just-icon-wrapper porto-icon none\" style=\"color:#ffffff;font-size:36.8px;margin-right:0px;\"><i class=\"Simple-Line-Icons-phone\"><\/i><\/div><\/div><div class=\"porto-sicon-header\"><h5 class=\"porto-sicon-title\" style=\"font-weight:500;font-size:16.8px;line-height:1.2;letter-spacing:0;color:#ffffff;margin-bottom:4px;\">Bize Ula\u015f\u0131n<\/h5><p style=\"font-weight:700;font-size:25.2px;line-height:1.2;color:#ffffff;\">+90 462 999 19 91<\/p><\/div> <!-- header --><\/div><!-- porto-sicon-box --><\/div><\/div><\/div><\/div><\/div><\/div><\/div>\n<\/section>","protected":false},"excerpt":{"rendered":"\u10ea\u10d4\u10db\u10d4\u10dc\u10e2\u10d6\u10d4 \u10d3\u10d0\u10e4\u10e3\u10eb\u10dc\u10d4\u10d1\u10e3\u10da\u10d8, \u10de\u10dd\u10da\u10d8\u10e3\u10e0\u10d4\u10d7\u10d0\u10dc\u10d8\u10e1 \u10d3\u10d0\u10e4\u10e3\u10eb\u10dc\u10d4\u10d1\u10e3\u10da\u10d8, \u10d4\u10de\u10dd\u10e5\u10e1\u10d8\u10d3\u10e3\u10e0\u10d8 \u10d0\u10dc \u10d0\u10d9\u10e0\u10d8\u10da\u10d0\u10e2\u10d6\u10d4 \u10d3\u10d0\u10e4\u10e3\u10eb\u10dc\u10d4\u10d1\u10e3\u10da\u10d8 \u10db\u10d0\u10e1\u10d0\u10da\u10d4\u10d1\u10d8\u10e1 \u10d3\u10d0\u10d6\u10d8\u10d0\u10dc\u10d4\u10d1\u10e3\u10da \u10d0\u10dc \u10d3\u10d0\u10d1\u10d6\u10d0\u10e0\u10e3\u10da \u10e1\u10e2\u10e0\u10e3\u10e5\u10e2\u10e3\u10e0\u10d4\u10d1\u10e8\u10d8 \u10e8\u10d4\u10e7\u10d5\u10d0\u10dc\u10d8\u10e1 \u10de\u10e0\u10dd\u10ea\u10d4\u10e1\u10d8, \u10e0\u10d0\u10d7\u10d0 \u10e3\u10e1\u10d0\u10e4\u10e0\u10d7\u10ee\u10dd\u10d3 \u10e8\u10d4\u10d0\u10d4\u10e0\u10d7\u10dd\u10e1 \u10d2\u10d0\u10df\u10dd\u10dc\u10d5\u10d0, \u10e8\u10d4\u10d0\u10d9\u10d4\u10d7\u10dd\u10e1 \u10d3\u10d0\u10d6\u10d8\u10d0\u10dc\u10d4\u10d1\u10e3\u10da\u10d8 \u10e1\u10e2\u10e0\u10e3\u10e5\u10e2\u10e3\u10e0\u10d4\u10d1\u10d8 \u10d3\u10d0 \u10e8\u10d4\u10d8\u10dc\u10d0\u10e0\u10e9\u10e3\u10dc\u10dd\u10e1 \u10d8\u10e1\u10d8\u10dc\u10d8 \u10ec\u10e7\u10d0\u10da\u10d2\u10d0\u10e3\u10db\u10e2\u10d0\u10e0\u10d8 \u10ee\u10d0\u10dc\u10d2\u10e0\u10eb\u10da\u10d8\u10d5\u10d8 \u10de\u10d4\u10e0\u10d8\u10dd\u10d3\u10d8\u10e1 \u10d2\u10d0\u10dc\u10db\u10d0\u10d5\u10da\u10dd\u10d1\u10d0\u10e8\u10d8, \u10ea\u10dc\u10dd\u10d1\u10d8\u10da\u10d8\u10d0 \u10e0\u10dd\u10d2\u10dd\u10e0\u10ea \u10d8\u10dc\u10d4\u10e5\u10ea\u10d8\u10d0. \u10e1\u10d0\u10db\u10e0\u10d4\u10ec\u10d5\u10d4\u10da\u10dd \u10d8\u10d0\u10e2\u10d0\u10d9\u10d8\u10e1 \u10e1\u10d0\u10e4\u10d0\u10e0\u10d4\u10d1\u10d8 \u10d0\u10d5\u10e2\u10dd\u10de\u10d0\u10e0\u10d9\u10d8 \u10d8\u10d0\u10e2\u10d0\u10d9\u10d8\u10e1 \u10e1\u10d0\u10e4\u10d0\u10e0\u10d4\u10d1\u10d8 \u10d3\u10d4\u10d9\u10dd\u10e0\u10d0\u10e2\u10d8\u10e3\u10da\u10d8 \u10d8\u10d0\u10e2\u10d0\u10d9\u10d8\u10e1 \u10e1\u10d0\u10e4\u10d4\u10e0\u10d4\u10d1\u10d8 \u10ea\u10d4\u10db\u10d4\u10dc\u10e2\u10d6\u10d4 \u10d3\u10d0\u10e4\u10e3\u10eb\u10dc\u10d4\u10d1\u10e3\u10da\u10d8 \u10d8\u10d0\u10e2\u10d0\u10d9\u10d4\u10d1\u10d8 \u10de\u10e0\u10d0\u10d8\u10db\u10d4\u10e0\u10d8 \u10d3\u10d0 \u10e1\u10d0\u10ec\u10e0\u10e4\u10d4\u10d5\u10d4\u10d1\u10d4\u10da\u10d8 \u10db\u10d0\u10dc\u10e5\u10d0\u10dc\u10d8\u10e1 \u10d0\u10da\u10db\u10d4\u10d1\u10d8 (leveller) \u10d3\u10d0\u10db\u10ea\u10d0\u10d5\u10d8 \u10e1\u10d0\u10e4\u10d0\u10e0\u10d8\u10e1 \u10e1\u10d8\u10e1\u10e2\u10d4\u10db\u10d4\u10d1\u10d8 Enjeksiyon Malzemeleri [...]","protected":false},"author":1,"featured_media":0,"parent":0,"menu_order":0,"comment_status":"closed","ping_status":"closed","template":"","meta":{"footnotes":""},"class_list":["post-1537","page","type-page","status-publish","hentry"],"yoast_head":"<!-- This site is optimized with the Yoast SEO plugin v24.7 - https:\/\/yoast.com\/wordpress\/plugins\/seo\/ -->\n<title>\u2022 \u10d4\u10de\u10dd\u10e5\u10e1\u10d8\u10d3\u10d8\u10e1 \u10e1\u10d0\u10dc\u10d4\u10e5\u10ea\u10d8\u10dd \u10e1\u10d8\u10e1\u10e2\u10d4\u10db\u10d4\u10d1\u10d8 | Tratek Yap\u0131 M\u00fchendislik<\/title>\n<meta name=\"robots\" content=\"index, follow, max-snippet:-1, max-image-preview:large, max-video-preview:-1\" \/>\n<link rel=\"canonical\" href=\"https:\/\/www.tratekyapi.com\/epoksi_enjeksiyon\/\" \/>\n<meta property=\"og:locale\" content=\"en_US\" \/>\n<meta property=\"og:type\" content=\"article\" \/>\n<meta property=\"og:title\" content=\"\u2022 \u10d4\u10de\u10dd\u10e5\u10e1\u10d8\u10d3\u10d8\u10e1 \u10e1\u10d0\u10dc\u10d4\u10e5\u10ea\u10d8\u10dd \u10e1\u10d8\u10e1\u10e2\u10d4\u10db\u10d4\u10d1\u10d8 | Tratek Yap\u0131 M\u00fchendislik\" \/>\n<meta property=\"og:url\" content=\"https:\/\/www.tratekyapi.com\/epoksi_enjeksiyon\/\" \/>\n<meta property=\"og:site_name\" content=\"Tratek Yap\u0131 M\u00fchendislik\" \/>\n<meta property=\"article:modified_time\" content=\"2023-08-06T16:45:22+00:00\" \/>\n<meta property=\"og:image\" content=\"https:\/\/www.tratekyapi.com\/wp-content\/uploads\/2021\/07\/epoksi.jpg\" \/>\n<meta name=\"twitter:card\" content=\"summary_large_image\" \/>\n<meta name=\"twitter:label1\" content=\"Est. reading time\" \/>\n\t<meta name=\"twitter:data1\" content=\"2 minutes\" \/>\n<script type=\"application\/ld+json\" class=\"yoast-schema-graph\">{\"@context\":\"https:\/\/schema.org\",\"@graph\":[{\"@type\":\"WebPage\",\"@id\":\"https:\/\/www.tratekyapi.com\/epoksi_enjeksiyon\/\",\"url\":\"https:\/\/www.tratekyapi.com\/epoksi_enjeksiyon\/\",\"name\":\"\u2022 \u10d4\u10de\u10dd\u10e5\u10e1\u10d8\u10d3\u10d8\u10e1 \u10e1\u10d0\u10dc\u10d4\u10e5\u10ea\u10d8\u10dd \u10e1\u10d8\u10e1\u10e2\u10d4\u10db\u10d4\u10d1\u10d8 | Tratek Yap\u0131 M\u00fchendislik\",\"isPartOf\":{\"@id\":\"https:\/\/www.tratekyapi.com\/#website\"},\"primaryImageOfPage\":{\"@id\":\"https:\/\/www.tratekyapi.com\/epoksi_enjeksiyon\/#primaryimage\"},\"image\":{\"@id\":\"https:\/\/www.tratekyapi.com\/epoksi_enjeksiyon\/#primaryimage\"},\"thumbnailUrl\":\"https:\/\/www.tratekyapi.com\/wp-content\/uploads\/2021\/07\/epoksi.jpg\",\"datePublished\":\"2020-12-29T09:20:58+00:00\",\"dateModified\":\"2023-08-06T16:45:22+00:00\",\"breadcrumb\":{\"@id\":\"https:\/\/www.tratekyapi.com\/epoksi_enjeksiyon\/#breadcrumb\"},\"inLanguage\":\"ge-GE\",\"potentialAction\":[{\"@type\":\"ReadAction\",\"target\":[\"https:\/\/www.tratekyapi.com\/epoksi_enjeksiyon\/\"]}]},{\"@type\":\"ImageObject\",\"inLanguage\":\"ge-GE\",\"@id\":\"https:\/\/www.tratekyapi.com\/epoksi_enjeksiyon\/#primaryimage\",\"url\":\"https:\/\/www.tratekyapi.com\/wp-content\/uploads\/2021\/07\/epoksi.jpg\",\"contentUrl\":\"https:\/\/www.tratekyapi.com\/wp-content\/uploads\/2021\/07\/epoksi.jpg\"},{\"@type\":\"BreadcrumbList\",\"@id\":\"https:\/\/www.tratekyapi.com\/epoksi_enjeksiyon\/#breadcrumb\",\"itemListElement\":[{\"@type\":\"ListItem\",\"position\":1,\"name\":\"Anasayfa\",\"item\":\"https:\/\/www.tratekyapi.com\/\"},{\"@type\":\"ListItem\",\"position\":2,\"name\":\"\u2022 \u10d4\u10de\u10dd\u10e5\u10e1\u10d8\u10d3\u10d8\u10e1 \u10e1\u10d0\u10dc\u10d4\u10e5\u10ea\u10d8\u10dd \u10e1\u10d8\u10e1\u10e2\u10d4\u10db\u10d4\u10d1\u10d8\"}]},{\"@type\":\"WebSite\",\"@id\":\"https:\/\/www.tratekyapi.com\/#website\",\"url\":\"https:\/\/www.tratekyapi.com\/\",\"name\":\"Tratek Yap\u0131 M\u00fchendislik\",\"description\":\"Trabzon Tratek Yap M\u00fchendislik\",\"publisher\":{\"@id\":\"https:\/\/www.tratekyapi.com\/#organization\"},\"potentialAction\":[{\"@type\":\"SearchAction\",\"target\":{\"@type\":\"EntryPoint\",\"urlTemplate\":\"https:\/\/www.tratekyapi.com\/?s={search_term_string}\"},\"query-input\":{\"@type\":\"PropertyValueSpecification\",\"valueRequired\":true,\"valueName\":\"search_term_string\"}}],\"inLanguage\":\"ge-GE\"},{\"@type\":\"Organization\",\"@id\":\"https:\/\/www.tratekyapi.com\/#organization\",\"name\":\"Tratek Yap\u0131\",\"url\":\"https:\/\/www.tratekyapi.com\/\",\"logo\":{\"@type\":\"ImageObject\",\"inLanguage\":\"ge-GE\",\"@id\":\"https:\/\/www.tratekyapi.com\/#\/schema\/logo\/image\/\",\"url\":\"https:\/\/www.tratekyapi.com\/wp-content\/uploads\/2021\/07\/tratek_logo.png\",\"contentUrl\":\"https:\/\/www.tratekyapi.com\/wp-content\/uploads\/2021\/07\/tratek_logo.png\",\"width\":500,\"height\":240,\"caption\":\"Tratek Yap\u0131\"},\"image\":{\"@id\":\"https:\/\/www.tratekyapi.com\/#\/schema\/logo\/image\/\"}}]}<\/script>\n<!-- \/ Yoast SEO plugin. -->","yoast_head_json":{"title":"\u2022 \u10d4\u10de\u10dd\u10e5\u10e1\u10d8\u10d3\u10d8\u10e1 \u10e1\u10d0\u10dc\u10d4\u10e5\u10ea\u10d8\u10dd \u10e1\u10d8\u10e1\u10e2\u10d4\u10db\u10d4\u10d1\u10d8 | Tratek Yap\u0131 M\u00fchendislik","robots":{"index":"index","follow":"follow","max-snippet":"max-snippet:-1","max-image-preview":"max-image-preview:large","max-video-preview":"max-video-preview:-1"},"canonical":"https:\/\/www.tratekyapi.com\/epoksi_enjeksiyon\/","og_locale":"en_US","og_type":"article","og_title":"\u2022 \u10d4\u10de\u10dd\u10e5\u10e1\u10d8\u10d3\u10d8\u10e1 \u10e1\u10d0\u10dc\u10d4\u10e5\u10ea\u10d8\u10dd \u10e1\u10d8\u10e1\u10e2\u10d4\u10db\u10d4\u10d1\u10d8 | Tratek Yap\u0131 M\u00fchendislik","og_url":"https:\/\/www.tratekyapi.com\/epoksi_enjeksiyon\/","og_site_name":"Tratek Yap\u0131 M\u00fchendislik","article_modified_time":"2023-08-06T16:45:22+00:00","og_image":[{"url":"https:\/\/www.tratekyapi.com\/wp-content\/uploads\/2021\/07\/epoksi.jpg","type":"","width":"","height":""}],"twitter_card":"summary_large_image","twitter_misc":{"Est. reading time":"2 minutes"},"schema":{"@context":"https:\/\/schema.org","@graph":[{"@type":"WebPage","@id":"https:\/\/www.tratekyapi.com\/epoksi_enjeksiyon\/","url":"https:\/\/www.tratekyapi.com\/epoksi_enjeksiyon\/","name":"\u2022 \u10d4\u10de\u10dd\u10e5\u10e1\u10d8\u10d3\u10d8\u10e1 \u10e1\u10d0\u10dc\u10d4\u10e5\u10ea\u10d8\u10dd \u10e1\u10d8\u10e1\u10e2\u10d4\u10db\u10d4\u10d1\u10d8 | Tratek Yap\u0131 M\u00fchendislik","isPartOf":{"@id":"https:\/\/www.tratekyapi.com\/#website"},"primaryImageOfPage":{"@id":"https:\/\/www.tratekyapi.com\/epoksi_enjeksiyon\/#primaryimage"},"image":{"@id":"https:\/\/www.tratekyapi.com\/epoksi_enjeksiyon\/#primaryimage"},"thumbnailUrl":"https:\/\/www.tratekyapi.com\/wp-content\/uploads\/2021\/07\/epoksi.jpg","datePublished":"2020-12-29T09:20:58+00:00","dateModified":"2023-08-06T16:45:22+00:00","breadcrumb":{"@id":"https:\/\/www.tratekyapi.com\/epoksi_enjeksiyon\/#breadcrumb"},"inLanguage":"ge-GE","potentialAction":[{"@type":"ReadAction","target":["https:\/\/www.tratekyapi.com\/epoksi_enjeksiyon\/"]}]},{"@type":"ImageObject","inLanguage":"ge-GE","@id":"https:\/\/www.tratekyapi.com\/epoksi_enjeksiyon\/#primaryimage","url":"https:\/\/www.tratekyapi.com\/wp-content\/uploads\/2021\/07\/epoksi.jpg","contentUrl":"https:\/\/www.tratekyapi.com\/wp-content\/uploads\/2021\/07\/epoksi.jpg"},{"@type":"BreadcrumbList","@id":"https:\/\/www.tratekyapi.com\/epoksi_enjeksiyon\/#breadcrumb","itemListElement":[{"@type":"ListItem","position":1,"name":"Anasayfa","item":"https:\/\/www.tratekyapi.com\/"},{"@type":"ListItem","position":2,"name":"\u2022 \u10d4\u10de\u10dd\u10e5\u10e1\u10d8\u10d3\u10d8\u10e1 \u10e1\u10d0\u10dc\u10d4\u10e5\u10ea\u10d8\u10dd \u10e1\u10d8\u10e1\u10e2\u10d4\u10db\u10d4\u10d1\u10d8"}]},{"@type":"WebSite","@id":"https:\/\/www.tratekyapi.com\/#website","url":"https:\/\/www.tratekyapi.com\/","name":"Tratek Yap\u0131 M\u00fchendislik","description":"Trabzon Tratek Yap M\u00fchendislik","publisher":{"@id":"https:\/\/www.tratekyapi.com\/#organization"},"potentialAction":[{"@type":"SearchAction","target":{"@type":"EntryPoint","urlTemplate":"https:\/\/www.tratekyapi.com\/?s={search_term_string}"},"query-input":{"@type":"PropertyValueSpecification","valueRequired":true,"valueName":"search_term_string"}}],"inLanguage":"ge-GE"},{"@type":"Organization","@id":"https:\/\/www.tratekyapi.com\/#organization","name":"Tratek Yap\u0131","url":"https:\/\/www.tratekyapi.com\/","logo":{"@type":"ImageObject","inLanguage":"ge-GE","@id":"https:\/\/www.tratekyapi.com\/#\/schema\/logo\/image\/","url":"https:\/\/www.tratekyapi.com\/wp-content\/uploads\/2021\/07\/tratek_logo.png","contentUrl":"https:\/\/www.tratekyapi.com\/wp-content\/uploads\/2021\/07\/tratek_logo.png","width":500,"height":240,"caption":"Tratek Yap\u0131"},"image":{"@id":"https:\/\/www.tratekyapi.com\/#\/schema\/logo\/image\/"}}]}},"_links":{"self":[{"href":"https:\/\/www.tratekyapi.com\/ge\/wp-json\/wp\/v2\/pages\/1537","targetHints":{"allow":["GET"]}}],"collection":[{"href":"https:\/\/www.tratekyapi.com\/ge\/wp-json\/wp\/v2\/pages"}],"about":[{"href":"https:\/\/www.tratekyapi.com\/ge\/wp-json\/wp\/v2\/types\/page"}],"author":[{"embeddable":true,"href":"https:\/\/www.tratekyapi.com\/ge\/wp-json\/wp\/v2\/users\/1"}],"replies":[{"embeddable":true,"href":"https:\/\/www.tratekyapi.com\/ge\/wp-json\/wp\/v2\/comments?post=1537"}],"version-history":[{"count":2,"href":"https:\/\/www.tratekyapi.com\/ge\/wp-json\/wp\/v2\/pages\/1537\/revisions"}],"predecessor-version":[{"id":1539,"href":"https:\/\/www.tratekyapi.com\/ge\/wp-json\/wp\/v2\/pages\/1537\/revisions\/1539"}],"wp:attachment":[{"href":"https:\/\/www.tratekyapi.com\/ge\/wp-json\/wp\/v2\/media?parent=1537"}],"curies":[{"name":"wp","href":"https:\/\/api.w.org\/{rel}","templated":true}]}}