{"id":1546,"date":"2022-11-17T13:35:01","date_gmt":"2022-11-17T10:35:01","guid":{"rendered":"https:\/\/www.tratekyapi.com\/%e1%83%a1%e1%83%90%e1%83%ae%e1%83%a3%e1%83%a0%e1%83%90%e1%83%95%e1%83%98%e1%83%a1-%e1%83%a1%e1%83%90%e1%83%98%e1%83%96%e1%83%9d%e1%83%9a%e1%83%90%e1%83%aa%e1%83%98%e1%83%9d-%e1%83%a1%e1%83%98%e1%83%a1\/"},"modified":"2023-08-06T19:48:05","modified_gmt":"2023-08-06T16:48:05","slug":"%e1%83%a1%e1%83%90%e1%83%ae%e1%83%a3%e1%83%a0%e1%83%90%e1%83%95%e1%83%98%e1%83%a1-%e1%83%a1%e1%83%90%e1%83%98%e1%83%96%e1%83%9d%e1%83%9a%e1%83%90%e1%83%aa%e1%83%98%e1%83%9d-%e1%83%a1%e1%83%98%e1%83%a1","status":"publish","type":"page","link":"https:\/\/www.tratekyapi.com\/ge\/%e1%83%a1%e1%83%90%e1%83%ae%e1%83%a3%e1%83%a0%e1%83%90%e1%83%95%e1%83%98%e1%83%a1-%e1%83%a1%e1%83%90%e1%83%98%e1%83%96%e1%83%9d%e1%83%9a%e1%83%90%e1%83%aa%e1%83%98%e1%83%9d-%e1%83%a1%e1%83%98%e1%83%a1\/","title":{"rendered":"\u10e1\u10d0\u10ee\u10e3\u10e0\u10d0\u10d5\u10d8\u10e1 \u10e1\u10d0\u10d8\u10d6\u10dd\u10da\u10d0\u10ea\u10d8\u10dd \u10e1\u10d8\u10e1\u10e2\u10d4\u10db\u10d4\u10d1\u10d8"},"content":{"rendered":"<section class=\"wpb-content-wrapper\"><div class=\"vc_row wpb_row row top-row\"><div class=\"vc_column_container col-md-12\"><div class=\"wpb_wrapper vc_column-inner\"><\/div><\/div><\/div>\n<\/section>","protected":false},"excerpt":{"rendered":"","protected":false},"author":1,"featured_media":0,"parent":0,"menu_order":0,"comment_status":"closed","ping_status":"closed","template":"","meta":{"footnotes":""},"class_list":["post-1546","page","type-page","status-publish","hentry"],"yoast_head":"<!-- This site is optimized with the Yoast SEO plugin v24.7 - https:\/\/yoast.com\/wordpress\/plugins\/seo\/ -->\n<title>\u10e1\u10d0\u10ee\u10e3\u10e0\u10d0\u10d5\u10d8\u10e1 \u10e1\u10d0\u10d8\u10d6\u10dd\u10da\u10d0\u10ea\u10d8\u10dd \u10e1\u10d8\u10e1\u10e2\u10d4\u10db\u10d4\u10d1\u10d8 | Tratek Yap\u0131 M\u00fchendislik<\/title>\n<meta name=\"robots\" content=\"index, follow, max-snippet:-1, max-image-preview:large, max-video-preview:-1\" \/>\n<link rel=\"canonical\" href=\"https:\/\/www.tratekyapi.com\/cati-yalitim-sistemleri\/\" \/>\n<meta property=\"og:locale\" content=\"en_US\" \/>\n<meta property=\"og:type\" content=\"article\" \/>\n<meta property=\"og:title\" content=\"\u10e1\u10d0\u10ee\u10e3\u10e0\u10d0\u10d5\u10d8\u10e1 \u10e1\u10d0\u10d8\u10d6\u10dd\u10da\u10d0\u10ea\u10d8\u10dd \u10e1\u10d8\u10e1\u10e2\u10d4\u10db\u10d4\u10d1\u10d8 | Tratek Yap\u0131 M\u00fchendislik\" \/>\n<meta property=\"og:url\" content=\"https:\/\/www.tratekyapi.com\/cati-yalitim-sistemleri\/\" \/>\n<meta property=\"og:site_name\" content=\"Tratek Yap\u0131 M\u00fchendislik\" \/>\n<meta property=\"article:modified_time\" content=\"2023-08-06T16:48:05+00:00\" \/>\n<meta name=\"twitter:card\" content=\"summary_large_image\" \/>\n<script type=\"application\/ld+json\" class=\"yoast-schema-graph\">{\"@context\":\"https:\/\/schema.org\",\"@graph\":[{\"@type\":\"WebPage\",\"@id\":\"https:\/\/www.tratekyapi.com\/cati-yalitim-sistemleri\/\",\"url\":\"https:\/\/www.tratekyapi.com\/cati-yalitim-sistemleri\/\",\"name\":\"\u10e1\u10d0\u10ee\u10e3\u10e0\u10d0\u10d5\u10d8\u10e1 \u10e1\u10d0\u10d8\u10d6\u10dd\u10da\u10d0\u10ea\u10d8\u10dd \u10e1\u10d8\u10e1\u10e2\u10d4\u10db\u10d4\u10d1\u10d8 | Tratek Yap\u0131 M\u00fchendislik\",\"isPartOf\":{\"@id\":\"https:\/\/www.tratekyapi.com\/#website\"},\"datePublished\":\"2022-11-17T10:35:01+00:00\",\"dateModified\":\"2023-08-06T16:48:05+00:00\",\"breadcrumb\":{\"@id\":\"https:\/\/www.tratekyapi.com\/cati-yalitim-sistemleri\/#breadcrumb\"},\"inLanguage\":\"ge-GE\",\"potentialAction\":[{\"@type\":\"ReadAction\",\"target\":[\"https:\/\/www.tratekyapi.com\/cati-yalitim-sistemleri\/\"]}]},{\"@type\":\"BreadcrumbList\",\"@id\":\"https:\/\/www.tratekyapi.com\/cati-yalitim-sistemleri\/#breadcrumb\",\"itemListElement\":[{\"@type\":\"ListItem\",\"position\":1,\"name\":\"Anasayfa\",\"item\":\"https:\/\/www.tratekyapi.com\/\"},{\"@type\":\"ListItem\",\"position\":2,\"name\":\"\u10e1\u10d0\u10ee\u10e3\u10e0\u10d0\u10d5\u10d8\u10e1 \u10e1\u10d0\u10d8\u10d6\u10dd\u10da\u10d0\u10ea\u10d8\u10dd \u10e1\u10d8\u10e1\u10e2\u10d4\u10db\u10d4\u10d1\u10d8\"}]},{\"@type\":\"WebSite\",\"@id\":\"https:\/\/www.tratekyapi.com\/#website\",\"url\":\"https:\/\/www.tratekyapi.com\/\",\"name\":\"Tratek Yap\u0131 M\u00fchendislik\",\"description\":\"Trabzon Tratek Yap M\u00fchendislik\",\"publisher\":{\"@id\":\"https:\/\/www.tratekyapi.com\/#organization\"},\"potentialAction\":[{\"@type\":\"SearchAction\",\"target\":{\"@type\":\"EntryPoint\",\"urlTemplate\":\"https:\/\/www.tratekyapi.com\/?s={search_term_string}\"},\"query-input\":{\"@type\":\"PropertyValueSpecification\",\"valueRequired\":true,\"valueName\":\"search_term_string\"}}],\"inLanguage\":\"ge-GE\"},{\"@type\":\"Organization\",\"@id\":\"https:\/\/www.tratekyapi.com\/#organization\",\"name\":\"Tratek Yap\u0131\",\"url\":\"https:\/\/www.tratekyapi.com\/\",\"logo\":{\"@type\":\"ImageObject\",\"inLanguage\":\"ge-GE\",\"@id\":\"https:\/\/www.tratekyapi.com\/#\/schema\/logo\/image\/\",\"url\":\"https:\/\/www.tratekyapi.com\/wp-content\/uploads\/2021\/07\/tratek_logo.png\",\"contentUrl\":\"https:\/\/www.tratekyapi.com\/wp-content\/uploads\/2021\/07\/tratek_logo.png\",\"width\":500,\"height\":240,\"caption\":\"Tratek Yap\u0131\"},\"image\":{\"@id\":\"https:\/\/www.tratekyapi.com\/#\/schema\/logo\/image\/\"}}]}<\/script>\n<!-- \/ Yoast SEO plugin. -->","yoast_head_json":{"title":"\u10e1\u10d0\u10ee\u10e3\u10e0\u10d0\u10d5\u10d8\u10e1 \u10e1\u10d0\u10d8\u10d6\u10dd\u10da\u10d0\u10ea\u10d8\u10dd \u10e1\u10d8\u10e1\u10e2\u10d4\u10db\u10d4\u10d1\u10d8 | Tratek Yap\u0131 M\u00fchendislik","robots":{"index":"index","follow":"follow","max-snippet":"max-snippet:-1","max-image-preview":"max-image-preview:large","max-video-preview":"max-video-preview:-1"},"canonical":"https:\/\/www.tratekyapi.com\/cati-yalitim-sistemleri\/","og_locale":"en_US","og_type":"article","og_title":"\u10e1\u10d0\u10ee\u10e3\u10e0\u10d0\u10d5\u10d8\u10e1 \u10e1\u10d0\u10d8\u10d6\u10dd\u10da\u10d0\u10ea\u10d8\u10dd \u10e1\u10d8\u10e1\u10e2\u10d4\u10db\u10d4\u10d1\u10d8 | Tratek Yap\u0131 M\u00fchendislik","og_url":"https:\/\/www.tratekyapi.com\/cati-yalitim-sistemleri\/","og_site_name":"Tratek Yap\u0131 M\u00fchendislik","article_modified_time":"2023-08-06T16:48:05+00:00","twitter_card":"summary_large_image","schema":{"@context":"https:\/\/schema.org","@graph":[{"@type":"WebPage","@id":"https:\/\/www.tratekyapi.com\/cati-yalitim-sistemleri\/","url":"https:\/\/www.tratekyapi.com\/cati-yalitim-sistemleri\/","name":"\u10e1\u10d0\u10ee\u10e3\u10e0\u10d0\u10d5\u10d8\u10e1 \u10e1\u10d0\u10d8\u10d6\u10dd\u10da\u10d0\u10ea\u10d8\u10dd \u10e1\u10d8\u10e1\u10e2\u10d4\u10db\u10d4\u10d1\u10d8 | Tratek Yap\u0131 M\u00fchendislik","isPartOf":{"@id":"https:\/\/www.tratekyapi.com\/#website"},"datePublished":"2022-11-17T10:35:01+00:00","dateModified":"2023-08-06T16:48:05+00:00","breadcrumb":{"@id":"https:\/\/www.tratekyapi.com\/cati-yalitim-sistemleri\/#breadcrumb"},"inLanguage":"ge-GE","potentialAction":[{"@type":"ReadAction","target":["https:\/\/www.tratekyapi.com\/cati-yalitim-sistemleri\/"]}]},{"@type":"BreadcrumbList","@id":"https:\/\/www.tratekyapi.com\/cati-yalitim-sistemleri\/#breadcrumb","itemListElement":[{"@type":"ListItem","position":1,"name":"Anasayfa","item":"https:\/\/www.tratekyapi.com\/"},{"@type":"ListItem","position":2,"name":"\u10e1\u10d0\u10ee\u10e3\u10e0\u10d0\u10d5\u10d8\u10e1 \u10e1\u10d0\u10d8\u10d6\u10dd\u10da\u10d0\u10ea\u10d8\u10dd \u10e1\u10d8\u10e1\u10e2\u10d4\u10db\u10d4\u10d1\u10d8"}]},{"@type":"WebSite","@id":"https:\/\/www.tratekyapi.com\/#website","url":"https:\/\/www.tratekyapi.com\/","name":"Tratek Yap\u0131 M\u00fchendislik","description":"Trabzon Tratek Yap M\u00fchendislik","publisher":{"@id":"https:\/\/www.tratekyapi.com\/#organization"},"potentialAction":[{"@type":"SearchAction","target":{"@type":"EntryPoint","urlTemplate":"https:\/\/www.tratekyapi.com\/?s={search_term_string}"},"query-input":{"@type":"PropertyValueSpecification","valueRequired":true,"valueName":"search_term_string"}}],"inLanguage":"ge-GE"},{"@type":"Organization","@id":"https:\/\/www.tratekyapi.com\/#organization","name":"Tratek Yap\u0131","url":"https:\/\/www.tratekyapi.com\/","logo":{"@type":"ImageObject","inLanguage":"ge-GE","@id":"https:\/\/www.tratekyapi.com\/#\/schema\/logo\/image\/","url":"https:\/\/www.tratekyapi.com\/wp-content\/uploads\/2021\/07\/tratek_logo.png","contentUrl":"https:\/\/www.tratekyapi.com\/wp-content\/uploads\/2021\/07\/tratek_logo.png","width":500,"height":240,"caption":"Tratek Yap\u0131"},"image":{"@id":"https:\/\/www.tratekyapi.com\/#\/schema\/logo\/image\/"}}]}},"_links":{"self":[{"href":"https:\/\/www.tratekyapi.com\/ge\/wp-json\/wp\/v2\/pages\/1546","targetHints":{"allow":["GET"]}}],"collection":[{"href":"https:\/\/www.tratekyapi.com\/ge\/wp-json\/wp\/v2\/pages"}],"about":[{"href":"https:\/\/www.tratekyapi.com\/ge\/wp-json\/wp\/v2\/types\/page"}],"author":[{"embeddable":true,"href":"https:\/\/www.tratekyapi.com\/ge\/wp-json\/wp\/v2\/users\/1"}],"replies":[{"embeddable":true,"href":"https:\/\/www.tratekyapi.com\/ge\/wp-json\/wp\/v2\/comments?post=1546"}],"version-history":[{"count":2,"href":"https:\/\/www.tratekyapi.com\/ge\/wp-json\/wp\/v2\/pages\/1546\/revisions"}],"predecessor-version":[{"id":1548,"href":"https:\/\/www.tratekyapi.com\/ge\/wp-json\/wp\/v2\/pages\/1546\/revisions\/1548"}],"wp:attachment":[{"href":"https:\/\/www.tratekyapi.com\/ge\/wp-json\/wp\/v2\/media?parent=1546"}],"curies":[{"name":"wp","href":"https:\/\/api.w.org\/{rel}","templated":true}]}}